{"id":119498,"date":"2022-04-28T00:00:00","date_gmt":"2022-04-28T05:00:00","guid":{"rendered":"https:\/\/gpl-love.com\/es\/?post_type=product&#038;p=119498"},"modified":"2026-04-10T11:23:24","modified_gmt":"2026-04-10T16:23:24","slug":"resume-wordpress-theme","status":"publish","type":"product","link":"https:\/\/gpl-love.com\/es\/producto\/resume-wordpress-theme\/","title":{"rendered":"Resume WordPress Theme 2.0.4"},"content":{"rendered":"<h3>Resume WordPress Theme Caracteristicas<\/h3>\n<p>El tema del curr\u00edculum WordPress es una herramienta excepcional para los profesionales que desean promover sus habilidades y experiencia mediante una presencia en l\u00ednea cautivadora y pulida. Con su dise\u00f1o elegante y contempor\u00e1neo, este tema sirve como la opci\u00f3n ideal para construir un sitio web de curr\u00edculum notable que es est\u00e9ticamente agradable y f\u00e1cil de usar. Al ofrecer secciones personalizables y una variedad de opciones de dise\u00f1o, las personas pueden mostrar sin esfuerzo su experiencia laboral, educaci\u00f3n y habilidades m\u00e1s pertinentes. Adem\u00e1s, este tema incorpora varios widgets y complementos que facilitan la integraci\u00f3n sin esfuerzo con las plataformas de redes sociales, lo que permite a los usuarios expandir su red y potencialmente cautivar el inter\u00e9s de los posibles empleadores. En esencia, el tema del curr\u00edculum WordPress es un activo indispensable para cualquier persona que tenga como objetivo avanzar en su carrera y distinguirse dentro de un mercado laboral ferozmente competitivo.<\/p>\n<ul>\n<li>Un tema de curr\u00edculum profesional y llamativo para WordPress<\/li>\n<li>F\u00e1cil de personalizar y actualizar con la funcionalidad de arrastrar y soltar<\/li>\n<li>Dise\u00f1o de respuesta m\u00f3vil para una visualizaci\u00f3n \u00f3ptima en todos los dispositivos<\/li>\n<li>Opciones de dise\u00f1o personalizables que incluyen una variedad de dise\u00f1os de encabezados, opciones de barra lateral y plantillas de ancho completo<\/li>\n<li>Incluye secciones para educaci\u00f3n, experiencia laboral, habilidades y referencias.<\/li>\n<li>SEO optimizado para una mejor clasificaci\u00f3n de motores de b\u00fasqueda<\/li>\n<li>M\u00faltiples esquemas de color para elegir<\/li>\n<li>Formulario de contacto incorporado para que los empleadores potenciales se comuniquen con<\/li>\n<li>Integraci\u00f3n de redes sociales para compartir su curr\u00edculum con su red<\/li>\n<li>Compatible con complementos populares de WordPress para una funcionalidad adicional<\/li>\n<\/ul>\n","protected":false},"excerpt":{"rendered":"<p>El tema de la entrada de WordPress cuenta con un dise\u00f1o elegante y contempor\u00e1neo que es ideal para personas que buscan hacer alarde de su experiencia profesional y su amplia experiencia. Con su variedad de opciones de personalizaci\u00f3n, este tema permite a los usuarios dise\u00f1ar un curr\u00edculum en l\u00ednea notable que sin duda aumentar\u00e1 sus posibilidades de asegurar su codiciado trabajo de ensue\u00f1o. Exhibiendo un dise\u00f1o receptivo, esquemas de color personalizables y elementos de constructor de p\u00e1ginas f\u00e1ciles de usar, el curr\u00edculum de entrada WordPress Tema surge inequ\u00edvocamente como la selecci\u00f3n por excelencia para aquellos que anhelan establecer una personalidad en l\u00ednea din\u00e1mica y pulida.<\/p>\n","protected":false},"featured_media":167367,"comment_status":"open","ping_status":"open","template":"","meta":[],"product_brand":[2363],"product_cat":[1267,1237,1238],"product_tag":[2224],"class_list":{"0":"post-119498","1":"product","2":"type-product","3":"status-publish","4":"has-post-thumbnail","6":"product_brand-visualmodo","7":"product_cat-creativo","8":"product_cat-temas","9":"product_cat-wordpress-temas","10":"product_tag-visualmodo","11":"member-discount","12":"discount-restricted","14":"first","15":"instock","16":"sale","17":"downloadable","18":"virtual","19":"sold-individually","20":"purchasable","21":"product-type-simple"},"_links":{"self":[{"href":"https:\/\/gpl-love.com\/es\/wp-json\/wp\/v2\/product\/119498","targetHints":{"allow":["GET"]}}],"collection":[{"href":"https:\/\/gpl-love.com\/es\/wp-json\/wp\/v2\/product"}],"about":[{"href":"https:\/\/gpl-love.com\/es\/wp-json\/wp\/v2\/types\/product"}],"replies":[{"embeddable":true,"href":"https:\/\/gpl-love.com\/es\/wp-json\/wp\/v2\/comments?post=119498"}],"wp:featuredmedia":[{"embeddable":true,"href":"https:\/\/gpl-love.com\/es\/wp-json\/wp\/v2\/media\/167367"}],"wp:attachment":[{"href":"https:\/\/gpl-love.com\/es\/wp-json\/wp\/v2\/media?parent=119498"}],"wp:term":[{"taxonomy":"product_brand","embeddable":true,"href":"https:\/\/gpl-love.com\/es\/wp-json\/wp\/v2\/product_brand?post=119498"},{"taxonomy":"product_cat","embeddable":true,"href":"https:\/\/gpl-love.com\/es\/wp-json\/wp\/v2\/product_cat?post=119498"},{"taxonomy":"product_tag","embeddable":true,"href":"https:\/\/gpl-love.com\/es\/wp-json\/wp\/v2\/product_tag?post=119498"}],"curies":[{"name":"wp","href":"https:\/\/api.w.org\/{rel}","templated":true}]}}