{"id":119494,"date":"2022-04-28T00:00:00","date_gmt":"2022-04-28T05:00:00","guid":{"rendered":"https:\/\/gpl-love.com\/es\/?post_type=product&#038;p=119494"},"modified":"2026-03-13T17:18:14","modified_gmt":"2026-03-13T22:18:14","slug":"cryptocurrency-wordpress-theme","status":"publish","type":"product","link":"https:\/\/gpl-love.com\/es\/producto\/cryptocurrency-wordpress-theme\/","title":{"rendered":"Cryptocurrency WordPress Theme 2.0.4"},"content":{"rendered":"<h3>Cryptocurrency WordPress Theme Caracteristicas<\/h3>\n<p>Dise\u00f1ado espec\u00edficamente para personas que buscan crear un sitio web dentro del \u00e1mbito de la criptomoneda, el tema de la criptomoneda de WordPress sirve como una soluci\u00f3n ideal. Con su dise\u00f1o contempor\u00e1neo y elegante, este tema no solo cautiva a los usuarios visualmente, sino que tambi\u00e9n garantiza una experiencia f\u00e1cil de usar. Adem\u00e1s, el tema cuenta con plena capacidad de respuesta, asegurando que su encanto permanezca intacto en todos los dispositivos. Acompa\u00f1ado de una extensa gama de opciones de personalizaci\u00f3n, a los usuarios se les otorga la capacidad de optimizar el dise\u00f1o a sus especificaciones \u00fanicas. Para mejorar a\u00fan m\u00e1s su atractivo, el tema ha sido meticulosamente optimizado para el SEO, facilitando as\u00ed el descubrimiento f\u00e1cil de los motores de b\u00fasqueda. Adem\u00e1s, el tema abarca una gran cantidad de caracter\u00edsticas que atienden a sitios web de criptomonedas, incluido el soporte para m\u00faltiples criptomonedas, un convertidor de divisas incorporado, as\u00ed como la capacidad de exhibir precios en tiempo real y datos de mercado. Ya sea que sea un inversor, comerciante o simplemente interesado en el mundo de la criptomoneda en constante evoluci\u00f3n, el tema de la criptomoneda de WordPress funciona como la herramienta por excelencia para manifestar un sitio web de grado profesional.<\/p>\n<ul>\n<li>Construido espec\u00edficamente para crear sitios web relacionados con criptomonedas y tecnolog\u00eda blockchain<\/li>\n<li>Presenta un dise\u00f1o moderno y elegante para mostrar su contenido<\/li>\n<li>Personalizable y f\u00e1cil de usar con constructores de p\u00e1ginas de arrastrar y soltar<\/li>\n<li>Incluye varias plantillas prefabricadas para una configuraci\u00f3n f\u00e1cil y r\u00e1pida.<\/li>\n<li>Optimizado para motores de b\u00fasqueda para ayudar a los usuarios a encontrar su sitio m\u00e1s f\u00e1cilmente<\/li>\n<li>La navegaci\u00f3n intuitiva y la estructura del men\u00fa facilitan que los visitantes encuentren lo que est\u00e1n buscando<\/li>\n<li>Admite m\u00faltiples criptomonedas fuera de la caja<\/li>\n<li>Incluye widgets y herramientas incorporados para mostrar precios de criptomonedas en vivo y noticias<\/li>\n<li>El dise\u00f1o receptivo asegura que su sitio se vea genial en todos los dispositivos, desde escritorio hasta m\u00f3vil<\/li>\n<li>Viene con documentaci\u00f3n integral y soporte dedicado para ayudar a principiantes y usuarios avanzados por igual.<\/li>\n<\/ul>\n","protected":false},"excerpt":{"rendered":"<p>Latar el poder del mundo de las finanzas digitales con nuestro tema de criptomonedas de WordPress. Este poderoso tema rico en funciones est\u00e1 dise\u00f1ado espec\u00edficamente para sitios web de criptomonedas, que proporciona una plataforma elegante y moderna para exhibir sus proyectos de moneda digital. Integrado con un ticker de precio de criptomonedas en tiempo real, permite a los usuarios mantenerse informados sobre las \u00faltimas tendencias del mercado. El tema incluye un convertidor de criptomonedas f\u00e1cil de usar, asegurando que los visitantes puedan traducir sin problemas los valores de divisas. La compatibilidad del tema con WooCommerce permite transacciones en l\u00ednea sin problemas. Con un dise\u00f1o receptivo, los usuarios pueden navegar su sitio web sin esfuerzo en cualquier dispositivo. Aproveche nuestro tema de WordPress de criptomonedas para elevar su negocio de moneda digital e involucrar a su audiencia como nunca antes.<\/p>\n","protected":false},"featured_media":165685,"comment_status":"open","ping_status":"open","template":"","meta":[],"product_brand":[2363],"product_cat":[1307,1237,1238],"product_tag":[2224],"class_list":{"0":"post-119494","1":"product","2":"type-product","3":"status-publish","4":"has-post-thumbnail","6":"product_brand-visualmodo","7":"product_cat-negocio-wordpress-temas","8":"product_cat-temas","9":"product_cat-wordpress-temas","10":"product_tag-visualmodo","11":"member-discount","12":"discount-restricted","14":"first","15":"instock","16":"sale","17":"downloadable","18":"virtual","19":"sold-individually","20":"purchasable","21":"product-type-simple"},"_links":{"self":[{"href":"https:\/\/gpl-love.com\/es\/wp-json\/wp\/v2\/product\/119494","targetHints":{"allow":["GET"]}}],"collection":[{"href":"https:\/\/gpl-love.com\/es\/wp-json\/wp\/v2\/product"}],"about":[{"href":"https:\/\/gpl-love.com\/es\/wp-json\/wp\/v2\/types\/product"}],"replies":[{"embeddable":true,"href":"https:\/\/gpl-love.com\/es\/wp-json\/wp\/v2\/comments?post=119494"}],"wp:featuredmedia":[{"embeddable":true,"href":"https:\/\/gpl-love.com\/es\/wp-json\/wp\/v2\/media\/165685"}],"wp:attachment":[{"href":"https:\/\/gpl-love.com\/es\/wp-json\/wp\/v2\/media?parent=119494"}],"wp:term":[{"taxonomy":"product_brand","embeddable":true,"href":"https:\/\/gpl-love.com\/es\/wp-json\/wp\/v2\/product_brand?post=119494"},{"taxonomy":"product_cat","embeddable":true,"href":"https:\/\/gpl-love.com\/es\/wp-json\/wp\/v2\/product_cat?post=119494"},{"taxonomy":"product_tag","embeddable":true,"href":"https:\/\/gpl-love.com\/es\/wp-json\/wp\/v2\/product_tag?post=119494"}],"curies":[{"name":"wp","href":"https:\/\/api.w.org\/{rel}","templated":true}]}}