{"id":119492,"date":"2022-04-28T00:00:00","date_gmt":"2022-04-28T05:00:00","guid":{"rendered":"https:\/\/gpl-love.com\/es\/?post_type=product&#038;p=119492"},"modified":"2026-04-10T11:19:49","modified_gmt":"2026-04-10T16:19:49","slug":"nonprofit-wordpress-theme","status":"publish","type":"product","link":"https:\/\/gpl-love.com\/es\/producto\/nonprofit-wordpress-theme\/","title":{"rendered":"Nonprofit WordPress Theme 2.0.4"},"content":{"rendered":"<h3>Nonprofit WordPress Theme Caracteristicas<\/h3>\n<p>El tema de WordPress sin fines de lucro demuestra ser una soluci\u00f3n que abarca todo para las organizaciones sin fines de lucro que buscan establecer un sitio web robusto y sofisticado. Hecho exclusivamente para organizaciones sin fines de lucro, este tema incorpora todas las caracter\u00edsticas y herramientas esenciales necesarias para mostrar de manera efectiva la misi\u00f3n, los objetivos y los logros de uno. Ofreciendo opciones de personalizaci\u00f3n f\u00e1cil de usar, se puede modificar y personalizar f\u00e1cilmente su sitio web para alinearse con la marca y el estilo de su organizaci\u00f3n. Adem\u00e1s, este tema abarca una gran cantidad de caracter\u00edsticas que incluyen formularios de donaci\u00f3n, calendarios de eventos, formularios de registro de voluntarios y m\u00e1s, facilitando as\u00ed operaciones simplificadas y fomentando un compromiso efectivo con el p\u00fablico objetivo. Para las organizaciones sin fines de lucro que desean forjar una presencia en l\u00ednea dominante que los impulse hacia sus objetivos y objetivos, este tema de WordPress sirve como una opci\u00f3n ideal.<\/p>\n<ul>\n<li>Dise\u00f1o receptivo para dispositivos de escritorio y m\u00f3viles<\/li>\n<li>P\u00e1gina de inicio personalizable con botones de donaci\u00f3n y llamadas a la acci\u00f3n<\/li>\n<li>Calendario de eventos incorporado con funcionalidad RSVP<\/li>\n<li>Herramientas de gesti\u00f3n de donaciones integradas<\/li>\n<li>Soporte para donaciones recurrentes y pasarelas de pago m\u00faltiples<\/li>\n<li>P\u00e1ginas dedicadas para exhibir impacto, miembros del equipo y patrocinadores\/socios<\/li>\n<li>Plantillas predise\u00f1adas para publicaciones de blog, actualizaciones de noticias y testimonios<\/li>\n<li>Sistema de gesti\u00f3n de contenido f\u00e1cil de usar para actualizar y editar contenido del sitio web<\/li>\n<li>Estructura amigable para SEO para mejorar la visibilidad del motor de b\u00fasqueda<\/li>\n<li>Compatibilidad con complementos populares de WordPress para una funcionalidad mejorada<\/li>\n<li>Recursos dedicados de atenci\u00f3n al cliente y documentaci\u00f3n.<\/li>\n<\/ul>\n","protected":false},"excerpt":{"rendered":"<p>El tema sin fines de lucro de WordPress, que ha sido meticulosamente elaborado para organizaciones sin fines de lucro, ofrece una plantilla perfecta y modificable que exuda facilidad de uso. Este tema est\u00e1 adornado con un dise\u00f1o de vanguardia y contempor\u00e1neo, junto con una variedad de funcionalidades impresionantes que incluyen un calendario de eventos, un rastreador de donaci\u00f3n y un sistema de gesti\u00f3n de voluntarios. Como resultado, facilita sin esfuerzo la conexi\u00f3n entre las organizaciones sin fines de lucro y sus seguidores, promoviendo un flujo de trabajo operativo optimizado y finalmente amplificando su impacto. Independientemente de si pertenece a una startup de base incipiente o una organizaci\u00f3n sin fines de lucro de larga data y estimada, este tema sirve como una plataforma excepcional para exhibir su misi\u00f3n y participar activamente con su comunidad vibrante.<\/p>\n","protected":false},"featured_media":167060,"comment_status":"open","ping_status":"open","template":"","meta":[],"product_brand":[2363],"product_cat":[1267,1237,1238],"product_tag":[2224],"class_list":{"0":"post-119492","1":"product","2":"type-product","3":"status-publish","4":"has-post-thumbnail","6":"product_brand-visualmodo","7":"product_cat-creativo","8":"product_cat-temas","9":"product_cat-wordpress-temas","10":"product_tag-visualmodo","11":"member-discount","12":"discount-restricted","14":"first","15":"instock","16":"sale","17":"downloadable","18":"virtual","19":"sold-individually","20":"purchasable","21":"product-type-simple"},"_links":{"self":[{"href":"https:\/\/gpl-love.com\/es\/wp-json\/wp\/v2\/product\/119492","targetHints":{"allow":["GET"]}}],"collection":[{"href":"https:\/\/gpl-love.com\/es\/wp-json\/wp\/v2\/product"}],"about":[{"href":"https:\/\/gpl-love.com\/es\/wp-json\/wp\/v2\/types\/product"}],"replies":[{"embeddable":true,"href":"https:\/\/gpl-love.com\/es\/wp-json\/wp\/v2\/comments?post=119492"}],"wp:featuredmedia":[{"embeddable":true,"href":"https:\/\/gpl-love.com\/es\/wp-json\/wp\/v2\/media\/167060"}],"wp:attachment":[{"href":"https:\/\/gpl-love.com\/es\/wp-json\/wp\/v2\/media?parent=119492"}],"wp:term":[{"taxonomy":"product_brand","embeddable":true,"href":"https:\/\/gpl-love.com\/es\/wp-json\/wp\/v2\/product_brand?post=119492"},{"taxonomy":"product_cat","embeddable":true,"href":"https:\/\/gpl-love.com\/es\/wp-json\/wp\/v2\/product_cat?post=119492"},{"taxonomy":"product_tag","embeddable":true,"href":"https:\/\/gpl-love.com\/es\/wp-json\/wp\/v2\/product_tag?post=119492"}],"curies":[{"name":"wp","href":"https:\/\/api.w.org\/{rel}","templated":true}]}}