{"id":119490,"date":"2024-04-17T00:00:00","date_gmt":"2024-04-17T05:00:00","guid":{"rendered":"https:\/\/gpl-love.com\/es\/?post_type=product&#038;p=119490"},"modified":"2026-03-09T08:29:15","modified_gmt":"2026-03-09T13:29:15","slug":"wp-reactions-pro","status":"publish","type":"product","link":"https:\/\/gpl-love.com\/es\/producto\/wp-reactions-pro\/","title":{"rendered":"WP Reactions Pro 3.1.14"},"content":{"rendered":"<h3>WP Reactions Pro Caracteristicas<\/h3>\n<p>WP Reactions Pro, un complemento de WordPress excepcionalmente poderoso, ha sido meticulosamente elaborado para elevar la participaci\u00f3n e interacci\u00f3n del usuario en su estimado sitio web. Al integrar este complemento extraordinario en su sitio web, se le otorgar\u00e1 la notable capacidad de agregar una variedad diversa de botones de reacci\u00f3n a su contenido cautivador, lo que le brinda a sus estimados usuarios la incomparable oportunidad de articular sus sentimientos sinceros y opiniones valiosas con una mera. Solitario clic. Este maravilloso complemento rico en funciones, con un extenso repertorio de opciones de personalizaci\u00f3n, le facilita la mano de una mir\u00edada de estilos de botones, animaciones y esquemas de color resplandecientes, asegurando as\u00ed una integraci\u00f3n perfectamente armoniosa con la esencia est\u00e9tica de su sitio web estimado. Una faceta notable de las reacciones de WP pro tiene su provisi\u00f3n de an\u00e1lisis meticuloso e informes inclusivos, proporcion\u00e1ndole la invaluable capacidad de monitorear con precisi\u00f3n la participaci\u00f3n del usuario y refinar r\u00e1pidamente su estrategia de contenido meticulosamente elaborada. Independientemente de si alberga un ferviente deseo de mejorar la participaci\u00f3n del usuario, intensifica el cociente de intercambio social de su estimado sitio web, o simplemente anhela infundir un elemento de pura alegr\u00eda e interactividad, las reacciones WP pro emergen como la verdadera panacea, preparada para atender a todas sus necesidades y superan sus expectativas m\u00e1s salvajes.<\/p>\n<ul>\n<li>WP Reactions Pro es una herramienta poderosa y flexible que le permite agregar reacciones a sus publicaciones y p\u00e1ginas de WordPress con facilidad.<\/li>\n<li>Con WP Reacciones Pro, puede elegir entre una amplia gama de iconos de reacci\u00f3n de alta calidad, incluidos los emojis m\u00e1s populares e iconos dise\u00f1ados a medida.<\/li>\n<li>Este complemento es altamente personalizable, lo que le permite cambiar el tama\u00f1o y la posici\u00f3n de sus iconos de reacci\u00f3n, as\u00ed como los efectos de animaci\u00f3n que ocurren cuando un usuario hace clic en ellos.<\/li>\n<li>WP Reactions Pro facilita el seguimiento y analizar las interacciones del usuario con su contenido, proporcion\u00e1ndole estad\u00edsticas detalladas sobre qu\u00e9 reacciones son las m\u00e1s populares y qu\u00e9 p\u00e1ginas o publicaciones reciben la mayor participaci\u00f3n.<\/li>\n<li>Tambi\u00e9n puede usar WP Reactions Pro para crear reacciones personalizadas adaptadas a su sitio web o marca espec\u00edfico, lo que le brinda una forma \u00fanica de interactuar con su audiencia y construir su comunidad en l\u00ednea.<\/li>\n<li>Ya sea que est\u00e9 buscando mejorar la experiencia de usuario de su sitio web, aumentar el compromiso o simplemente agregar un toque de diversi\u00f3n y tala a su contenido, WP Reactions Pro es la soluci\u00f3n perfecta.<\/li>\n<\/ul>\n","protected":false},"excerpt":{"rendered":"<p>WP Reactions Pro es un complemento de WordPress notablemente robusto que presenta a los propietarios de sitios web la oportunidad de incorporar perfectamente un sistema de reacci\u00f3n totalmente personalizable en sus diversas publicaciones y p\u00e1ginas, mejorando as\u00ed la experiencia general del usuario. A trav\u00e9s de la utilizaci\u00f3n de esta herramienta f\u00e1cil de usar, los visitantes est\u00e1n facultados para comunicar efectivamente sus sentimientos hacia el contenido en cuesti\u00f3n por medio de emoticones y comentarios. Adem\u00e1s, este complemento ofrece la caracter\u00edstica invaluable de los an\u00e1lisis en tiempo real, lo que permite el monitoreo meticuloso de los niveles de participaci\u00f3n del usuario y la identificaci\u00f3n de contenido que funciona excepcionalmente bien. WP Reactions Pro, por lo tanto, es un instrumento de marketing sobresaliente que resulta particularmente beneficioso para empresas y blogueros por igual, ya que estimula efectivamente la participaci\u00f3n del usuario y contribuye a la mejora general del rendimiento del sitio web.<\/p>\n","protected":false},"featured_media":168428,"comment_status":"open","ping_status":"open","template":"","meta":[],"product_brand":[2631],"product_cat":[1232,1206,1211],"product_tag":[2225],"class_list":{"0":"post-119490","1":"product","2":"type-product","3":"status-publish","4":"has-post-thumbnail","6":"product_brand-wp-reactions","7":"product_cat-marketing-wordpress-plugins","8":"product_cat-plugins","9":"product_cat-wordpress-plugins","10":"product_tag-wp-reactions","11":"member-discount","12":"discount-restricted","14":"first","15":"instock","16":"sale","17":"downloadable","18":"virtual","19":"sold-individually","20":"purchasable","21":"product-type-simple"},"_links":{"self":[{"href":"https:\/\/gpl-love.com\/es\/wp-json\/wp\/v2\/product\/119490","targetHints":{"allow":["GET"]}}],"collection":[{"href":"https:\/\/gpl-love.com\/es\/wp-json\/wp\/v2\/product"}],"about":[{"href":"https:\/\/gpl-love.com\/es\/wp-json\/wp\/v2\/types\/product"}],"replies":[{"embeddable":true,"href":"https:\/\/gpl-love.com\/es\/wp-json\/wp\/v2\/comments?post=119490"}],"wp:featuredmedia":[{"embeddable":true,"href":"https:\/\/gpl-love.com\/es\/wp-json\/wp\/v2\/media\/168428"}],"wp:attachment":[{"href":"https:\/\/gpl-love.com\/es\/wp-json\/wp\/v2\/media?parent=119490"}],"wp:term":[{"taxonomy":"product_brand","embeddable":true,"href":"https:\/\/gpl-love.com\/es\/wp-json\/wp\/v2\/product_brand?post=119490"},{"taxonomy":"product_cat","embeddable":true,"href":"https:\/\/gpl-love.com\/es\/wp-json\/wp\/v2\/product_cat?post=119490"},{"taxonomy":"product_tag","embeddable":true,"href":"https:\/\/gpl-love.com\/es\/wp-json\/wp\/v2\/product_tag?post=119490"}],"curies":[{"name":"wp","href":"https:\/\/api.w.org\/{rel}","templated":true}]}}