{"id":119449,"date":"2021-11-15T00:00:00","date_gmt":"2021-11-15T05:00:00","guid":{"rendered":"https:\/\/gpl-love.com\/es\/?post_type=product&#038;p=119449"},"modified":"2026-03-09T07:38:53","modified_gmt":"2026-03-09T12:38:53","slug":"go-night-pro-dark-mode-night-mode-wordpress-plugin","status":"publish","type":"product","link":"https:\/\/gpl-love.com\/es\/producto\/go-night-pro-dark-mode-night-mode-wordpress-plugin\/","title":{"rendered":"Go Night Pro Dark Mode Night Mode WordPress Plugin 1.1.2"},"content":{"rendered":"<h3>Go Night Pro Dark Mode Night Mode WordPress Plugin Caracteristicas<\/h3>\n<p>El complemento Go Night Pro Dark Mode Night Mode WordPress es una herramienta extremadamente potente que posee la capacidad de transformar su sitio web en un encuentro significativamente m\u00e1s est\u00e9ticamente agradable y f\u00e1cil de usar para sus estimados visitantes. Con una variedad de caracter\u00edsticas sofisticadas a su disposici\u00f3n, este complemento le permite dise\u00f1ar sin esfuerzo una interpretaci\u00f3n de modo oscuro intrincadamente detallado o en modo nocturno de su sitio web con un solo pu\u00f1ado de clics. Follada a prop\u00f3sito para satisfacer las demandas cada vez mayores de los usuarios que albergan una fuerte preferencia por leer las interwebs en entornos caracterizados por una baja iluminaci\u00f3n o durante las horas nocturnas, la instalaci\u00f3n de este complemento es muy f\u00e1cil y puede estar perfectamente personalizado para alinearse perfectamente con el \u00fanico Dise\u00f1o de su sitio web, lo que lo convierte en una adici\u00f3n absolutamente excepcional al arsenal de herramientas de los propietarios de sitios web. La incorporaci\u00f3n del complemento GO Night Pro Dark Mode Night Mode WordPress en su dominio digital sin duda refinar\u00e1 y aumentar\u00e1 la experiencia del usuario de su sitio web, reforzando significativamente la usabilidad general de la plataforma en l\u00ednea antes mencionada.<\/p>\n<ul>\n<li>Habilita la opci\u00f3n de modo oscuro y modo nocturno para sitios web de WordPress<\/li>\n<li>Mejora la experiencia del usuario al reducir la fusi\u00f3n ocular en entornos de poca luz<\/li>\n<li>La configuraci\u00f3n personalizable permite la personalizaci\u00f3n de colores y fuentes para el modo oscuro<\/li>\n<li>Compatible con los temas y complementos m\u00e1s populares de WordPress<\/li>\n<li>F\u00e1cil instalaci\u00f3n y configuraci\u00f3n en solo unos pocos clics<\/li>\n<li>Interruptor r\u00e1pido de alternancia entre el modo oscuro y el modo de luz para los visitantes<\/li>\n<li>Disminuye el uso de energ\u00eda y ahorra duraci\u00f3n de la bater\u00eda para los usuarios m\u00f3viles<\/li>\n<li>Aumenta la accesibilidad e inclusi\u00f3n para aquellos con sensibilidad a las pantallas de alto brillo<\/li>\n<li>Proporciona un aspecto moderno, elegante y profesional a su sitio web con la funci\u00f3n de modo oscuro adicional.<\/li>\n<\/ul>\n","protected":false},"excerpt":{"rendered":"<p>El complemento Go Night Pro Dark Mode Night Mode WordPress, una herramienta esencial para aquellos que tienen como objetivo amplificar la experiencia del usuario en su sitio web, presenta una multitud de beneficios. Al alternar sin esfuerzo sus pantallas al modo oscuro, los usuarios pueden optimizar la legibilidad y aliviar la fatiga visual. Esta caracter\u00edstica resulta particularmente ventajosa para las personas que optan por sesiones de navegaci\u00f3n nocturna o poco iluminada. En particular, el proceso de instalaci\u00f3n sin problemas del complemento y la interfaz f\u00e1cil de usar otorgan a las personas la capacidad de adaptar la configuraci\u00f3n personalizable para adaptarse al estilo \u00fanico de su sitio web. Eleve la accesibilidad de su sitio web y optimice la facilidad de uso con la funcionalidad incomparable proporcionada por el complemento Go Night Pro Dark Mode Night Mode WordPress.<\/p>\n","protected":false},"featured_media":166268,"comment_status":"open","ping_status":"open","template":"","meta":[],"product_brand":[2339],"product_cat":[1214,1206,1211],"product_tag":[1256],"class_list":{"0":"post-119449","1":"product","2":"type-product","3":"status-publish","4":"has-post-thumbnail","6":"product_brand-codecanyon","7":"product_cat-personalizacion","8":"product_cat-plugins","9":"product_cat-wordpress-plugins","10":"product_tag-codecanyon","11":"member-discount","12":"discount-restricted","14":"first","15":"instock","16":"sale","17":"downloadable","18":"virtual","19":"sold-individually","20":"purchasable","21":"product-type-simple"},"_links":{"self":[{"href":"https:\/\/gpl-love.com\/es\/wp-json\/wp\/v2\/product\/119449","targetHints":{"allow":["GET"]}}],"collection":[{"href":"https:\/\/gpl-love.com\/es\/wp-json\/wp\/v2\/product"}],"about":[{"href":"https:\/\/gpl-love.com\/es\/wp-json\/wp\/v2\/types\/product"}],"replies":[{"embeddable":true,"href":"https:\/\/gpl-love.com\/es\/wp-json\/wp\/v2\/comments?post=119449"}],"wp:featuredmedia":[{"embeddable":true,"href":"https:\/\/gpl-love.com\/es\/wp-json\/wp\/v2\/media\/166268"}],"wp:attachment":[{"href":"https:\/\/gpl-love.com\/es\/wp-json\/wp\/v2\/media?parent=119449"}],"wp:term":[{"taxonomy":"product_brand","embeddable":true,"href":"https:\/\/gpl-love.com\/es\/wp-json\/wp\/v2\/product_brand?post=119449"},{"taxonomy":"product_cat","embeddable":true,"href":"https:\/\/gpl-love.com\/es\/wp-json\/wp\/v2\/product_cat?post=119449"},{"taxonomy":"product_tag","embeddable":true,"href":"https:\/\/gpl-love.com\/es\/wp-json\/wp\/v2\/product_tag?post=119449"}],"curies":[{"name":"wp","href":"https:\/\/api.w.org\/{rel}","templated":true}]}}