{"id":119447,"date":"2022-02-20T00:00:00","date_gmt":"2022-02-20T05:00:00","guid":{"rendered":"https:\/\/gpl-love.com\/es\/?post_type=product&#038;p=119447"},"modified":"2026-04-10T11:23:28","modified_gmt":"2026-04-10T16:23:28","slug":"revy-wordpress-booking-system-para-repair-service-industries","status":"publish","type":"product","link":"https:\/\/gpl-love.com\/es\/producto\/revy-wordpress-booking-system-para-repair-service-industries\/","title":{"rendered":"Revy WordPress booking system para repair service industries 1.7"},"content":{"rendered":"<h3>Revy WordPress booking system para repair service industries Caracteristicas<\/h3>\n<p>Revy es un complemento de WordPress innovador y de vanguardia que sirve como una herramienta poderosa para las industrias de servicios de reparaci\u00f3n, lo que les permite administrar sin esfuerzo sus intrincados sistemas de reserva. Este complemento ha sido meticulosamente dise\u00f1ado para optimizar y simplificar todo el proceso de reserva, otorgando a los clientes la flexibilidad y la conveniencia para programar citas sin esfuerzo en l\u00ednea en su propia conveniencia, independientemente del tiempo o el dispositivo que est\u00e1n utilizando. Con las capacidades notables de Revy, los proveedores de servicios pueden manejar sus horarios sin esfuerzo y eficientemente, asignar efectivamente a los miembros del personal a varias tareas y realizar un seguimiento diligente de todas sus citas con la mayor precisi\u00f3n y precisi\u00f3n, gracias a las notificaciones automatizadas que se entregan sin problemas a ambos a ambos. clientes y miembros del personal. La versatilidad extrema de este complemento tambi\u00e9n es altamente encomiable, ya que atiende las necesidades y preferencias espec\u00edficas de las diferentes empresas al ofrecer una amplia gama de opciones de personalizaci\u00f3n. Estas opciones permiten a las empresas ajustar sin esfuerzo su configuraci\u00f3n, mostrar efectivamente su diversa gama de servicios e incorporar sin esfuerzo varias opciones de precios, alineando en \u00faltima instancia el complemento con sus requisitos individualizados. Al encarnar el ep\u00edtome de la eficiencia y la efectividad, el sistema de reserva de WordPress Revy sirve como una herramienta invaluable e indispensable para las industrias de servicios de reparaci\u00f3n, lo que les permite mejorar sus capacidades organizacionales y ofrecer constantemente experiencias excepcionales de servicio al cliente.<\/p>\n<ul>\n<li>Permite una f\u00e1cil reserva en l\u00ednea de servicios de reparaci\u00f3n<\/li>\n<li>Se puede personalizar para adaptarse a varias industrias<\/li>\n<li>Ofrece notificaciones automatizadas y caracter\u00edsticas de recordatorio<\/li>\n<li>Proporciona herramientas de informes y anal\u00edticas<\/li>\n<li>Admite m\u00faltiples opciones de pago<\/li>\n<li>Puede integrarse con los sitios de WordPress existentes<\/li>\n<li>Ofrece capacidades de gesti\u00f3n del cliente<\/li>\n<li>Proporciona funciones de programaci\u00f3n y seguimiento de citas<\/li>\n<li>Proporciona un tablero f\u00e1cil de usar para proveedores de servicios<\/li>\n<li>Ofrece capacidad de respuesta m\u00f3vil para facilitar el acceso desde cualquier dispositivo<\/li>\n<\/ul>\n","protected":false},"excerpt":{"rendered":"<p>Revy, un complemento de WordPress excepcionalmente f\u00e1cil de usar meticulosamente elaborado para mejorar el proceso de reserva dentro de las industrias de servicios de reparaci\u00f3n, se esfuerza por revolucionar la forma en que se gestionan las citas. Al incorporar las caracter\u00edsticas innovadoras de los formularios y calendarios de reserva personalizables, este complemento excepcional facilita sin esfuerzo la coordinaci\u00f3n perfecta de citas, disponibilidad y precios. Adem\u00e1s, la notable funcionalidad de Revy se extiende m\u00e1s all\u00e1 de sus capacidades de reserva, ya que tambi\u00e9n cuenta con notificaciones de correo electr\u00f3nico automatizadas, opciones de pago integradas y la invaluable conveniencia de atenci\u00f3n al cliente en tiempo real. Vuelva a despedirme de los arduo y lento procedimientos de reserva manual, y marque una nueva era de eficiencia y productividad incomparables con la incomparable destreza de programaci\u00f3n de Revy.<\/p>\n","protected":false},"featured_media":167372,"comment_status":"open","ping_status":"open","template":"","meta":[],"product_brand":[2339],"product_cat":[1214,1206,1211],"product_tag":[1256],"class_list":{"0":"post-119447","1":"product","2":"type-product","3":"status-publish","4":"has-post-thumbnail","6":"product_brand-codecanyon","7":"product_cat-personalizacion","8":"product_cat-plugins","9":"product_cat-wordpress-plugins","10":"product_tag-codecanyon","11":"member-discount","12":"discount-restricted","14":"first","15":"instock","16":"sale","17":"downloadable","18":"virtual","19":"sold-individually","20":"purchasable","21":"product-type-simple"},"_links":{"self":[{"href":"https:\/\/gpl-love.com\/es\/wp-json\/wp\/v2\/product\/119447","targetHints":{"allow":["GET"]}}],"collection":[{"href":"https:\/\/gpl-love.com\/es\/wp-json\/wp\/v2\/product"}],"about":[{"href":"https:\/\/gpl-love.com\/es\/wp-json\/wp\/v2\/types\/product"}],"replies":[{"embeddable":true,"href":"https:\/\/gpl-love.com\/es\/wp-json\/wp\/v2\/comments?post=119447"}],"wp:featuredmedia":[{"embeddable":true,"href":"https:\/\/gpl-love.com\/es\/wp-json\/wp\/v2\/media\/167372"}],"wp:attachment":[{"href":"https:\/\/gpl-love.com\/es\/wp-json\/wp\/v2\/media?parent=119447"}],"wp:term":[{"taxonomy":"product_brand","embeddable":true,"href":"https:\/\/gpl-love.com\/es\/wp-json\/wp\/v2\/product_brand?post=119447"},{"taxonomy":"product_cat","embeddable":true,"href":"https:\/\/gpl-love.com\/es\/wp-json\/wp\/v2\/product_cat?post=119447"},{"taxonomy":"product_tag","embeddable":true,"href":"https:\/\/gpl-love.com\/es\/wp-json\/wp\/v2\/product_tag?post=119447"}],"curies":[{"name":"wp","href":"https:\/\/api.w.org\/{rel}","templated":true}]}}