{"id":119442,"date":"2024-12-07T00:00:00","date_gmt":"2024-12-07T05:00:00","guid":{"rendered":"https:\/\/gpl-love.com\/es\/?post_type=product&#038;p=119442"},"modified":"2026-04-10T11:28:26","modified_gmt":"2026-04-10T16:28:26","slug":"themify-woocommerce-shopdock","status":"publish","type":"product","link":"https:\/\/gpl-love.com\/es\/producto\/themify-woocommerce-shopdock\/","title":{"rendered":"Themify Shopdock Theme 7.5.7"},"content":{"rendered":"<h3>Themify Shopdock Theme Caracteristicas<\/h3>\n<p>El tema Themify Shopdock, un tema de WordPress de comercio electr\u00f3nico extremadamente moderno y vers\u00e1til, est\u00e1 hecho a medida para la creaci\u00f3n de impresionantes tiendas en l\u00ednea. Su dise\u00f1o limpio y minimalista garantiza una experiencia de compra sin esfuerzo sin esfuerzo para los clientes, lo que les permite leer y explorar sin esfuerzo su amplia gama de productos. Este tema ofrece un alto grado de personalizaci\u00f3n, lo que le permite ajustar meticulosamente el dise\u00f1o, el esquema de color y la tipograf\u00eda para alinearse impecablemente con su marca. Adem\u00e1s, cuenta con responsabilidad m\u00f3vil, garantizando que su estimada tienda en l\u00ednea mantenga su esplendor visual en todos los dispositivos. La integraci\u00f3n incorporada de WooCommerce proporciona todas las funcionalidades de comercio electr\u00f3nico indispensables, simplificando la gesti\u00f3n eficiente del inventario, pedidos y env\u00edo de su tienda en l\u00ednea. Al aprovechar el poder incomparable del tema Themify Shopdock, puede establecer sin esfuerzo una tienda en l\u00ednea profesional y f\u00e1cil de usar que sin duda facilitar\u00e1 el crecimiento exponencial de su estimado negocio.<\/p>\n<ul>\n<li>Dise\u00f1o moderno y minimalista<\/li>\n<li>Totalmente personalizable con interfaz de arrastrar y soltar<\/li>\n<li>Integraci\u00f3n de WooCommerce para una f\u00e1cil configuraci\u00f3n de la tienda en l\u00ednea<\/li>\n<li>Dise\u00f1o receptivo para una visualizaci\u00f3n \u00f3ptima en cualquier dispositivo<\/li>\n<li>Caracter\u00edsticas de comparaci\u00f3n de productos y comparaci\u00f3n de productos incorporados<\/li>\n<li>M\u00faltiples opciones de p\u00e1gina de inicio y encabezado<\/li>\n<li>Tipograf\u00eda incorporada y opciones de color<\/li>\n<li>SEO optimizado para una mayor clasificaci\u00f3n del motor de b\u00fasqueda<\/li>\n<li>Actualizaciones regulares y apoyo del equipo de Themify<\/li>\n<li>Capacidad para agregar m\u00faltiples im\u00e1genes y rese\u00f1as de productos<\/li>\n<li>Integraci\u00f3n con pasarelas de pago populares como PayPal y Stripe.<\/li>\n<\/ul>\n","protected":false},"excerpt":{"rendered":"<p>El tema Themify Shopdock, un tema ejemplar de WordPress adaptado espec\u00edficamente para sitios web de comercio electr\u00f3nico, es una encarnaci\u00f3n de la modernidad y la versatilidad. Con su dise\u00f1o totalmente personalizable, a los usuarios se les otorga la capacidad de moldear sin esfuerzo su sitio web para reflejar sus opciones de marca y est\u00e9tica \u00fanicas. Un factor que contribuye significativo a su interfaz f\u00e1cil de usar es la inclusi\u00f3n de un constructor de p\u00e1ginas de arrastrar y soltar, capacitar a los usuarios con la capacidad de organizar y organizar su contenido sin esfuerzo. Adem\u00e1s, el tema ofrece una extensa variedad de opciones, con m\u00e1s de 10 demostraciones predise\u00f1adas para que los usuarios seleccionen, asegurando que encuentren un dise\u00f1o que se alinee perfectamente con su visi\u00f3n.<\/p>\n","protected":false},"featured_media":167800,"comment_status":"open","ping_status":"open","template":"","meta":[],"product_brand":[2578],"product_cat":[1263,1469,1237],"product_tag":[1400],"class_list":{"0":"post-119442","1":"product","2":"type-product","3":"status-publish","4":"has-post-thumbnail","6":"product_brand-themify","7":"product_cat-comercio-electronico-temas","8":"product_cat-creativo-comercio-electronico-temas","9":"product_cat-temas","10":"product_tag-themify","11":"member-discount","12":"discount-restricted","14":"first","15":"instock","16":"sale","17":"downloadable","18":"virtual","19":"sold-individually","20":"purchasable","21":"product-type-simple"},"_links":{"self":[{"href":"https:\/\/gpl-love.com\/es\/wp-json\/wp\/v2\/product\/119442","targetHints":{"allow":["GET"]}}],"collection":[{"href":"https:\/\/gpl-love.com\/es\/wp-json\/wp\/v2\/product"}],"about":[{"href":"https:\/\/gpl-love.com\/es\/wp-json\/wp\/v2\/types\/product"}],"replies":[{"embeddable":true,"href":"https:\/\/gpl-love.com\/es\/wp-json\/wp\/v2\/comments?post=119442"}],"wp:featuredmedia":[{"embeddable":true,"href":"https:\/\/gpl-love.com\/es\/wp-json\/wp\/v2\/media\/167800"}],"wp:attachment":[{"href":"https:\/\/gpl-love.com\/es\/wp-json\/wp\/v2\/media?parent=119442"}],"wp:term":[{"taxonomy":"product_brand","embeddable":true,"href":"https:\/\/gpl-love.com\/es\/wp-json\/wp\/v2\/product_brand?post=119442"},{"taxonomy":"product_cat","embeddable":true,"href":"https:\/\/gpl-love.com\/es\/wp-json\/wp\/v2\/product_cat?post=119442"},{"taxonomy":"product_tag","embeddable":true,"href":"https:\/\/gpl-love.com\/es\/wp-json\/wp\/v2\/product_tag?post=119442"}],"curies":[{"name":"wp","href":"https:\/\/api.w.org\/{rel}","templated":true}]}}