{"id":119438,"date":"2022-04-29T00:00:00","date_gmt":"2022-04-29T05:00:00","guid":{"rendered":"https:\/\/gpl-love.com\/es\/?post_type=product&#038;p=119438"},"modified":"2026-03-13T17:35:29","modified_gmt":"2026-03-13T22:35:29","slug":"zenith-wordpress-theme","status":"publish","type":"product","link":"https:\/\/gpl-love.com\/es\/producto\/zenith-wordpress-theme\/","title":{"rendered":"Zenith WordPress Theme 9.0.4"},"content":{"rendered":"<h3>Zenith WordPress Theme Caracteristicas<\/h3>\n<p>El tema Zenith WordPress, un tema multifac\u00e9tico y abundante, presenta una experiencia de usuario sin esfuerzo y sofisticada aplicable tanto a blogueros como a las empresas por igual. Abarca una variedad de posibilidades y caracter\u00edsticas de personalizaci\u00f3n, que abarca diversos dise\u00f1os de p\u00e1gina de inicio, numerosos formatos de publicaci\u00f3n y una gran cantidad de widgets y complementos. El prop\u00f3sito fundamental del tema es ser adaptable y optimizado para todas las dimensiones de la pantalla, asegurando que su contenido exude la magnificencia en cualquier dispositivo. Debido a sus controles instintivos y a la interfaz exquisitamente elaborada, el tema Zenith WordPress es una opci\u00f3n excepcional para las personas que buscan dise\u00f1ar un sitio web pulido y est\u00e9ticamente agradable.<\/p>\n<ul>\n<li>Dise\u00f1o moderno y elegante, perfecto para sitios web profesionales y creativos<\/li>\n<li>Completamente receptivo, adapt\u00e1ndose perfectamente a cualquier tama\u00f1o de pantalla o dispositivo<\/li>\n<li>Opciones de personalizaci\u00f3n integrales, que incluyen esquemas de color ilimitados y fuentes personalizadas<\/li>\n<li>Constructor de p\u00e1ginas de arrastrar y soltar para la creaci\u00f3n y gesti\u00f3n de sitios web f\u00e1ciles e intuitivas<\/li>\n<li>Panel de opciones de temas avanzados para ajustar cada aspecto del dise\u00f1o<\/li>\n<li>Soporte incorporado para complementos populares como WooCommerce, Contact Form 7 y Yoast SEO<\/li>\n<li>Tiempos de carga r\u00e1pidas y c\u00f3digo optimizado para un rendimiento mejorado y clasificaciones de SEO<\/li>\n<li>Actualizaciones regulares y soporte dedicado de los desarrolladores de temas<\/li>\n<li>Listo para la traducci\u00f3n, con soporte completo para los idiomas WPML y RTL<\/li>\n<li>Importaci\u00f3n de demostraci\u00f3n de un solo clic para configurar r\u00e1pidamente su sitio web con plantillas y dise\u00f1os preconstruidos.<\/li>\n<\/ul>\n","protected":false},"excerpt":{"rendered":"<p>El tema Zenith WordPress, reconocido por su dise\u00f1o elegante y moderno, presenta una plataforma impecable para exhibir su negocio o cartera de una manera visualmente cautivadora. Su impresionante dise\u00f1o receptivo y una amplia gama de caracter\u00edsticas personalizables le permiten dise\u00f1ar un sitio web distintivo y de aspecto profesional, incluso si carece de competencia en la codificaci\u00f3n. Adem\u00e1s, este tema notable ofrece una variedad de opciones de dise\u00f1o para satisfacer sus diversas preferencias, integraci\u00f3n perfecta con varias plataformas de redes sociales y una compatibilidad incomparable con WooCommerce, facilitando as\u00ed una integraci\u00f3n perfecta y sin problemas de funcionalidades de comercio electr\u00f3nico. Eleve y fortalezca su presencia en l\u00ednea a alturas sin precedentes con la incomparaci\u00f3n incomparable del tema Zenith WordPress.<\/p>\n","protected":false},"featured_media":168709,"comment_status":"open","ping_status":"open","template":"","meta":[],"product_brand":[2363],"product_cat":[1267,1237,1238],"product_tag":[2224],"class_list":{"0":"post-119438","1":"product","2":"type-product","3":"status-publish","4":"has-post-thumbnail","6":"product_brand-visualmodo","7":"product_cat-creativo","8":"product_cat-temas","9":"product_cat-wordpress-temas","10":"product_tag-visualmodo","11":"member-discount","12":"discount-restricted","14":"first","15":"instock","16":"sale","17":"downloadable","18":"virtual","19":"sold-individually","20":"purchasable","21":"product-type-simple"},"_links":{"self":[{"href":"https:\/\/gpl-love.com\/es\/wp-json\/wp\/v2\/product\/119438","targetHints":{"allow":["GET"]}}],"collection":[{"href":"https:\/\/gpl-love.com\/es\/wp-json\/wp\/v2\/product"}],"about":[{"href":"https:\/\/gpl-love.com\/es\/wp-json\/wp\/v2\/types\/product"}],"replies":[{"embeddable":true,"href":"https:\/\/gpl-love.com\/es\/wp-json\/wp\/v2\/comments?post=119438"}],"wp:featuredmedia":[{"embeddable":true,"href":"https:\/\/gpl-love.com\/es\/wp-json\/wp\/v2\/media\/168709"}],"wp:attachment":[{"href":"https:\/\/gpl-love.com\/es\/wp-json\/wp\/v2\/media?parent=119438"}],"wp:term":[{"taxonomy":"product_brand","embeddable":true,"href":"https:\/\/gpl-love.com\/es\/wp-json\/wp\/v2\/product_brand?post=119438"},{"taxonomy":"product_cat","embeddable":true,"href":"https:\/\/gpl-love.com\/es\/wp-json\/wp\/v2\/product_cat?post=119438"},{"taxonomy":"product_tag","embeddable":true,"href":"https:\/\/gpl-love.com\/es\/wp-json\/wp\/v2\/product_tag?post=119438"}],"curies":[{"name":"wp","href":"https:\/\/api.w.org\/{rel}","templated":true}]}}