{"id":119436,"date":"2023-02-06T00:00:00","date_gmt":"2023-02-06T05:00:00","guid":{"rendered":"https:\/\/gpl-love.com\/es\/?post_type=product&#038;p=119436"},"modified":"2026-03-28T17:15:24","modified_gmt":"2026-03-28T22:15:24","slug":"divi-bodycommerce","status":"publish","type":"product","link":"https:\/\/gpl-love.com\/es\/producto\/divi-bodycommerce\/","title":{"rendered":"Divi BodyCommerce 8.6.5"},"content":{"rendered":"<h3>Divi BodyCommerce Caracteristicas<\/h3>\n<p>Divi BodyCommerce, un robusto complemento de WordPress, le permite construir sin esfuerzo las tiendas en l\u00ednea visualmente cautivadoras. Equipado con una interfaz instintiva y f\u00e1cil de usar, este complemento le permite establecer r\u00e1pidamente su tienda y comenzar a vender productos. Integrado sin problemas con Divi, el principal tema de WordPress, le permite crear dise\u00f1os exquisitos y receptivos que parecen espl\u00e9ndidos en todos los dispositivos. Cada aspecto de su tienda, que van desde listados de productos y categor\u00edas hasta opciones de pago y env\u00edo, se pueden personalizar meticulosamente hasta su gusto. Adem\u00e1s, este complemento cuenta con una variedad de funcionalidades avanzadas, que incluyen filtrado de productos, variaciones de productos y descuentos promocionales, que lo equipan para fabricar una tienda en l\u00ednea que exuda profesionalismo y atiende a sus distintos requisitos. Con Divi BodyCommerce, puede impulsar su empresa de comercio electr\u00f3nico a nuevas alturas, atraer sin esfuerzo una base de clientes m\u00e1s grande y aumentar las ventas de sus productos.<\/p>\n<ul>\n<li>La \u00faltima soluci\u00f3n de comercio electr\u00f3nico para el tema Divi WordPress<\/li>\n<li>Intuitivamente dise\u00f1ado para funcionar sin problemas con el constructor visual de arrastrar y soltar de Divi<\/li>\n<li>Viene con una gama de dise\u00f1os de tiendas predise\u00f1ados y plantillas de productos<\/li>\n<li>Le permite personalizar el dise\u00f1o y la funcionalidad de su tienda con facilidad<\/li>\n<li>Ofrece caracter\u00edsticas avanzadas como precios din\u00e1micos, variaciones de productos y soporte multisitio<\/li>\n<li>Admite una variedad de pasarelas de pago, que incluyen PayPal, Stripe y Authorize.net<\/li>\n<li>Incluye documentaci\u00f3n detallada y atenci\u00f3n al cliente receptiva<\/li>\n<li>Perfecto para empresas de todos los tama\u00f1os o desarrolladores de WordPress Builting Sitios de clientes<\/li>\n<li>Ofrece compatibilidad con WooCommerce, el complemento de comercio electr\u00f3nico l\u00edder para WordPress<\/li>\n<li>Le permite administrar f\u00e1cilmente pedidos, seguimiento de env\u00edos e informaci\u00f3n del cliente.<\/li>\n<\/ul>\n","protected":false},"excerpt":{"rendered":"<p>Divi BodyCommerce es una herramienta vers\u00e1til y f\u00e1cil de usar dise\u00f1ada para mejorar su sitio web de comercio electr\u00f3nico. Con sus caracter\u00edsticas robustas y personalizables, Divi BodyCommerce puede transformar su tienda en l\u00ednea, haci\u00e9ndola m\u00e1s interactiva y atractiva. Permite una integraci\u00f3n perfecta con el tema Divi, ampliando su funcionalidad para proporcionar una experiencia de compra superior. Adem\u00e1s, Divi BodyCommerce ofrece la flexibilidad de personalizar las p\u00e1ginas de productos, lo que le permite mostrar sus productos de una manera m\u00e1s atractiva y detallada. Tambi\u00e9n aporta la comodidad de administrar y clasificar f\u00e1cilmente el inventario de su producto. Adem\u00e1s, su funci\u00f3n de personalizaci\u00f3n de pago garantiza un proceso de transacci\u00f3n suave y seguro, lo que aumenta la confianza y la satisfacci\u00f3n del cliente. Con Divi BodyCommerce, puede aprovechar el poder de la tecnolog\u00eda de comercio electr\u00f3nico moderna para aumentar sus ventas en l\u00ednea y hacer crecer su negocio.<\/p>\n","protected":false},"featured_media":165779,"comment_status":"open","ping_status":"open","template":"","meta":[],"product_brand":[2413],"product_cat":[1207,1248,1206],"product_tag":[2107],"class_list":{"0":"post-119436","1":"product","2":"type-product","3":"status-publish","4":"has-post-thumbnail","6":"product_brand-divi-engine","7":"product_cat-comercio-electronico-plugins","8":"product_cat-personalizacion-comercio-electronico-plugins","9":"product_cat-plugins","10":"product_tag-divi-engine","11":"member-discount","12":"discount-restricted","14":"first","15":"instock","16":"sale","17":"downloadable","18":"virtual","19":"sold-individually","20":"purchasable","21":"product-type-simple"},"_links":{"self":[{"href":"https:\/\/gpl-love.com\/es\/wp-json\/wp\/v2\/product\/119436","targetHints":{"allow":["GET"]}}],"collection":[{"href":"https:\/\/gpl-love.com\/es\/wp-json\/wp\/v2\/product"}],"about":[{"href":"https:\/\/gpl-love.com\/es\/wp-json\/wp\/v2\/types\/product"}],"replies":[{"embeddable":true,"href":"https:\/\/gpl-love.com\/es\/wp-json\/wp\/v2\/comments?post=119436"}],"wp:featuredmedia":[{"embeddable":true,"href":"https:\/\/gpl-love.com\/es\/wp-json\/wp\/v2\/media\/165779"}],"wp:attachment":[{"href":"https:\/\/gpl-love.com\/es\/wp-json\/wp\/v2\/media?parent=119436"}],"wp:term":[{"taxonomy":"product_brand","embeddable":true,"href":"https:\/\/gpl-love.com\/es\/wp-json\/wp\/v2\/product_brand?post=119436"},{"taxonomy":"product_cat","embeddable":true,"href":"https:\/\/gpl-love.com\/es\/wp-json\/wp\/v2\/product_cat?post=119436"},{"taxonomy":"product_tag","embeddable":true,"href":"https:\/\/gpl-love.com\/es\/wp-json\/wp\/v2\/product_tag?post=119436"}],"curies":[{"name":"wp","href":"https:\/\/api.w.org\/{rel}","templated":true}]}}