{"id":119428,"date":"2022-04-28T00:00:00","date_gmt":"2022-04-28T05:00:00","guid":{"rendered":"https:\/\/gpl-love.com\/es\/?post_type=product&#038;p=119428"},"modified":"2026-04-10T11:16:40","modified_gmt":"2026-04-10T16:16:40","slug":"minimalist-wordpress-theme","status":"publish","type":"product","link":"https:\/\/gpl-love.com\/es\/producto\/minimalist-wordpress-theme\/","title":{"rendered":"Minimalist WordPress Theme 2.0.4"},"content":{"rendered":"<h3>Minimalist WordPress Theme Caracteristicas<\/h3>\n<p>El tema minimalista de WordPress cuenta con un dise\u00f1o sofisticado y contempor\u00e1neo, lo que lo convierte en la opci\u00f3n ideal para los bloggers en busca de un sitio web simplificado y sin complicaciones. Este tema muestra un dise\u00f1o minimalista, caracterizado por su est\u00e9tica ordenada y abundancia de espacio en blanco, asegurando as\u00ed que su contenido tome el centro del escenario. Tenga la seguridad de que este tema se adapta sin esfuerzo a varios tama\u00f1os de pantalla, ya que su capacidad de respuesta y optimizaci\u00f3n para dispositivos m\u00f3viles garantiza una experiencia visual sobresaliente en cualquier plataforma. Adem\u00e1s de estos atributos, el tema minimalista de WordPress ofrece una variedad de otras caracter\u00edsticas impresionantes, incluidos widgets personalizables, un control deslizante destacado para exhibir contenido destacado, una p\u00e1gina de cartera dedicada y muchas otras funcionalidades valiosas que seguramente mejorar\u00e1n su presencia en l\u00ednea. Gracias a sus opciones de personalizaci\u00f3n f\u00e1cil de usar, tiene la libertad de adaptar este tema excepcional al estilo y la persona distintos de su marca, independientemente de si es un blogger que busca hacer una declaraci\u00f3n o un propietario de un negocio que anhela una representaci\u00f3n digital pulida y refinada .<\/p>\n<ul>\n<li>Dise\u00f1o limpio y elegante con un enfoque minimalista<\/li>\n<li>Totalmente compatible con WordPress -0 y Gutenberg Editor<\/li>\n<li>Opciones de personalizaci\u00f3n f\u00e1ciles para encabezado, pie de p\u00e1gina y otras secciones<\/li>\n<li>Ligero y carga r\u00e1pida para una excelente experiencia de usuario<\/li>\n<li>Codificaci\u00f3n amigable para SEO para clasificaciones de motores de b\u00fasqueda m\u00e1s altos<\/li>\n<li>Dise\u00f1o de respuesta m\u00f3vil para una visualizaci\u00f3n perfecta en cualquier dispositivo<\/li>\n<li>Panel de opciones de temas bien documentadas y para principiantes<\/li>\n<li>Integraci\u00f3n con complementos populares de WordPress como WooCommerce, Jetpack y Contact Form 7<\/li>\n<li>Actualizaciones regulares y atenci\u00f3n al cliente dedicada para la resoluci\u00f3n de problemas y resoluci\u00f3n de problemas<\/li>\n<\/ul>\n","protected":false},"excerpt":{"rendered":"<p>El tema de WordPress de entrada es una plataforma exquisitamente elaborada y de manera eficiente organizada que atiende a las personas en busca de una est\u00e9tica simplista y ordenada para su plataforma en l\u00ednea. Con su estructura sin esfuerzo navegable y su interfaz centrada en el usuario, la entrada simplifica el proceso de presentar visualmente su contenido de manera est\u00e9ticamente agradable, libre de cualquier distracci\u00f3n superfluas. Adem\u00e1s, viene equipado con una gran cantidad de opciones y caracter\u00edsticas personalizables, facilitando la creaci\u00f3n de un sitio web sofisticado y refinado que encarna su estilo y marca distintivos. Independientemente de si se identifica como blogger, propietario de una peque\u00f1a empresa, profesional independiente o profesional creativo, la entrada sirve como una opci\u00f3n impecable para elevar su presencia digital a alturas sin precedentes.<\/p>\n","protected":false},"featured_media":166784,"comment_status":"open","ping_status":"open","template":"","meta":[],"product_brand":[2363],"product_cat":[1267,1237,1238],"product_tag":[2224],"class_list":{"0":"post-119428","1":"product","2":"type-product","3":"status-publish","4":"has-post-thumbnail","6":"product_brand-visualmodo","7":"product_cat-creativo","8":"product_cat-temas","9":"product_cat-wordpress-temas","10":"product_tag-visualmodo","11":"member-discount","12":"discount-restricted","14":"first","15":"instock","16":"sale","17":"downloadable","18":"virtual","19":"sold-individually","20":"purchasable","21":"product-type-simple"},"_links":{"self":[{"href":"https:\/\/gpl-love.com\/es\/wp-json\/wp\/v2\/product\/119428","targetHints":{"allow":["GET"]}}],"collection":[{"href":"https:\/\/gpl-love.com\/es\/wp-json\/wp\/v2\/product"}],"about":[{"href":"https:\/\/gpl-love.com\/es\/wp-json\/wp\/v2\/types\/product"}],"replies":[{"embeddable":true,"href":"https:\/\/gpl-love.com\/es\/wp-json\/wp\/v2\/comments?post=119428"}],"wp:featuredmedia":[{"embeddable":true,"href":"https:\/\/gpl-love.com\/es\/wp-json\/wp\/v2\/media\/166784"}],"wp:attachment":[{"href":"https:\/\/gpl-love.com\/es\/wp-json\/wp\/v2\/media?parent=119428"}],"wp:term":[{"taxonomy":"product_brand","embeddable":true,"href":"https:\/\/gpl-love.com\/es\/wp-json\/wp\/v2\/product_brand?post=119428"},{"taxonomy":"product_cat","embeddable":true,"href":"https:\/\/gpl-love.com\/es\/wp-json\/wp\/v2\/product_cat?post=119428"},{"taxonomy":"product_tag","embeddable":true,"href":"https:\/\/gpl-love.com\/es\/wp-json\/wp\/v2\/product_tag?post=119428"}],"curies":[{"name":"wp","href":"https:\/\/api.w.org\/{rel}","templated":true}]}}