{"id":119424,"date":"2022-04-28T00:00:00","date_gmt":"2022-04-28T05:00:00","guid":{"rendered":"https:\/\/gpl-love.com\/es\/?post_type=product&#038;p=119424"},"modified":"2026-04-10T11:21:31","modified_gmt":"2026-04-10T16:21:31","slug":"photography-wordpress-theme","status":"publish","type":"product","link":"https:\/\/gpl-love.com\/es\/producto\/photography-wordpress-theme\/","title":{"rendered":"Photography WordPress Theme 2.0.4"},"content":{"rendered":"<h3>Photography WordPress Theme Caracteristicas<\/h3>\n<p>El tema de la fotograf\u00eda de WordPress sirve como una soluci\u00f3n impecable para los fot\u00f3grafos que aspiran a establecer una cartera en l\u00ednea cautivadora. Poseciendo un dise\u00f1o elegante y contempor\u00e1neo, este tema ofrece sin esfuerzo una variedad de caracter\u00edsticas que facilitan la exhibici\u00f3n sin esfuerzo y profesional de sus obras maestras fotogr\u00e1ficas. Desde dise\u00f1os personalizables hasta esquemas de colores personalizables, este tema le permite dise\u00f1ar un sitio web que realmente encarna su marca y estilo art\u00edstico. Adem\u00e1s, el tema abarca galer\u00edas preinstaladas, controles deslizantes de im\u00e1genes e integraci\u00f3n de redes sociales para simplificar el proceso de compartir sus creaciones art\u00edsticas con su p\u00fablico objetivo. Adem\u00e1s, los widgets y complementos f\u00e1ciles de usar permiten sin problemas la incorporaci\u00f3n de funcionalidad y caracter\u00edsticas adicionales en su sitio web con un esfuerzo m\u00ednimo. Ya sea que cuenta con una amplia experiencia como fot\u00f3grafo profesional o se est\u00e9 embarcando en su viaje fotogr\u00e1fico, el tema de la fotograf\u00eda de WordPress proporciona una plataforma incomparable para exhibir su oficio y construir una presencia formidable en l\u00ednea.<\/p>\n<ul>\n<li>Dise\u00f1o totalmente receptivo que se ve muy bien en todos los dispositivos<\/li>\n<li>Dise\u00f1o profesional de alta calidad que enfatiza su fotograf\u00eda<\/li>\n<li>Las opciones de personalizaci\u00f3n incorporadas facilitan adaptar el tema a sus necesidades<\/li>\n<li>Interfaz simple e intuitiva para una f\u00e1cil navegaci\u00f3n y gesti\u00f3n de su contenido<\/li>\n<li>Caracter\u00edsticas avanzadas para la optimizaci\u00f3n de motores de b\u00fasqueda para ayudar a conducir el tr\u00e1fico a su sitio<\/li>\n<li>Compatibilidad con complementos de terceros para mejorar la funcionalidad de su sitio<\/li>\n<li>Equipo de soporte dedicado para ayudarlo a solucionar problemas o responder sus preguntas<\/li>\n<li>Actualizaciones peri\u00f3dicas para garantizar que su sitio se mantenga actualizado con los \u00faltimos est\u00e1ndares y tendencias web<\/li>\n<li>Una gama de plantillas de p\u00e1gina preconstruidas para ayudarlo a comenzar r\u00e1pidamente<\/li>\n<li>Integraci\u00f3n f\u00e1cil con plataformas de redes sociales populares para ayudarlo a construir su presencia en l\u00ednea.<\/li>\n<\/ul>\n","protected":false},"excerpt":{"rendered":"<p>La entrada es un tema de WordPress de vanguardia y de vanguardia que ha sido meticulosamente elaborado para atender espec\u00edficamente a los fot\u00f3grafos y artistas visuales que anhelan exhibir sus esfuerzos art\u00edsticos en el vasto lienzo de Internet. Con un dise\u00f1o visualmente atractivo y altamente adaptable, la entrada le permite dise\u00f1ar galer\u00edas y carteras impresionantes que inspiran que sin duda cautivar\u00e1 y cautiven a su audiencia exigente. Adem\u00e1s, este tema de vanguardia ofrece una variedad de plantillas personalizables a su disposici\u00f3n, que abarca una gran cantidad de dise\u00f1os de p\u00e1ginas de inicio, dise\u00f1os de blog y una variedad de opciones de cartera distintivas que seguramente elevan la presentaci\u00f3n de su proa a alturas sin paralimas. Adem\u00e1s de su versatilidad inigualable, la entrada tambi\u00e9n se ha dise\u00f1ado y optimizado meticulosamente para la optimizaci\u00f3n de la velocidad y el motor de b\u00fasqueda (SEO), asegurando as\u00ed que su sitio web experimente un rendimiento inigualable en la clasificaci\u00f3n de los motores de b\u00fasqueda y la carga de contenido expedito para sus visitantes estimados. Independientemente de si se identifica como un fot\u00f3grafo profesional consumado, un aficionado apasionado o incluso una agencia creativa que anhela mostrar su trabajo imaginativo, la entrada inequ\u00edvocamente se erige como el tema de WordPress por excelencia que no solo revolucionar\u00e1 sino que tambi\u00e9n maximiza la exhibici\u00f3n de sus creaciones art\u00edsticas. .<\/p>\n","protected":false},"featured_media":167210,"comment_status":"open","ping_status":"open","template":"","meta":[],"product_brand":[2363],"product_cat":[1267,1237,1238],"product_tag":[2224],"class_list":{"0":"post-119424","1":"product","2":"type-product","3":"status-publish","4":"has-post-thumbnail","6":"product_brand-visualmodo","7":"product_cat-creativo","8":"product_cat-temas","9":"product_cat-wordpress-temas","10":"product_tag-visualmodo","11":"member-discount","12":"discount-restricted","14":"first","15":"instock","16":"sale","17":"downloadable","18":"virtual","19":"sold-individually","20":"purchasable","21":"product-type-simple"},"_links":{"self":[{"href":"https:\/\/gpl-love.com\/es\/wp-json\/wp\/v2\/product\/119424","targetHints":{"allow":["GET"]}}],"collection":[{"href":"https:\/\/gpl-love.com\/es\/wp-json\/wp\/v2\/product"}],"about":[{"href":"https:\/\/gpl-love.com\/es\/wp-json\/wp\/v2\/types\/product"}],"replies":[{"embeddable":true,"href":"https:\/\/gpl-love.com\/es\/wp-json\/wp\/v2\/comments?post=119424"}],"wp:featuredmedia":[{"embeddable":true,"href":"https:\/\/gpl-love.com\/es\/wp-json\/wp\/v2\/media\/167210"}],"wp:attachment":[{"href":"https:\/\/gpl-love.com\/es\/wp-json\/wp\/v2\/media?parent=119424"}],"wp:term":[{"taxonomy":"product_brand","embeddable":true,"href":"https:\/\/gpl-love.com\/es\/wp-json\/wp\/v2\/product_brand?post=119424"},{"taxonomy":"product_cat","embeddable":true,"href":"https:\/\/gpl-love.com\/es\/wp-json\/wp\/v2\/product_cat?post=119424"},{"taxonomy":"product_tag","embeddable":true,"href":"https:\/\/gpl-love.com\/es\/wp-json\/wp\/v2\/product_tag?post=119424"}],"curies":[{"name":"wp","href":"https:\/\/api.w.org\/{rel}","templated":true}]}}