{"id":119422,"date":"2022-04-28T00:00:00","date_gmt":"2022-04-28T05:00:00","guid":{"rendered":"https:\/\/gpl-love.com\/es\/?post_type=product&#038;p=119422"},"modified":"2026-04-10T11:21:28","modified_gmt":"2026-04-10T16:21:28","slug":"petshop-wordpress-theme","status":"publish","type":"product","link":"https:\/\/gpl-love.com\/es\/producto\/petshop-wordpress-theme\/","title":{"rendered":"Petshop WordPress Theme 4.0.4"},"content":{"rendered":"<h3>Petshop WordPress Theme Caracteristicas<\/h3>\n<p>El tema de WordPress de PetShop, que se recomienda muy recomendable para los propietarios de tiendas de mascotas que buscan establecer una presencia en l\u00ednea para su negocio, demuestra ser una opci\u00f3n excepcional. Este tema ha sido cuidadosamente elaborado con la simplicidad y la funcionalidad en mente, lo que le permite exhibir sin esfuerzo su gama de productos y servicios de manera visualmente cautivadora. Lo que distingue a este tema es su dise\u00f1o receptivo, asegurando que su sitio web mantenga im\u00e1genes de primer nivel, independientemente del dispositivo utilizado para acceder a \u00e9l, lo que garantiza a los clientes potenciales una experiencia de usuario perfecta. Adem\u00e1s, el tema de WordPress de PetShop viene equipado con una gran cantidad de caracter\u00edsticas encomiables que incluyen widgets personalizables, integraci\u00f3n perfecta con plataformas de redes sociales y capacidades completas de comercio electr\u00f3nico, lo que hace que la administraci\u00f3n de su tienda en l\u00ednea sea muy f\u00e1cil. Para resumir, el tema de WordPress de Petshop se destaca como una herramienta confiable y potente que sin duda elevar\u00e1 la presencia en l\u00ednea de su tienda de mascotas a alturas sin precedentes.<\/p>\n<ul>\n<li>Tema de WordPress dise\u00f1ado y totalmente personalizable para empresas relacionadas con mascotas<\/li>\n<li>Incluye plantillas predise\u00f1adas para tiendas de mascotas, cl\u00ednicas veterinarias, peluqueros de mascotas y m\u00e1s<\/li>\n<li>Opciones de personalizaci\u00f3n f\u00e1cil de usar para personalizar el tema a su marca y estilo espec\u00edficos<\/li>\n<li>El dise\u00f1o totalmente receptivo y amigable para los dispositivos m\u00f3viles garantiza que su sitio web se vea muy bien en todos los dispositivos<\/li>\n<li>Funcionalidad de comercio electr\u00f3nico incorporada con soporte para WooCommerce, lo que le permite vender productos y servicios relacionados con las mascotas directamente desde su sitio web<\/li>\n<li>Incluye p\u00e1ginas preconstruidas para eventos, servicios, miembros del equipo y testimonios para ayudar a mostrar su negocio.<\/li>\n<li>SEO optimizado para ayudar a mejorar las clasificaciones de motores de b\u00fasqueda de su sitio web<\/li>\n<li>Rendimiento r\u00e1pido y confiable para garantizar que su sitio web se cargue de manera r\u00e1pida y eficiente para sus visitantes<\/li>\n<li>Actualizaciones regulares y soporte dedicado para garantizar que su sitio web se mantenga actualizado y funcione en su mejor momento.<\/li>\n<\/ul>\n","protected":false},"excerpt":{"rendered":"<p>Si est\u00e1 en busca de una soluci\u00f3n de sitio web excepcional para su tienda de mascotas o cualquier otro negocio relacionado con los animales, entonces el tema de WordPress de Petshop deber\u00eda ser su mejor opci\u00f3n. Este tema no solo proporciona una interfaz profesional y f\u00e1cil de usar, sino que tambi\u00e9n cuenta con una est\u00e9tica moderna que se alinea perfectamente con las tendencias de dise\u00f1o web contempor\u00e1neo. El tema de PetShop WordPress ofrece una gran cantidad de esquemas de color personalizables, que le permite personalizar su sitio web para que coincida con su identidad de marca sin esfuerzo. Adem\u00e1s, sus p\u00e1ginas f\u00e1ciles de editar y plantillas preconstruidas agilizan el proceso de crear un sitio web visualmente impresionante, lo que lo convierte en una brisa incluso para aquellos con experiencia t\u00e9cnica limitada. Adem\u00e1s, este tema ofrece \u00edconos de redes sociales integrados, formularios de contacto y soporte total para la funcionalidad de comercio electr\u00f3nico, proporcionando a su negocio todas las herramientas necesarias para prosperar en la esfera en l\u00ednea. En resumen, el tema de PetShop WordPress es una opci\u00f3n inigualable y vers\u00e1til que garantiza que su negocio se destacar\u00e1 entre la competencia en el panorama digital.<\/p>\n","protected":false},"featured_media":167206,"comment_status":"open","ping_status":"open","template":"","meta":[],"product_brand":[2363],"product_cat":[1267,1237,1238],"product_tag":[2224],"class_list":{"0":"post-119422","1":"product","2":"type-product","3":"status-publish","4":"has-post-thumbnail","6":"product_brand-visualmodo","7":"product_cat-creativo","8":"product_cat-temas","9":"product_cat-wordpress-temas","10":"product_tag-visualmodo","11":"member-discount","12":"discount-restricted","14":"first","15":"instock","16":"sale","17":"downloadable","18":"virtual","19":"sold-individually","20":"purchasable","21":"product-type-simple"},"_links":{"self":[{"href":"https:\/\/gpl-love.com\/es\/wp-json\/wp\/v2\/product\/119422","targetHints":{"allow":["GET"]}}],"collection":[{"href":"https:\/\/gpl-love.com\/es\/wp-json\/wp\/v2\/product"}],"about":[{"href":"https:\/\/gpl-love.com\/es\/wp-json\/wp\/v2\/types\/product"}],"replies":[{"embeddable":true,"href":"https:\/\/gpl-love.com\/es\/wp-json\/wp\/v2\/comments?post=119422"}],"wp:featuredmedia":[{"embeddable":true,"href":"https:\/\/gpl-love.com\/es\/wp-json\/wp\/v2\/media\/167206"}],"wp:attachment":[{"href":"https:\/\/gpl-love.com\/es\/wp-json\/wp\/v2\/media?parent=119422"}],"wp:term":[{"taxonomy":"product_brand","embeddable":true,"href":"https:\/\/gpl-love.com\/es\/wp-json\/wp\/v2\/product_brand?post=119422"},{"taxonomy":"product_cat","embeddable":true,"href":"https:\/\/gpl-love.com\/es\/wp-json\/wp\/v2\/product_cat?post=119422"},{"taxonomy":"product_tag","embeddable":true,"href":"https:\/\/gpl-love.com\/es\/wp-json\/wp\/v2\/product_tag?post=119422"}],"curies":[{"name":"wp","href":"https:\/\/api.w.org\/{rel}","templated":true}]}}