{"id":119418,"date":"2022-04-28T00:00:00","date_gmt":"2022-04-28T05:00:00","guid":{"rendered":"https:\/\/gpl-love.com\/es\/?post_type=product&#038;p=119418"},"modified":"2026-03-13T17:20:27","modified_gmt":"2026-03-13T22:20:27","slug":"employment-wordpress-theme","status":"publish","type":"product","link":"https:\/\/gpl-love.com\/es\/producto\/employment-wordpress-theme\/","title":{"rendered":"Employment WordPress Theme 2.0.4"},"content":{"rendered":"<h3>Employment WordPress Theme Caracteristicas<\/h3>\n<p>Dise\u00f1ado espec\u00edficamente para agencias de empleo y personal, el tema de WordPress de empleo es un tema de vanguardia y f\u00e1cil de usar que ofrece una amplia gama de caracter\u00edsticas potentes. Su dise\u00f1o elegante y moderno le permite crear sin esfuerzo un sitio web que deja una impresi\u00f3n duradera y exuda profesionalismo. Con una variedad de plantillas predise\u00f1adas a su disposici\u00f3n, puede mostrar efectivamente oportunidades de trabajo, informaci\u00f3n de la empresa y otros detalles cruciales. Adem\u00e1s, el tema es altamente personalizable, lo que le permite modificar sin esfuerzo el esquema de color, el dise\u00f1o y las fuentes para alinearse con sus requisitos de marca. En particular, el tema es totalmente receptivo, lo que garantiza que su sitio web se vea excepcional en todos los dispositivos. Adem\u00e1s, cuenta con una gran cantidad de herramientas de optimizaci\u00f3n que mejoran el rendimiento de su sitio. En resumen, el tema de WordPress de empleo es una opci\u00f3n excepcional para las agencias de empleo que buscan establecer una presencia en l\u00ednea pulida y cautivadora.<\/p>\n<ul>\n<li>Un tema elegante y moderno dise\u00f1ado espec\u00edficamente para sitios web relacionados con el empleo<\/li>\n<li>Secciones de encabezado y pie de p\u00e1gina personalizables para un aspecto \u00fanico<\/li>\n<li>Funcionalidad de tablero de trabajo incorporado con opciones avanzadas de b\u00fasqueda y filtro<\/li>\n<li>Dise\u00f1o de respuesta m\u00f3vil para una f\u00e1cil visualizaci\u00f3n en cualquier dispositivo<\/li>\n<li>Integraci\u00f3n con sitios de listado de trabajo populares como Indeed y Glassdoor<\/li>\n<li>P\u00e1ginas detalladas de la empresa y el listado de trabajo con espacio para logotipos, descripciones y formularios de solicitud<\/li>\n<li>Compatibilidad con complementos populares de WordPress para obtener a\u00fan m\u00e1s opciones de personalizaci\u00f3n<\/li>\n<li>C\u00f3digo y estructura amigables para SEO para una mejor clasificaci\u00f3n de motores de b\u00fasqueda<\/li>\n<li>Tiempos de carga r\u00e1pida para mejorar la experiencia del usuario<\/li>\n<li>Actualizaciones regulares y atenci\u00f3n al cliente para una experiencia sin preocupaciones.<\/li>\n<\/ul>\n","protected":false},"excerpt":{"rendered":"<p>El tema de WordPress de empleo sirve como la mejor soluci\u00f3n para empresas y organizaciones que desean exhibir sus aperturas de trabajo de manera profesional, pr\u00edstina y contempor\u00e1nea. Este tema extraordinariamente vers\u00e1til demuestra ser particularmente adecuado para los departamentos de recursos humanos, agencias de reclutamiento, empresas de personal o cualquier empresa que anhele una plataforma eficiente a trav\u00e9s de la cual pueden promover efectivamente sus ofertas de trabajo. Con su dise\u00f1o altamente personalizable, los usuarios est\u00e1n facultados para administrar sin esfuerzo sus publicaciones de trabajo, buscar diligentemente para posibles candidatos, compilar curr\u00edculums y monitorear meticulosamente el progreso de los solicitantes. Adem\u00e1s, gracias a su innata facilidad de uso y capacidad de respuesta, el tema garantiza una experiencia incomparable para los solicitantes de empleo en una amplia gama de dispositivos, incluidos tel\u00e9fonos m\u00f3viles y tabletas. Abrace esta oportunidad hoy y emprende la creaci\u00f3n de una junta de trabajo excepcional que se destaca inequ\u00edvocamente de la competencia con el asombroso tema de WordPress de empleo.<\/p>\n","protected":false},"featured_media":165981,"comment_status":"open","ping_status":"open","template":"","meta":[],"product_brand":[2363],"product_cat":[1307,1237,1238],"product_tag":[2224],"class_list":{"0":"post-119418","1":"product","2":"type-product","3":"status-publish","4":"has-post-thumbnail","6":"product_brand-visualmodo","7":"product_cat-negocio-wordpress-temas","8":"product_cat-temas","9":"product_cat-wordpress-temas","10":"product_tag-visualmodo","11":"member-discount","12":"discount-restricted","14":"first","15":"instock","16":"sale","17":"downloadable","18":"virtual","19":"sold-individually","20":"purchasable","21":"product-type-simple"},"_links":{"self":[{"href":"https:\/\/gpl-love.com\/es\/wp-json\/wp\/v2\/product\/119418","targetHints":{"allow":["GET"]}}],"collection":[{"href":"https:\/\/gpl-love.com\/es\/wp-json\/wp\/v2\/product"}],"about":[{"href":"https:\/\/gpl-love.com\/es\/wp-json\/wp\/v2\/types\/product"}],"replies":[{"embeddable":true,"href":"https:\/\/gpl-love.com\/es\/wp-json\/wp\/v2\/comments?post=119418"}],"wp:featuredmedia":[{"embeddable":true,"href":"https:\/\/gpl-love.com\/es\/wp-json\/wp\/v2\/media\/165981"}],"wp:attachment":[{"href":"https:\/\/gpl-love.com\/es\/wp-json\/wp\/v2\/media?parent=119418"}],"wp:term":[{"taxonomy":"product_brand","embeddable":true,"href":"https:\/\/gpl-love.com\/es\/wp-json\/wp\/v2\/product_brand?post=119418"},{"taxonomy":"product_cat","embeddable":true,"href":"https:\/\/gpl-love.com\/es\/wp-json\/wp\/v2\/product_cat?post=119418"},{"taxonomy":"product_tag","embeddable":true,"href":"https:\/\/gpl-love.com\/es\/wp-json\/wp\/v2\/product_tag?post=119418"}],"curies":[{"name":"wp","href":"https:\/\/api.w.org\/{rel}","templated":true}]}}