{"id":119410,"date":"2022-04-29T00:00:00","date_gmt":"2022-04-29T05:00:00","guid":{"rendered":"https:\/\/gpl-love.com\/es\/?post_type=product&#038;p=119410"},"modified":"2026-03-13T17:17:20","modified_gmt":"2026-03-13T22:17:20","slug":"cafe-wordpress-theme","status":"publish","type":"product","link":"https:\/\/gpl-love.com\/es\/producto\/cafe-wordpress-theme\/","title":{"rendered":"Cafe WordPress Theme 4.0.4"},"content":{"rendered":"<h3>Cafe WordPress Theme Caracteristicas<\/h3>\n<p>El tema de WordPress de Cafe, un tema de WordPress de alta calidad, ha sido meticulosamente elaborado para atender espec\u00edficamente a caf\u00e9s, cafeter\u00edas y restaurantes. Su dise\u00f1o est\u00e9ticamente agradable y contempor\u00e1neo est\u00e1 obligado a cautivar la atenci\u00f3n de sus estimados visitantes. El tema cuenta con un dise\u00f1o receptivo que se adapta perfectamente a cualquier dispositivo, asegurando una experiencia de usuario perfecta. Adem\u00e1s, ofrece una gran cantidad de opciones de personalizaci\u00f3n, lo que le permite otorgar a su sitio web un toque de singularidad. Adem\u00e1s, este tema va m\u00e1s all\u00e1 al incorporar un sistema de reserva incorporado y una herramienta eficiente de gesti\u00f3n de men\u00fa, lo que permite la gesti\u00f3n sin esfuerzo de la identidad en l\u00ednea de su restaurante. Con su interfaz f\u00e1cil de usar y su documentaci\u00f3n completa, el tema de Cafe WordPress surge como la soluci\u00f3n por excelencia para cualquier propietario de restaurantes m\u00e1s exigente que desee establecer una presencia en l\u00ednea pulida y cautivadora.<\/p>\n<ul>\n<li>Dise\u00f1o limpio y moderno para un aspecto profesional y acogedor<\/li>\n<li>Totalmente receptivo y amigable para los dispositivos m\u00f3viles para garantizar que su sitio web se vea muy bien en cualquier dispositivo<\/li>\n<li>Esquemas de color y fuentes personalizables para que coincidan con su marca<\/li>\n<li>Builder de la p\u00e1gina de inicio de arrastre y soltar f\u00e1ciles de usar para un dise\u00f1o personalizado<\/li>\n<li>Men\u00fa y funcionalidad de reserva para permitir a los clientes navegar y reservar f\u00e1cilmente una mesa<\/li>\n<li>Integraci\u00f3n de WooCommerce para un f\u00e1cil procesamiento de pedidos en l\u00ednea y pagos<\/li>\n<li>La integraci\u00f3n de Google Maps para facilitar que los clientes encuentren su ubicaci\u00f3n<\/li>\n<li>Integraci\u00f3n de las redes sociales para facilitar que los clientes compartan e interact\u00faen con su contenido<\/li>\n<li>Lista de traducci\u00f3n para llegar a un p\u00fablico m\u00e1s amplio<\/li>\n<li>Actualizaciones y soporte peri\u00f3dicos para garantizar que su sitio web se mantenga actualizado y funcionando sin problemas.<\/li>\n<\/ul>\n","protected":false},"excerpt":{"rendered":"<p>Desatara todo el potencial de su negocio de caf\u00e9 con nuestro tema Cafe WordPress. Dise\u00f1ado espec\u00edficamente para caf\u00e9s, bistros y cafeter\u00edas, este tema de WordPress es el compa\u00f1ero digital perfecto para su negocio. Con su dise\u00f1o receptivo, su sitio web se ver\u00e1 impresionante en cualquier dispositivo, proporcionando una excelente experiencia de usuario para sus clientes. El tema viene con un sistema de gesti\u00f3n de men\u00fa incorporado, lo que le permite mostrar f\u00e1cilmente su selecci\u00f3n de caf\u00e9 y ofertas de alimentos. Tambi\u00e9n admite complementos de reserva en l\u00ednea, por lo que es conveniente que sus clientes reserven una mesa. Las potentes herramientas de SEO del tema aseguran que su negocio se destaque en los resultados de los motores de b\u00fasqueda, lo que lleva m\u00e1s tr\u00e1fico a su sitio. Con su interfaz intuitiva y f\u00e1cil de usar, no necesita ser un asistente tecnol\u00f3gico para administrar su sitio web. Pruebe nuestro tema de Cafe WordPress ahora y elabore el \u00e9xito para su negocio.<\/p>\n","protected":false},"featured_media":165583,"comment_status":"open","ping_status":"open","template":"","meta":[],"product_brand":[2363],"product_cat":[1267,1237,1238],"product_tag":[2224],"class_list":{"0":"post-119410","1":"product","2":"type-product","3":"status-publish","4":"has-post-thumbnail","6":"product_brand-visualmodo","7":"product_cat-creativo","8":"product_cat-temas","9":"product_cat-wordpress-temas","10":"product_tag-visualmodo","11":"member-discount","12":"discount-restricted","14":"first","15":"instock","16":"sale","17":"downloadable","18":"virtual","19":"sold-individually","20":"purchasable","21":"product-type-simple"},"_links":{"self":[{"href":"https:\/\/gpl-love.com\/es\/wp-json\/wp\/v2\/product\/119410","targetHints":{"allow":["GET"]}}],"collection":[{"href":"https:\/\/gpl-love.com\/es\/wp-json\/wp\/v2\/product"}],"about":[{"href":"https:\/\/gpl-love.com\/es\/wp-json\/wp\/v2\/types\/product"}],"replies":[{"embeddable":true,"href":"https:\/\/gpl-love.com\/es\/wp-json\/wp\/v2\/comments?post=119410"}],"wp:featuredmedia":[{"embeddable":true,"href":"https:\/\/gpl-love.com\/es\/wp-json\/wp\/v2\/media\/165583"}],"wp:attachment":[{"href":"https:\/\/gpl-love.com\/es\/wp-json\/wp\/v2\/media?parent=119410"}],"wp:term":[{"taxonomy":"product_brand","embeddable":true,"href":"https:\/\/gpl-love.com\/es\/wp-json\/wp\/v2\/product_brand?post=119410"},{"taxonomy":"product_cat","embeddable":true,"href":"https:\/\/gpl-love.com\/es\/wp-json\/wp\/v2\/product_cat?post=119410"},{"taxonomy":"product_tag","embeddable":true,"href":"https:\/\/gpl-love.com\/es\/wp-json\/wp\/v2\/product_tag?post=119410"}],"curies":[{"name":"wp","href":"https:\/\/api.w.org\/{rel}","templated":true}]}}