{"id":119408,"date":"2025-11-10T00:00:00","date_gmt":"2025-11-10T05:00:00","guid":{"rendered":"https:\/\/gpl-love.com\/es\/?post_type=product&#038;p=119408"},"modified":"2026-03-09T08:05:06","modified_gmt":"2026-03-09T13:05:06","slug":"santapress-wordpress-advent-calendar-plugin-y-quiz","status":"publish","type":"product","link":"https:\/\/gpl-love.com\/es\/producto\/santapress-wordpress-advent-calendar-plugin-y-quiz\/","title":{"rendered":"SantaPress 1.8.0"},"content":{"rendered":"<h3>SantaPress Caracteristicas<\/h3>\n<p>El complemento de calendario de adviento de Santapress WordPress y provoca una capacidad formidable y potente para infundir su sitio web con alegr\u00eda y festividad durante la temporada de Yuletide. Este complemento excepcionalmente robusto le permite dise\u00f1ar un calendario de adviento que permita a los visitantes presentar un portal novedoso cada d\u00eda, lo que revela una propuesta exclusiva, reducci\u00f3n o comunicaci\u00f3n. Adem\u00e1s, este complemento se acompa\u00f1a de una caracter\u00edstica de cuestionario que le otorga la capacidad de inventar los concursos interactivos para sus estimados visitantes, elevando as\u00ed el nivel de compromiso y disfrute durante esta preciada temporada navide\u00f1a. Al aprovechar el complemento y el cuestionario de calendario de adviento de Santapress WordPress, puede inventar sin esfuerzo una experiencia de vacaciones a medida e interactiva para sus estimados visitantes, lo que permite que su sitio web irradie un aura de eminencia distinta durante este per\u00edodo excepcional del a\u00f1o.<\/p>\n<ul>\n<li>Complemento de calendario de adviento personalizable y totalmente receptivo para sitios web de WordPress<\/li>\n<li>Incluye 24 puertas para que los usuarios abran todos los d\u00edas antes de la Navidad.<\/li>\n<li>Se puede usar para exhibir productos, promociones o contenido<\/li>\n<li>Ofrece una funci\u00f3n de prueba para que los usuarios se involucren con<\/li>\n<li>Opci\u00f3n para incluir premios o descuentos para las respuestas correctas de prueba<\/li>\n<li>F\u00e1cil de instalar y configurar, no se requiere conocimiento de codificaci\u00f3n<\/li>\n<li>Compatible con la mayor\u00eda de los temas y complementos de WordPress<\/li>\n<li>Admite m\u00faltiples idiomas<\/li>\n<li>Proporciona an\u00e1lisis detallados sobre la interacci\u00f3n del usuario y los resultados del cuestionario<\/li>\n<li>Ofrece atenci\u00f3n al cliente dedicada y actualizaciones peri\u00f3dicas para garantizar un rendimiento \u00f3ptimo.<\/li>\n<\/ul>\n","protected":false},"excerpt":{"rendered":"<p>El complemento Santapress WordPress Advent Calendar y el cuestionario es un complemento integral y altamente adecuado dise\u00f1ado espec\u00edficamente para sitios web de WordPress durante la temporada de vacaciones. Su funcionalidad se extiende m\u00e1s all\u00e1 de un calendario de adviento b\u00e1sico, ya que permite la creaci\u00f3n perfecta de un calendario de adviento atractivo e interactivo para su audiencia. Este notable complemento abarca cuestionarios diarios y actividades agradables para cautivar a\u00fan m\u00e1s a sus usuarios durante todo el per\u00edodo festivo. Su versatilidad ofrece tremendas opciones de personalizaci\u00f3n, lo que le permite adaptar el complemento para satisfacer las necesidades y preferencias \u00fanicas de su sitio web. La instalaci\u00f3n y la configuraci\u00f3n son sin esfuerzo, lo que garantiza una inversi\u00f3n m\u00ednima de tiempo. Al incorporar este complemento excepcional en su sitio web, sin duda infundir\u00e1 un esp\u00edritu encantador y alegre en su plataforma en l\u00ednea.<\/p>\n","protected":false},"featured_media":167399,"comment_status":"open","ping_status":"open","template":"","meta":[],"product_brand":[2339],"product_cat":[1214,1206,1211],"product_tag":[1256],"class_list":{"0":"post-119408","1":"product","2":"type-product","3":"status-publish","4":"has-post-thumbnail","6":"product_brand-codecanyon","7":"product_cat-personalizacion","8":"product_cat-plugins","9":"product_cat-wordpress-plugins","10":"product_tag-codecanyon","11":"member-discount","12":"discount-restricted","14":"first","15":"instock","16":"sale","17":"downloadable","18":"virtual","19":"sold-individually","20":"purchasable","21":"product-type-simple"},"_links":{"self":[{"href":"https:\/\/gpl-love.com\/es\/wp-json\/wp\/v2\/product\/119408","targetHints":{"allow":["GET"]}}],"collection":[{"href":"https:\/\/gpl-love.com\/es\/wp-json\/wp\/v2\/product"}],"about":[{"href":"https:\/\/gpl-love.com\/es\/wp-json\/wp\/v2\/types\/product"}],"replies":[{"embeddable":true,"href":"https:\/\/gpl-love.com\/es\/wp-json\/wp\/v2\/comments?post=119408"}],"wp:featuredmedia":[{"embeddable":true,"href":"https:\/\/gpl-love.com\/es\/wp-json\/wp\/v2\/media\/167399"}],"wp:attachment":[{"href":"https:\/\/gpl-love.com\/es\/wp-json\/wp\/v2\/media?parent=119408"}],"wp:term":[{"taxonomy":"product_brand","embeddable":true,"href":"https:\/\/gpl-love.com\/es\/wp-json\/wp\/v2\/product_brand?post=119408"},{"taxonomy":"product_cat","embeddable":true,"href":"https:\/\/gpl-love.com\/es\/wp-json\/wp\/v2\/product_cat?post=119408"},{"taxonomy":"product_tag","embeddable":true,"href":"https:\/\/gpl-love.com\/es\/wp-json\/wp\/v2\/product_tag?post=119408"}],"curies":[{"name":"wp","href":"https:\/\/api.w.org\/{rel}","templated":true}]}}