{"id":119385,"date":"2024-03-06T00:00:00","date_gmt":"2024-03-06T05:00:00","guid":{"rendered":"https:\/\/gpl-love.com\/es\/?post_type=product&#038;p=119385"},"modified":"2026-03-09T07:36:57","modified_gmt":"2026-03-09T12:36:57","slug":"gamipress-easy-digital-downloads-points-gateway","status":"publish","type":"product","link":"https:\/\/gpl-love.com\/es\/producto\/gamipress-easy-digital-downloads-points-gateway\/","title":{"rendered":"GamiPress Easy Digital Downloads Points Gateway 1.1.2"},"content":{"rendered":"<h3>GamiPress Easy Digital Downloads Points Gateway Caracteristicas<\/h3>\n<p>La puerta de enlace de Gamipress Easy Digital Deckings Points es una herramienta incre\u00edblemente eficiente y extremadamente f\u00e1cil de usar que le brinda la oportunidad de establecer un sistema de recompensa altamente efectivo y atractivo para su estimada tienda de descargas digitales f\u00e1ciles. Al utilizar esta notable puerta de enlace, puede generar sin esfuerzo un sistema notable basado en puntos que sirve para motivar inmensamente a sus clientes estimados a participar en compras y, posteriormente, acumular una cantidad considerable de puntos que posteriormente pueden redimir a cambio de descuentos invaluables u otros incentivos tremendamente atractivos. Tambi\u00e9n es crucial tener en cuenta que esta puerta de entrada invaluable se puede adaptar y personalizar meticulosamente para alinearse impecablemente con sus requisitos espec\u00edficos y \u00fanicos, lo que le permite establecer meticulosamente los valores de puntos, las reglas de recompensa y una variedad de otras variables de Paramount. Adem\u00e1s, dada su interfaz de usuario notablemente intuitiva y su integraci\u00f3n notablemente perfecta con la plataforma de descargas digitales f\u00e1ciles de altamente apreciadas, queda evidentemente claro que la puerta de enlace de los puntos de juego es la soluci\u00f3n indiscutiblemente perfecta para las empresas estimadas que buscan incrementarse y animar al cliente y lealtad y lealtad a niveles de \u00e9xito y prominencia sin precedentes.<\/p>\n<ul>\n<li>Un complemento que permite a los usuarios ganar y gastar puntos a trav\u00e9s de descargas digitales f\u00e1ciles<\/li>\n<li>Se integra f\u00e1cilmente con Gamipress, un complemento de gamificaci\u00f3n popular para WordPress<\/li>\n<li>Ofrece una experiencia de usuario perfecta, con actualizaciones de puntos autom\u00e1ticos y notificaciones en tiempo real<\/li>\n<li>Admite m\u00faltiples tipos de puntos y se puede personalizar para satisfacer las necesidades de cualquier sitio web<\/li>\n<li>Proporciona una gama de opciones de configuraci\u00f3n, incluidas las tasas de conversi\u00f3n de puntos y la configuraci\u00f3n de la pasarela de pago<\/li>\n<li>Totalmente compatible con otras extensiones de descargas digitales f\u00e1ciles y pasarelas de pago<\/li>\n<li>Ofrece documentaci\u00f3n detallada y soporte r\u00e1pido para ayudar con la instalaci\u00f3n y la configuraci\u00f3n<\/li>\n<li>Proporciona una herramienta poderosa para incentivar la participaci\u00f3n del cliente y aumentar las ventas en los sitios web de WordPress<\/li>\n<\/ul>\n","protected":false},"excerpt":{"rendered":"<p>La puerta de enlace de Gamipress Easy Digital Deckings Points es un complemento incre\u00edblemente robusto y de alto rendimiento que le proporciona la capacidad incomparable para incorporar puntos sin esfuerzo y recompensas en su tienda de descargas digitales f\u00e1ciles. Esta excepcional puerta de entrada le permite ofrecer una amplia gama de incentivos atractivos a sus estimados clientes, que abarca la capacidad de otorgar puntos para sus compras, descargas y una variedad de otras actividades atractivas. Adem\u00e1s, la funcionalidad excepcional que le otorg\u00f3 esta puerta de enlace le permite administrar y monitorear y monitorear de manera competente y sin esfuerzo los puntos acumulados de sus clientes, configurar sin problemas las reglas relacionadas con la adquisici\u00f3n y el gasto de dichos puntos, e incluso elaborar m\u00faltiples tipos de puntos que corresponden a acciones distintas . Con la instalaci\u00f3n de este complemento fenomenal, sin duda observar\u00e1 un aumento impresionante en sus cifras de ventas, as\u00ed como un aumento significativo en la participaci\u00f3n y dedicaci\u00f3n del cliente, todo gracias a la satisfacci\u00f3n derivada de ser recompensada por su lealtad inquebrantable.<\/p>\n","protected":false},"featured_media":166182,"comment_status":"open","ping_status":"open","template":"","meta":[],"product_brand":[2461],"product_cat":[1207,1426,1206],"product_tag":[2196],"class_list":{"0":"post-119385","1":"product","2":"type-product","3":"status-publish","4":"has-post-thumbnail","6":"product_brand-gami-press","7":"product_cat-comercio-electronico-plugins","8":"product_cat-pago-comercio-electronico-plugins","9":"product_cat-plugins","10":"product_tag-gami-press","11":"member-discount","12":"discount-restricted","14":"first","15":"instock","16":"sale","17":"downloadable","18":"virtual","19":"sold-individually","20":"purchasable","21":"product-type-simple"},"_links":{"self":[{"href":"https:\/\/gpl-love.com\/es\/wp-json\/wp\/v2\/product\/119385","targetHints":{"allow":["GET"]}}],"collection":[{"href":"https:\/\/gpl-love.com\/es\/wp-json\/wp\/v2\/product"}],"about":[{"href":"https:\/\/gpl-love.com\/es\/wp-json\/wp\/v2\/types\/product"}],"replies":[{"embeddable":true,"href":"https:\/\/gpl-love.com\/es\/wp-json\/wp\/v2\/comments?post=119385"}],"wp:featuredmedia":[{"embeddable":true,"href":"https:\/\/gpl-love.com\/es\/wp-json\/wp\/v2\/media\/166182"}],"wp:attachment":[{"href":"https:\/\/gpl-love.com\/es\/wp-json\/wp\/v2\/media?parent=119385"}],"wp:term":[{"taxonomy":"product_brand","embeddable":true,"href":"https:\/\/gpl-love.com\/es\/wp-json\/wp\/v2\/product_brand?post=119385"},{"taxonomy":"product_cat","embeddable":true,"href":"https:\/\/gpl-love.com\/es\/wp-json\/wp\/v2\/product_cat?post=119385"},{"taxonomy":"product_tag","embeddable":true,"href":"https:\/\/gpl-love.com\/es\/wp-json\/wp\/v2\/product_tag?post=119385"}],"curies":[{"name":"wp","href":"https:\/\/api.w.org\/{rel}","templated":true}]}}