{"id":119383,"date":"2024-03-06T00:00:00","date_gmt":"2024-03-06T05:00:00","guid":{"rendered":"https:\/\/gpl-love.com\/es\/?post_type=product&#038;p=119383"},"modified":"2026-03-09T07:36:56","modified_gmt":"2026-03-09T12:36:56","slug":"gamipress-easy-digital-downloads-partial-payments","status":"publish","type":"product","link":"https:\/\/gpl-love.com\/es\/producto\/gamipress-easy-digital-downloads-partial-payments\/","title":{"rendered":"GamiPress Easy Digital Downloads Partial Payments 1.1.4"},"content":{"rendered":"<h3>GamiPress Easy Digital Downloads Partial Payments Caracteristicas<\/h3>\n<p>Gamipress Easy Digital Descargas Pagos parciales, un complemento muy aclamado, est\u00e1 dise\u00f1ado para optimizar el proceso de pago para los clientes al permitirles realizar pagos parciales para productos digitales. Este complemento excepcional demuestra ser particularmente ventajoso para las empresas en l\u00ednea que se especializan en ofrecer productos de alto precio que no se pueden comprar f\u00e1cilmente de una vez. Adem\u00e1s, sirve como una soluci\u00f3n notable para los clientes que prefieren la conveniencia de pagar en cuotas, mejorando as\u00ed la experiencia de compra general. Al emplear pagos parciales de Gamipress f\u00e1ciles de descarga digital, las empresas en l\u00ednea pueden proporcionar efectivamente a los clientes una opci\u00f3n de pago flexible, lo que les permite iniciar una compra con un pago parcial y posteriormente finalizar la transacci\u00f3n a su propio ritmo. Adem\u00e1s, este complemento cuenta con un proceso de instalaci\u00f3n, configuraci\u00f3n y utilizaci\u00f3n f\u00e1cil de usar, al tiempo que se integra perfectamente con descargas digitales f\u00e1ciles, una de las plataformas de comercio electr\u00f3nico m\u00e1s buscadas espec\u00edficamente adaptadas para productos digitales. En esencia, las descargas digitales de Gamipress Easy Padings es un complemento excepcional que no solo simplifica el proceso de pago, asegurando la accesibilidad del cliente, sino que tambi\u00e9n ayuda a las empresas en l\u00ednea a aumentar sus cifras de ventas y la generaci\u00f3n general de ingresos.<\/p>\n<ul>\n<li>Permite a los clientes realizar pagos parciales para descargas digitales<\/li>\n<li>Proporciona m\u00e1s flexibilidad para los clientes que no pueden pagar el precio completo por adelantado<\/li>\n<li>Aumenta las ventas permitiendo a los clientes comprar art\u00edculos de alto precio a trav\u00e9s de pagos m\u00faltiples<\/li>\n<li>Ayuda a desarrollar la lealtad del cliente atendiendo sus necesidades financieras<\/li>\n<li>F\u00e1cil de configurar e integrar con descargas digitales f\u00e1ciles<\/li>\n<li>Admite m\u00faltiples pasarelas de pago<\/li>\n<li>Proporciona recordatorios y notificaciones autom\u00e1ticas para pagos pendientes<\/li>\n<li>Seguimiento f\u00e1cil del historial de pago y el estado<\/li>\n<li>Compatible con cualquier tema de WordPress<\/li>\n<li>Proporciona documentaci\u00f3n detallada y soporte para clientes y desarrolladores.<\/li>\n<\/ul>\n","protected":false},"excerpt":{"rendered":"<p>Gamipress Easy Digital Downloads Payments es un complemento notablemente eficiente y altamente pr\u00e1ctico que ofrece a los usuarios la incre\u00edble capacidad de aceptar pagos parciales por sus estimados productos digitales. Al implementar este complemento excepcional, las personas pueden establecer y organizar sin esfuerzo una amplia gama de opciones de pago flexibles para sus estimados clientes, mejorando dram\u00e1ticamente la experiencia de compra y facilitando transacciones sin problemas dentro de su tienda en l\u00ednea. Adem\u00e1s, este software sobresaliente se integra perfectamente con las descargas digitales f\u00e1ciles de renombre, una plataforma de comercio electr\u00f3nico excepcionalmente prominente, y proporciona una interfaz exquisitamente f\u00e1cil de usar que simplifica y optimiza la administraci\u00f3n de pagos parciales con mayor conveniencia y eficiencia. Abrace el extraordinario poder y la versatilidad de Gamipress descargas digitales f\u00e1ciles de pago y libera a sus valiosos clientes con una facilidad y comodidad incomparables a medida que se embarquan en su viaje para comprar sus productos altamente codiciados y excepcionales.<\/p>\n","protected":false},"featured_media":166181,"comment_status":"open","ping_status":"open","template":"","meta":[],"product_brand":[2461],"product_cat":[1207,1426,1206],"product_tag":[2196],"class_list":{"0":"post-119383","1":"product","2":"type-product","3":"status-publish","4":"has-post-thumbnail","6":"product_brand-gami-press","7":"product_cat-comercio-electronico-plugins","8":"product_cat-pago-comercio-electronico-plugins","9":"product_cat-plugins","10":"product_tag-gami-press","11":"member-discount","12":"discount-restricted","14":"first","15":"instock","16":"sale","17":"downloadable","18":"virtual","19":"sold-individually","20":"purchasable","21":"product-type-simple"},"_links":{"self":[{"href":"https:\/\/gpl-love.com\/es\/wp-json\/wp\/v2\/product\/119383","targetHints":{"allow":["GET"]}}],"collection":[{"href":"https:\/\/gpl-love.com\/es\/wp-json\/wp\/v2\/product"}],"about":[{"href":"https:\/\/gpl-love.com\/es\/wp-json\/wp\/v2\/types\/product"}],"replies":[{"embeddable":true,"href":"https:\/\/gpl-love.com\/es\/wp-json\/wp\/v2\/comments?post=119383"}],"wp:featuredmedia":[{"embeddable":true,"href":"https:\/\/gpl-love.com\/es\/wp-json\/wp\/v2\/media\/166181"}],"wp:attachment":[{"href":"https:\/\/gpl-love.com\/es\/wp-json\/wp\/v2\/media?parent=119383"}],"wp:term":[{"taxonomy":"product_brand","embeddable":true,"href":"https:\/\/gpl-love.com\/es\/wp-json\/wp\/v2\/product_brand?post=119383"},{"taxonomy":"product_cat","embeddable":true,"href":"https:\/\/gpl-love.com\/es\/wp-json\/wp\/v2\/product_cat?post=119383"},{"taxonomy":"product_tag","embeddable":true,"href":"https:\/\/gpl-love.com\/es\/wp-json\/wp\/v2\/product_tag?post=119383"}],"curies":[{"name":"wp","href":"https:\/\/api.w.org\/{rel}","templated":true}]}}