{"id":119381,"date":"2025-02-20T00:00:00","date_gmt":"2025-02-20T05:00:00","guid":{"rendered":"https:\/\/gpl-love.com\/es\/?post_type=product&#038;p=119381"},"modified":"2026-03-09T07:36:59","modified_gmt":"2026-03-09T12:36:59","slug":"gamipress-email-digests","status":"publish","type":"product","link":"https:\/\/gpl-love.com\/es\/producto\/gamipress-email-digests\/","title":{"rendered":"GamiPress Email Digests 1.1.0"},"content":{"rendered":"<h3>GamiPress Email Digests Caracteristicas<\/h3>\n<p>La herramienta Gamipress Email Digests es una soluci\u00f3n de marketing incre\u00edblemente robusta y efectiva que faculta a las empresas con la capacidad de involucrar e informar activamente a su base de usuarios con respecto a sus logros notables en sus respectivos sitios web. Esta caracter\u00edstica complementaria, que opera junto con Gamipress, un complemento de gamificaci\u00f3n en l\u00ednea, genera efectivamente res\u00famenes de correo electr\u00f3nico automatizados que resaltan de manera integral los diversos logros y avances de un usuario dentro de una plataforma en l\u00ednea dada. Estos informes exhaustivos son altamente personalizables, lo que brinda a las empresas la oportunidad de adaptar su contenido a las preferencias y necesidades espec\u00edficas de sus usuarios, y puede estar programado para distribuirse convenientemente a intervalos predeterminados. Esta caracter\u00edstica invaluable es particularmente adecuada para beneficiar a las comunidades en l\u00ednea, las plataformas de eLearning y los sitios web basados \u200b\u200ben la membres\u00eda. Al aprovechar el poder de los digestos de correo electr\u00f3nico de Gamipress, las empresas pueden cultivar una experiencia m\u00e1s personalizada e individualizada para sus usuarios, lo que a su vez conduce a niveles elevados de participaci\u00f3n del usuario y tasas de retenci\u00f3n de usuarios mejoradas.<\/p>\n<ul>\n<li>Env\u00eda digestiones de correo electr\u00f3nico a usuarios que contienen actualizaciones y logros importantes<\/li>\n<li>Crea una experiencia personalizada para cada usuario incorporando su progreso y estado de nivel<\/li>\n<li>Permite a los usuarios administrar f\u00e1cilmente sus preferencias de correo electr\u00f3nico y ajustar la frecuencia de los resumen<\/li>\n<li>Proporciona valiosas herramientas de retenci\u00f3n para mantener a los usuarios comprometidos y motivados<\/li>\n<li>Optimizar la comunicaci\u00f3n entre administradores y usuarios del sitio<\/li>\n<li>Aumenta la actividad del usuario y la lealtad del sitio al mostrar sus logros en un formato de resumen<\/li>\n<li>Compatible con una amplia gama de sitios web y plataformas de membres\u00eda<\/li>\n<li>Ofrece un dise\u00f1o vers\u00e1til y personalizable para adaptarse a cualquier sitio web o est\u00e9tica de la marca.<\/li>\n<\/ul>\n","protected":false},"excerpt":{"rendered":"<p>El correo electr\u00f3nico de Gamipress Digests sirve como una herramienta inmensamente robusta para los usuarios que desean permanecer actualizados sobre las actividades m\u00e1s recientes que ocurren en su sitio web o comunidad. Al emplear este complemento, los visitantes son capaces de recibir notificaciones de correo electr\u00f3nico personalizadas que les proporcionan un resumen conciso de sus actividades, estad\u00edsticas y logros. La funci\u00f3n Digest dentro de este complemento es notablemente adaptable, otorgando a los administradores con la capacidad de personalizar el contenido, la frecuencia y el tiempo de entrega de las notificaciones de correo electr\u00f3nico antes mencionadas. Este complemento, repleto de una variedad de caracter\u00edsticas ventajosas, demuestra ser la encarnaci\u00f3n de la perfecci\u00f3n para organizaciones, comunidades en l\u00ednea y sitios que poseen m\u00e9tricas de usuarios que se beneficiar\u00e1n de las notificaciones peri\u00f3dicas de correo electr\u00f3nico. El correo electr\u00f3nico de Gamipress Digests act\u00faa como un instrumento que garantiza que sus visitantes y miembros se mantengan bien informados, activamente comprometidos y sin problemas para continuar iniciando sesi\u00f3n e interactuando con su sitio.<\/p>\n","protected":false},"featured_media":166183,"comment_status":"open","ping_status":"open","template":"","meta":[],"product_brand":[2461],"product_cat":[1214,1206,1211],"product_tag":[2196],"class_list":{"0":"post-119381","1":"product","2":"type-product","3":"status-publish","4":"has-post-thumbnail","6":"product_brand-gami-press","7":"product_cat-personalizacion","8":"product_cat-plugins","9":"product_cat-wordpress-plugins","10":"product_tag-gami-press","11":"member-discount","12":"discount-restricted","14":"first","15":"instock","16":"sale","17":"downloadable","18":"virtual","19":"sold-individually","20":"purchasable","21":"product-type-simple"},"_links":{"self":[{"href":"https:\/\/gpl-love.com\/es\/wp-json\/wp\/v2\/product\/119381","targetHints":{"allow":["GET"]}}],"collection":[{"href":"https:\/\/gpl-love.com\/es\/wp-json\/wp\/v2\/product"}],"about":[{"href":"https:\/\/gpl-love.com\/es\/wp-json\/wp\/v2\/types\/product"}],"replies":[{"embeddable":true,"href":"https:\/\/gpl-love.com\/es\/wp-json\/wp\/v2\/comments?post=119381"}],"wp:featuredmedia":[{"embeddable":true,"href":"https:\/\/gpl-love.com\/es\/wp-json\/wp\/v2\/media\/166183"}],"wp:attachment":[{"href":"https:\/\/gpl-love.com\/es\/wp-json\/wp\/v2\/media?parent=119381"}],"wp:term":[{"taxonomy":"product_brand","embeddable":true,"href":"https:\/\/gpl-love.com\/es\/wp-json\/wp\/v2\/product_brand?post=119381"},{"taxonomy":"product_cat","embeddable":true,"href":"https:\/\/gpl-love.com\/es\/wp-json\/wp\/v2\/product_cat?post=119381"},{"taxonomy":"product_tag","embeddable":true,"href":"https:\/\/gpl-love.com\/es\/wp-json\/wp\/v2\/product_tag?post=119381"}],"curies":[{"name":"wp","href":"https:\/\/api.w.org\/{rel}","templated":true}]}}