{"id":119379,"date":"2025-06-30T00:00:00","date_gmt":"2025-06-30T05:00:00","guid":{"rendered":"https:\/\/gpl-love.com\/es\/?post_type=product&#038;p=119379"},"modified":"2026-03-09T07:36:48","modified_gmt":"2026-03-09T12:36:48","slug":"gamipress-conditional-emails","status":"publish","type":"product","link":"https:\/\/gpl-love.com\/es\/producto\/gamipress-conditional-emails\/","title":{"rendered":"GamiPress Conditional Emails 1.1.2"},"content":{"rendered":"<h3>GamiPress Conditional Emails Caracteristicas<\/h3>\n<p>El complemento de correos electr\u00f3nicos condicionales de Gamipress es una herramienta inmensamente potente que le otorga la capacidad de enviar correos electr\u00f3nicos a sus usuarios que dependen de condiciones particulares. Al utilizar esta herramienta, obtiene la capacidad de forjar correos electr\u00f3nicos personalizados que se dirigen espec\u00edficamente a los usuarios que han completado con \u00e9xito ciertas acciones o realizados hitos espec\u00edficos dentro de los l\u00edmites de su sitio web o juego. El complemento en s\u00ed extiende una amplia gama de opciones de personalizaci\u00f3n, que abarca la inclusi\u00f3n de campos personalizados, contenido din\u00e1mico y declaraciones condicionales. Los correos electr\u00f3nicos condicionales de Gamipress no solo poseen una naturaleza inherente f\u00e1cil de usar, sino que tambi\u00e9n se integra perfectamente con el complemento de Gamipress, lo que le convierte en un activo indispensable para cualquier sitio web o desarrollador de juegos que aspira a mejorar la participaci\u00f3n y retenci\u00f3n del usuario.<\/p>\n<ul>\n<li>Le permite enviar autom\u00e1ticamente correos electr\u00f3nicos personalizados y personalizados a sus usuarios en funci\u00f3n de sus acciones en su sitio.<\/li>\n<li>Ofrece diversas condiciones y desencadenantes para habilitar sus reglas de automatizaci\u00f3n de correo electr\u00f3nico<\/li>\n<li>Se integra a la perfecci\u00f3n con Gamipress, el popular complemento de gamificaci\u00f3n para WordPress<\/li>\n<li>Le brinda la capacidad de rastrear y medir la efectividad de sus campa\u00f1as de correo electr\u00f3nico a trav\u00e9s de Gamipress Analytics<\/li>\n<li>Proporciona soporte para diferentes plataformas de correo electr\u00f3nico, como MailChimp, SendGrid y m\u00e1s<\/li>\n<li>F\u00e1cil de configurar y usar con una interfaz f\u00e1cil de usar y documentaci\u00f3n completa<\/li>\n<li>Ayuda a aumentar la participaci\u00f3n y retenci\u00f3n del usuario en su sitio web entregando mensajes relevantes y espec\u00edficos a su audiencia<\/li>\n<li>Ofrece caracter\u00edsticas avanzadas, como contenido din\u00e1mico, declaraciones condicionales y programaci\u00f3n, para que su estrategia de marketing por correo electr\u00f3nico sea m\u00e1s sofisticada y efectiva.<\/li>\n<\/ul>\n","protected":false},"excerpt":{"rendered":"<p>Los correos electr\u00f3nicos condicionales de Gamipress, un complemento de WordPress altamente potente, facultan a los usuarios generar notificaciones de correo electr\u00f3nico personalizadas que dependen de distintas acciones del usuario. Al aprovechar este complemento, las personas pueden automatizar sin esfuerzo sus campa\u00f1as de marketing por correo electr\u00f3nico, al tiempo que env\u00edan comunicados personalizados a su p\u00fablico objetivo, estimulando as\u00ed el compromiso con su contenido, incentivando el logro de recompensas y fomentando la retenci\u00f3n de la audiencia. En consecuencia, si el objetivo implica el transporte de un c\u00e1lido mensaje de bienvenida a los usuarios reci\u00e9n registrados, la difusi\u00f3n de actualizaciones de progreso o la expresi\u00f3n de felicitaciones por alcanzar un hito significativo, los correos electr\u00f3nicos condicionales de Gamipress aseguran una facilitaci\u00f3n perfecta de tales tareas. Por lo tanto, \u00bfpor qu\u00e9 postergar por m\u00e1s tiempo? \u00a1Ev\u00fablate con este complemento formidable sin demora y catapulte sus esfuerzos de marketing por correo electr\u00f3nico a alturas de \u00e9xito incomparables!<\/p>\n","protected":false},"featured_media":166177,"comment_status":"open","ping_status":"open","template":"","meta":[],"product_brand":[2461],"product_cat":[1214,1206,1211],"product_tag":[2196],"class_list":{"0":"post-119379","1":"product","2":"type-product","3":"status-publish","4":"has-post-thumbnail","6":"product_brand-gami-press","7":"product_cat-personalizacion","8":"product_cat-plugins","9":"product_cat-wordpress-plugins","10":"product_tag-gami-press","11":"member-discount","12":"discount-restricted","14":"first","15":"instock","16":"sale","17":"downloadable","18":"virtual","19":"sold-individually","20":"purchasable","21":"product-type-simple"},"_links":{"self":[{"href":"https:\/\/gpl-love.com\/es\/wp-json\/wp\/v2\/product\/119379","targetHints":{"allow":["GET"]}}],"collection":[{"href":"https:\/\/gpl-love.com\/es\/wp-json\/wp\/v2\/product"}],"about":[{"href":"https:\/\/gpl-love.com\/es\/wp-json\/wp\/v2\/types\/product"}],"replies":[{"embeddable":true,"href":"https:\/\/gpl-love.com\/es\/wp-json\/wp\/v2\/comments?post=119379"}],"wp:featuredmedia":[{"embeddable":true,"href":"https:\/\/gpl-love.com\/es\/wp-json\/wp\/v2\/media\/166177"}],"wp:attachment":[{"href":"https:\/\/gpl-love.com\/es\/wp-json\/wp\/v2\/media?parent=119379"}],"wp:term":[{"taxonomy":"product_brand","embeddable":true,"href":"https:\/\/gpl-love.com\/es\/wp-json\/wp\/v2\/product_brand?post=119379"},{"taxonomy":"product_cat","embeddable":true,"href":"https:\/\/gpl-love.com\/es\/wp-json\/wp\/v2\/product_cat?post=119379"},{"taxonomy":"product_tag","embeddable":true,"href":"https:\/\/gpl-love.com\/es\/wp-json\/wp\/v2\/product_tag?post=119379"}],"curies":[{"name":"wp","href":"https:\/\/api.w.org\/{rel}","templated":true}]}}