{"id":119377,"date":"2025-02-20T00:00:00","date_gmt":"2025-02-20T05:00:00","guid":{"rendered":"https:\/\/gpl-love.com\/es\/?post_type=product&#038;p=119377"},"modified":"2026-03-09T07:36:50","modified_gmt":"2026-03-09T12:36:50","slug":"gamipress-conditional-notifications","status":"publish","type":"product","link":"https:\/\/gpl-love.com\/es\/producto\/gamipress-conditional-notifications\/","title":{"rendered":"GamiPress Conditional Notifications 1.1.4"},"content":{"rendered":"<h3>GamiPress Conditional Notifications Caracteristicas<\/h3>\n<p>Las notificaciones condicionales de Gamipress, un complemento inmensamente robusto, proporciona a los propietarios de sitios web la capacidad de automatizar su sistema de notificaci\u00f3n para los usuarios. Al utilizar este complemento, los usuarios pueden establecer condiciones precisas que act\u00faen como desencadenantes para el env\u00edo de notificaciones a los usuarios, dependiendo de sus acciones. Esto significa que los usuarios est\u00e1n facultados para obtener notificaciones personalizadas que se alineen con sus actividades o avances individuales en el sitio web. Adem\u00e1s, los usuarios poseen la capacidad de personalizar el contenido de dichas notificaciones, que abarca el mensaje y la cronolog\u00eda de tales notificaciones. Las notificaciones condicionales de Gamipress sirven como una herramienta indispensable para cualquier sitio web que aspire a cautivar a sus usuarios a trav\u00e9s de notificaciones espec\u00edficamente espec\u00edficas y pertinentes.<\/p>\n<ul>\n<li>Notificaciones personalizadas para sitios web de WordPress utilizando el complemento Gamipress<\/li>\n<li>Activar las notificaciones condicionalmente basadas en acciones o logros del usuario<\/li>\n<li>Configuraci\u00f3n f\u00e1cil con una interfaz f\u00e1cil de usar<\/li>\n<li>Elija entre varios tipos de notificaci\u00f3n, incluidos el correo electr\u00f3nico, la ventana emergente y las notificaciones push<\/li>\n<li>Personalizar mensajes de notificaci\u00f3n y dise\u00f1os para que coincidan con la marca de su sitio web<\/li>\n<li>Incentivar a los usuarios a interactuar con su sitio web notific\u00e1ndoles recompensas y logros<\/li>\n<li>Realice un registro de la actividad del usuario y la participaci\u00f3n a trav\u00e9s de Gamipress Analytics<\/li>\n<li>Aumentar la retenci\u00f3n de usuarios y el rendimiento general del sitio web con notificaciones condicionales de Gamipress<\/li>\n<\/ul>\n","protected":false},"excerpt":{"rendered":"<p>Las notificaciones condicionales de Gamipress son un complemento excepcionalmente robusto e influyente que le proporciona la capacidad de generar notificaciones a medida para su estimado sitio de WordPress, todo basado en una variedad de condiciones m\u00faltiples. A trav\u00e9s de la perfecta integraci\u00f3n de este complemento en su plataforma, se le otorga la capacidad de enviar notificaciones sin problemas a sus usuarios, precisamente en el momento en que logran con \u00e9xito ciertas acciones encomiables, como acumular una gran cantidad de puntos o alcanzar triunfalmente un triunfante Nivel predeterminado de excelencia. Adem\u00e1s de esto, es f\u00e1cil que usted configure estas notificaciones para que se transmita sin esfuerzo a cohortes precisas de usuarios o incluso individuos individuales, simplificando as\u00ed efectivamente el proceso de garantizar que su invaluable base de usuarios permanezca constantemente comprometida e informada sobre su asombro -Sargente de inspiraci\u00f3n en su sitio. En consecuencia, es inequ\u00edvocamente evidente que este complemento es un imperativo absoluto para cualquier persona que alberga el deseo de aumentar los niveles de participaci\u00f3n y impulsar irrevocablemente las tasas de retenci\u00f3n de usuarios en su extraordinario sitio de WordPress.<\/p>\n","protected":false},"featured_media":166178,"comment_status":"open","ping_status":"open","template":"","meta":[],"product_brand":[2461],"product_cat":[1214,1206,1211],"product_tag":[2196],"class_list":{"0":"post-119377","1":"product","2":"type-product","3":"status-publish","4":"has-post-thumbnail","6":"product_brand-gami-press","7":"product_cat-personalizacion","8":"product_cat-plugins","9":"product_cat-wordpress-plugins","10":"product_tag-gami-press","11":"member-discount","12":"discount-restricted","14":"first","15":"instock","16":"sale","17":"downloadable","18":"virtual","19":"sold-individually","20":"purchasable","21":"product-type-simple"},"_links":{"self":[{"href":"https:\/\/gpl-love.com\/es\/wp-json\/wp\/v2\/product\/119377","targetHints":{"allow":["GET"]}}],"collection":[{"href":"https:\/\/gpl-love.com\/es\/wp-json\/wp\/v2\/product"}],"about":[{"href":"https:\/\/gpl-love.com\/es\/wp-json\/wp\/v2\/types\/product"}],"replies":[{"embeddable":true,"href":"https:\/\/gpl-love.com\/es\/wp-json\/wp\/v2\/comments?post=119377"}],"wp:featuredmedia":[{"embeddable":true,"href":"https:\/\/gpl-love.com\/es\/wp-json\/wp\/v2\/media\/166178"}],"wp:attachment":[{"href":"https:\/\/gpl-love.com\/es\/wp-json\/wp\/v2\/media?parent=119377"}],"wp:term":[{"taxonomy":"product_brand","embeddable":true,"href":"https:\/\/gpl-love.com\/es\/wp-json\/wp\/v2\/product_brand?post=119377"},{"taxonomy":"product_cat","embeddable":true,"href":"https:\/\/gpl-love.com\/es\/wp-json\/wp\/v2\/product_cat?post=119377"},{"taxonomy":"product_tag","embeddable":true,"href":"https:\/\/gpl-love.com\/es\/wp-json\/wp\/v2\/product_tag?post=119377"}],"curies":[{"name":"wp","href":"https:\/\/api.w.org\/{rel}","templated":true}]}}