{"id":119375,"date":"2025-02-20T00:00:00","date_gmt":"2025-02-20T05:00:00","guid":{"rendered":"https:\/\/gpl-love.com\/es\/?post_type=product&#038;p=119375"},"modified":"2026-03-09T07:36:51","modified_gmt":"2026-03-09T12:36:51","slug":"gamipress-coupons","status":"publish","type":"product","link":"https:\/\/gpl-love.com\/es\/producto\/gamipress-coupons\/","title":{"rendered":"GamiPress Coupons 1.1.3"},"content":{"rendered":"<h3>GamiPress Coupons Caracteristicas<\/h3>\n<p>Los cupones de Gamipress, una herramienta incre\u00edblemente poderosa, le otorga la capacidad de otorgar recompensas a sus usuarios en forma de cupones, como resultado de su finalizaci\u00f3n de acciones espec\u00edficas en su sitio web. Al utilizar este complemento excepcional, posee la capacidad de modificar cupones a medida que finalmente pueden canjearse por una variedad de beneficios, incluidos descuentos, productos de cortes\u00eda o incluso otros incentivos atractivos. Estos notables cupones pueden otorgarse a sus usuarios una vez que hayan realizado una variedad de tareas, como realizar una compra, recomendar a un amigo o compartir su contenido notable en varias plataformas de redes sociales. La instalaci\u00f3n y la utilizaci\u00f3n de los cupones de Gamipress es un proceso sin esfuerzo, por lo que es un activo excepcionalmente ventajoso para cualquier sitio web que anhele fomentar la participaci\u00f3n y la lealtad del cliente. Independientemente de si est\u00e1 operando una tienda de comercio electr\u00f3nico o un sitio basado en la membres\u00eda, este complemento tiene la capacidad profunda de elevar sus tasas de conversi\u00f3n y generar un mayor volumen de ventas. Proporcione a sus usuarios el \u00edmpetu que requieren para regresar constantemente a su sitio web mediante cupones de juego.<\/p>\n<ul>\n<li>Cupones automatizados para Gamipress<\/li>\n<li>F\u00e1cil integraci\u00f3n con el complemento de gamipress<\/li>\n<li>Configuraci\u00f3n de cup\u00f3n flexible (porcentaje de descuento, descuento fijo, fecha de vencimiento, l\u00edmite de uso)<\/li>\n<li>Se pueden crear varios cupones a la vez<\/li>\n<li>Los cupones se pueden aplicar a cualquier tipo de logro\/rango\/puntos<\/li>\n<li>Ideal para dar recompensas e incentivos a sus usuarios o alumnos<\/li>\n<li>Mejorar la participaci\u00f3n del usuario y la retenci\u00f3n con recompensas de cup\u00f3n<\/li>\n<li>Gesti\u00f3n sin problemas de cupones con opciones directas<\/li>\n<li>Actualizaciones y soporte regulares del equipo de Gamipress<\/li>\n<li>Precios asequibles con un per\u00edodo de prueba de 14 d\u00edas<\/li>\n<\/ul>\n","protected":false},"excerpt":{"rendered":"<p>\u00a1Mejore el nivel de compromiso y sentido de satisfacci\u00f3n para sus usuarios al aprovechar los notables beneficios de los cupones de juego! Esta potente herramienta le permite fabricar y circular cupones virtuales que se pueden intercambiar por productos en el juego u varias otras formas de recompensas. Mediante un procedimiento de configuraci\u00f3n directo y caracter\u00edsticas de personalizaci\u00f3n altamente adaptables, puede incorporar a la perfecci\u00f3n cupones en su marco de gamificaci\u00f3n preexistente, amplificando as\u00ed el incentivo para que los usuarios participen activamente con su sitio web o aplicaci\u00f3n. \u00a1No pierda tiempo y se embarque en el viaje de implementar cupones de juego para elevar su estrategia de gamificaci\u00f3n a alturas sin precedentes!<\/p>\n","protected":false},"featured_media":166179,"comment_status":"open","ping_status":"open","template":"","meta":[],"product_brand":[2461],"product_cat":[1214,1206,1211],"product_tag":[2196],"class_list":{"0":"post-119375","1":"product","2":"type-product","3":"status-publish","4":"has-post-thumbnail","6":"product_brand-gami-press","7":"product_cat-personalizacion","8":"product_cat-plugins","9":"product_cat-wordpress-plugins","10":"product_tag-gami-press","11":"member-discount","12":"discount-restricted","14":"first","15":"instock","16":"sale","17":"downloadable","18":"virtual","19":"sold-individually","20":"purchasable","21":"product-type-simple"},"_links":{"self":[{"href":"https:\/\/gpl-love.com\/es\/wp-json\/wp\/v2\/product\/119375","targetHints":{"allow":["GET"]}}],"collection":[{"href":"https:\/\/gpl-love.com\/es\/wp-json\/wp\/v2\/product"}],"about":[{"href":"https:\/\/gpl-love.com\/es\/wp-json\/wp\/v2\/types\/product"}],"replies":[{"embeddable":true,"href":"https:\/\/gpl-love.com\/es\/wp-json\/wp\/v2\/comments?post=119375"}],"wp:featuredmedia":[{"embeddable":true,"href":"https:\/\/gpl-love.com\/es\/wp-json\/wp\/v2\/media\/166179"}],"wp:attachment":[{"href":"https:\/\/gpl-love.com\/es\/wp-json\/wp\/v2\/media?parent=119375"}],"wp:term":[{"taxonomy":"product_brand","embeddable":true,"href":"https:\/\/gpl-love.com\/es\/wp-json\/wp\/v2\/product_brand?post=119375"},{"taxonomy":"product_cat","embeddable":true,"href":"https:\/\/gpl-love.com\/es\/wp-json\/wp\/v2\/product_cat?post=119375"},{"taxonomy":"product_tag","embeddable":true,"href":"https:\/\/gpl-love.com\/es\/wp-json\/wp\/v2\/product_tag?post=119375"}],"curies":[{"name":"wp","href":"https:\/\/api.w.org\/{rel}","templated":true}]}}