{"id":119371,"date":"2025-01-21T00:00:00","date_gmt":"2025-01-21T05:00:00","guid":{"rendered":"https:\/\/gpl-love.com\/es\/?post_type=product&#038;p=119371"},"modified":"2026-03-09T07:45:07","modified_gmt":"2026-03-09T12:45:07","slug":"kadence-galleries","status":"publish","type":"product","link":"https:\/\/gpl-love.com\/es\/producto\/kadence-galleries\/","title":{"rendered":"Kadence Galleries 1.3.3"},"content":{"rendered":"<h3>Kadence Galleries Caracteristicas<\/h3>\n<p>Kadence Galleries, un complemento dise\u00f1ado espec\u00edficamente para WordPress, sirve como una herramienta conveniente para los usuarios con el objetivo de establecer y administrar las galer\u00edas de im\u00e1genes sin esfuerzo en sus sitios web. Por medio de su interfaz f\u00e1cil de usar y funcionalidades sofisticadas, las galer\u00edas de Kadence facilitan efectivamente el proceso de presentar las fotograf\u00edas de una manera est\u00e9ticamente agradable y f\u00e1cilmente personalizable. Este complemento abarca una amplia gama de tipos de galer\u00edas, que abarca mamposter\u00eda, carrusel y dise\u00f1os de cuadr\u00edcula, junto con la provisi\u00f3n de opciones para pantallas de caja de luz y efectos de desplazamiento. Adem\u00e1s, Kadence Galleries incorpora varias caracter\u00edsticas, incluidas, entre otros, la carga perezosa, la optimizaci\u00f3n de im\u00e1genes y la capacidad de agregar subt\u00edtulos y descripciones a las im\u00e1genes de uno. Independientemente de si un individuo es un fot\u00f3grafo profesional o un individuo que aspira a exhibir su colecci\u00f3n personal, Kadence Galleries proporciona una soluci\u00f3n adaptable y f\u00e1cil de usar para la creaci\u00f3n de galer\u00edas llamativas en el sitio de WordPress.<\/p>\n<ul>\n<li>Kadence Galleries es un complemento de WordPress que le permite crear hermosas galer\u00edas de im\u00e1genes con respuesta m\u00f3vil para su sitio web.<\/li>\n<li>Compatible con todos los temas de WordPress, Kadence Galleries ofrece una amplia gama de opciones de personalizaci\u00f3n para que sus galer\u00edas se ajusten a la perfecci\u00f3n con su sitio.<\/li>\n<li>Elija entre m\u00faltiples dise\u00f1os de galer\u00eda, incluyendo carrusel, controles deslizantes y cuadr\u00edcula. Las opciones de presentaci\u00f3n de diapositivas personalizables le permiten agregar una variedad de efectos, como el tipo de transici\u00f3n, la reproducci\u00f3n autom\u00e1tica y los controles de sincronizaci\u00f3n.<\/li>\n<li>Con el creador de galer\u00eda Drag y Drop, crear galer\u00edas nunca ha sido m\u00e1s f\u00e1cil. Cree tantas galer\u00edas como desee, reordene las im\u00e1genes y personalice los tama\u00f1os de miniatura con facilidad.<\/li>\n<li>Optimice sus im\u00e1genes para la web con la herramienta de compresi\u00f3n de imagen integrada de Kadence Galleries, que reduce significativamente el tama\u00f1o del archivo sin sacrificar la calidad.<\/li>\n<li>Kadence Galleries tambi\u00e9n est\u00e1 optimizado para la optimizaci\u00f3n de motores de b\u00fasqueda (SEO), lo que permite que sus im\u00e1genes sean f\u00e1cilmente indexadas por los motores de b\u00fasqueda y se muestran correctamente en los resultados de b\u00fasqueda.<\/li>\n<li>Adem\u00e1s, Kadence Galleries es compatible con complementos populares de terceros, como WooCommerce, que le brinda la flexibilidad para crear impresionantes galer\u00edas de productos para su tienda en l\u00ednea.<\/li>\n<li>Con actualizaciones regulares y atenci\u00f3n al cliente excepcional, Kadence Galleries ofrece una soluci\u00f3n confiable y rica en funciones para todas sus necesidades de la galer\u00eda de im\u00e1genes.<\/li>\n<\/ul>\n","protected":false},"excerpt":{"rendered":"<p>Kadence Galleries, un complemento de la galer\u00eda de im\u00e1genes dise\u00f1ado espec\u00edficamente para sitios web de WordPress, cuenta con una interfaz intuitiva y caracter\u00edsticas f\u00e1ciles de usar. Este complemento, con su dise\u00f1o elegante y receptivo, ofrece a los usuarios la oportunidad de exhibir sin esfuerzo sus fotograf\u00edas y presentar sus esfuerzos art\u00edsticos de una manera visualmente atractiva y sofisticada. Con una extensa gama de opciones personalizables y funcionalidades avanzadas, Kadence Galleries sirve como la herramienta ideal para fot\u00f3grafos, artistas y otros profesionales creativos que buscan elevar sus sitios web al incorporar galer\u00edas visualmente impresionantes. Al aprovechar el poder de las galer\u00edas de Kadence, los usuarios pueden curar sin esfuerzo colecciones fascinantes y de alta calidad que est\u00e1n garantizadas para cautivar a su audiencia, dejando una impresi\u00f3n indeleble.<\/p>\n","protected":false},"featured_media":166541,"comment_status":"open","ping_status":"open","template":"","meta":[],"product_brand":[2364],"product_cat":[1214,1206,1211],"product_tag":[1804],"class_list":{"0":"post-119371","1":"product","2":"type-product","3":"status-publish","4":"has-post-thumbnail","6":"product_brand-kadence-wp","7":"product_cat-personalizacion","8":"product_cat-plugins","9":"product_cat-wordpress-plugins","10":"product_tag-kadence-wp","11":"member-discount","12":"discount-restricted","14":"first","15":"instock","16":"sale","17":"downloadable","18":"virtual","19":"sold-individually","20":"purchasable","21":"product-type-simple"},"_links":{"self":[{"href":"https:\/\/gpl-love.com\/es\/wp-json\/wp\/v2\/product\/119371","targetHints":{"allow":["GET"]}}],"collection":[{"href":"https:\/\/gpl-love.com\/es\/wp-json\/wp\/v2\/product"}],"about":[{"href":"https:\/\/gpl-love.com\/es\/wp-json\/wp\/v2\/types\/product"}],"replies":[{"embeddable":true,"href":"https:\/\/gpl-love.com\/es\/wp-json\/wp\/v2\/comments?post=119371"}],"wp:featuredmedia":[{"embeddable":true,"href":"https:\/\/gpl-love.com\/es\/wp-json\/wp\/v2\/media\/166541"}],"wp:attachment":[{"href":"https:\/\/gpl-love.com\/es\/wp-json\/wp\/v2\/media?parent=119371"}],"wp:term":[{"taxonomy":"product_brand","embeddable":true,"href":"https:\/\/gpl-love.com\/es\/wp-json\/wp\/v2\/product_brand?post=119371"},{"taxonomy":"product_cat","embeddable":true,"href":"https:\/\/gpl-love.com\/es\/wp-json\/wp\/v2\/product_cat?post=119371"},{"taxonomy":"product_tag","embeddable":true,"href":"https:\/\/gpl-love.com\/es\/wp-json\/wp\/v2\/product_tag?post=119371"}],"curies":[{"name":"wp","href":"https:\/\/api.w.org\/{rel}","templated":true}]}}