{"id":119369,"date":"2025-04-16T00:00:00","date_gmt":"2025-04-16T05:00:00","guid":{"rendered":"https:\/\/gpl-love.com\/es\/?post_type=product&#038;p=119369"},"modified":"2026-04-10T11:16:56","modified_gmt":"2026-04-10T16:16:56","slug":"modern-events-calendar-woocommerce-integration","status":"publish","type":"product","link":"https:\/\/gpl-love.com\/es\/producto\/modern-events-calendar-woocommerce-integration\/","title":{"rendered":"Modern Events Calendar WooCommerce Integration 2.2.0"},"content":{"rendered":"<h3>Modern Events Calendar WooCommerce Integration Caracteristicas<\/h3>\n<p>La integraci\u00f3n del complemento de calendario de eventos modernos con WooCommerce se ve facilitada por la integraci\u00f3n de WooCommerce de WooCommerce de eventos modernos altamente eficientes, que sirve como una herramienta potente. Mediante esta integraci\u00f3n perfecta, los usuarios est\u00e1n facultados para participar en actividades de venta de entradas y manejar sin esfuerzo tareas de gesti\u00f3n de eventos. Una caracter\u00edstica notable de esta integraci\u00f3n es su capacidad para permitir a los usuarios generar variaciones de productos personalizadas, como boletos y paquetes, que se pueden incorporar sin esfuerzo a sus tiendas de WooCommerce. Adem\u00e1s, esta integraci\u00f3n d\u00eda a los usuarios la capacidad de supervisar efectivamente las operaciones de ventas de boletos, que abarca el establecimiento de los precios de los boletos, la gesti\u00f3n del inventario y la generaci\u00f3n de informes integrales. En consecuencia, este complemento notablemente s\u00f3lido es la soluci\u00f3n ideal para gerentes de eventos y propietarios de negocios que buscan consolidar la gesti\u00f3n de sus eventos y ventas de entradas dentro de una plataforma singular.<\/p>\n<ul>\n<li>Integraci\u00f3n perfecta entre el calendario de eventos modernos y WooCommerce<\/li>\n<li>Capacidad para vender entradas para eventos directamente a trav\u00e9s de su sitio web<\/li>\n<li>Opciones de boletos personalizables y precios<\/li>\n<li>Registro autom\u00e1tico de eventos y seguimiento de la venta de entradas<\/li>\n<li>Compatible con todas las versiones modernas de WordPress y WooCommerce<\/li>\n<li>Administrar f\u00e1cilmente a los asistentes al evento y a los detalles de su pedido<\/li>\n<li>Reduce la mano de obra manual y mejora la experiencia general del usuario<\/li>\n<li>Acceso a informes de ventas detallados y an\u00e1lisis<\/li>\n<li>Dise\u00f1o receptivo para una experiencia \u00f3ptima para dispositivos m\u00f3viles y de escritorio<\/li>\n<li>Eventos ilimitados y venta de entradas sin tarifas adicionales.<\/li>\n<\/ul>\n","protected":false},"excerpt":{"rendered":"<p>La integraci\u00f3n del complemento de calendario de eventos modernos altamente solicitados con la plataforma WooCommerce ampliamente utilizada se ve facilitada por la integraci\u00f3n de WooCommerce de calendario modernos robustos y potentes. Esta integraci\u00f3n permite a los usuarios comercializar y vender boletos o mercanc\u00edas relacionadas con eventos, amplificando sus niveles de conveniencia. Al emplear la integraci\u00f3n de MEC WooCommerce, los organizadores de eventos pueden supervisar y regular todas sus ventas y transacciones monetarias dentro de un solo tablero integral, simplificando as\u00ed todo el proceso y optimizando la productividad. Adem\u00e1s, esta integraci\u00f3n ofrece a los organizadores y asistentes una variedad de opciones de personalizaci\u00f3n avanzada, incluida la capacidad de configurar diversas pasarelas de pago y sistemas de facturaci\u00f3n, lo que garantiza una experiencia verdaderamente personalizada y personalizada para ambas partes involucradas.<\/p>\n","protected":false},"featured_media":166806,"comment_status":"open","ping_status":"open","template":"","meta":[],"product_brand":[2408],"product_cat":[1207,1248,1206],"product_tag":[1419],"class_list":{"0":"post-119369","1":"product","2":"type-product","3":"status-publish","4":"has-post-thumbnail","6":"product_brand-webnus","7":"product_cat-comercio-electronico-plugins","8":"product_cat-personalizacion-comercio-electronico-plugins","9":"product_cat-plugins","10":"product_tag-webnus","11":"member-discount","12":"discount-restricted","14":"first","15":"instock","16":"sale","17":"downloadable","18":"virtual","19":"sold-individually","20":"purchasable","21":"product-type-simple"},"_links":{"self":[{"href":"https:\/\/gpl-love.com\/es\/wp-json\/wp\/v2\/product\/119369","targetHints":{"allow":["GET"]}}],"collection":[{"href":"https:\/\/gpl-love.com\/es\/wp-json\/wp\/v2\/product"}],"about":[{"href":"https:\/\/gpl-love.com\/es\/wp-json\/wp\/v2\/types\/product"}],"replies":[{"embeddable":true,"href":"https:\/\/gpl-love.com\/es\/wp-json\/wp\/v2\/comments?post=119369"}],"wp:featuredmedia":[{"embeddable":true,"href":"https:\/\/gpl-love.com\/es\/wp-json\/wp\/v2\/media\/166806"}],"wp:attachment":[{"href":"https:\/\/gpl-love.com\/es\/wp-json\/wp\/v2\/media?parent=119369"}],"wp:term":[{"taxonomy":"product_brand","embeddable":true,"href":"https:\/\/gpl-love.com\/es\/wp-json\/wp\/v2\/product_brand?post=119369"},{"taxonomy":"product_cat","embeddable":true,"href":"https:\/\/gpl-love.com\/es\/wp-json\/wp\/v2\/product_cat?post=119369"},{"taxonomy":"product_tag","embeddable":true,"href":"https:\/\/gpl-love.com\/es\/wp-json\/wp\/v2\/product_tag?post=119369"}],"curies":[{"name":"wp","href":"https:\/\/api.w.org\/{rel}","templated":true}]}}