{"id":119367,"date":"2025-12-18T00:00:00","date_gmt":"2025-12-18T05:00:00","guid":{"rendered":"https:\/\/gpl-love.com\/es\/?post_type=product&#038;p=119367"},"modified":"2026-03-09T07:51:20","modified_gmt":"2026-03-09T12:51:20","slug":"modern-events-calendar-fluent-view-layouts","status":"publish","type":"product","link":"https:\/\/gpl-love.com\/es\/producto\/modern-events-calendar-fluent-view-layouts\/","title":{"rendered":"Modern Events Calendar Fluent View Layouts 1.7.5"},"content":{"rendered":"<h3>Modern Events Calendar Fluent View Layouts Caracteristicas<\/h3>\n<p>El calendario de eventos modernos Fluent View View, los dise\u00f1os ofrecen una selecci\u00f3n diversa de dise\u00f1os personalizables, mejorando en gran medida su experiencia de gesti\u00f3n de eventos. Su interfaz f\u00e1cil de usar permite la creaci\u00f3n y organizaci\u00f3n de eventos sin esfuerzo, adaptados a sus necesidades espec\u00edficas. Este producto cuenta con una gran cantidad de caracter\u00edsticas avanzadas, que incluye opciones de dise\u00f1o exquisitas, numerosos modos de visualizaci\u00f3n de eventos y un sistema de filtro robusto. Adem\u00e1s, la capacidad de incorporar campos personalizados en sus p\u00e1ginas de eventos le permite mostrar toda la informaci\u00f3n pertinente. Con los dise\u00f1os de vista de calendario con fluidez de eventos modernos, puede estar seguro de que sus requisitos de gesti\u00f3n de eventos se cumplir\u00e1n de manera perfecta y sin problemas.<\/p>\n<ul>\n<li>Dise\u00f1os de vista bellamente dise\u00f1ados para mostrar sus eventos<\/li>\n<li>6 opciones de dise\u00f1o diferentes para elegir, cada una con una apariencia \u00fanica.<\/li>\n<li>Dise\u00f1o receptivo que se ve muy bien en todos los dispositivos<\/li>\n<li>Opciones de personalizaci\u00f3n f\u00e1ciles para que cada dise\u00f1o sea exclusivo de su marca y estilo de evento<\/li>\n<li>Interfaz intuitiva para agregar nuevos eventos y administrar los existentes<\/li>\n<li>Integraci\u00f3n perfecta con WordPress para una f\u00e1cil implementaci\u00f3n<\/li>\n<li>Trabaja con el complemento de calendario de eventos modernos para optimizar la gesti\u00f3n de eventos<\/li>\n<li>Excelente para empresas, organizaciones o personas que organizan una variedad de eventos.<\/li>\n<li>Soluci\u00f3n simple y asequible para crear un calendario de eventos profesional y visualmente atractivo.<\/li>\n<\/ul>\n","protected":false},"excerpt":{"rendered":"<p>Presentamos los dise\u00f1os de vistas fluidas por calendario de eventos modernos, una soluci\u00f3n extremadamente notable dise\u00f1ada para exquisitamente exquisitamente exquisitamente sus eventos. Con un encanto est\u00e9tico incomparable, este complemento extraordinario proporciona una variedad de dise\u00f1os de vistas contempor\u00e1neos que armonizan sin problemas con el dise\u00f1o de su sitio web. Ofreciendo una variedad de opciones como la vista del horario, la vista mensual, la vista semanal y m\u00e1s, este complemento le otorga la libertad de seleccionar el dise\u00f1o m\u00e1s adecuado. Con caracter\u00edsticas navegables sin esfuerzo y capacidades de filtrado de eventos, los usuarios pueden localizar sin esfuerzo sus eventos deseados. Adem\u00e1s, este complemento garantiza una capacidad de respuesta completa, garantizando que sus eventos sigan siendo accesibles sin esfuerzo en todos los dispositivos. No se retrase m\u00e1s; Aproveche la oportunidad de sorprender y cautivar a su audiencia con los impresionantes eventos que ofrecen los dise\u00f1os de vistas fluidas del calendario de eventos modernos.<\/p>\n","protected":false},"featured_media":166804,"comment_status":"open","ping_status":"open","template":"","meta":[],"product_brand":[2408],"product_cat":[1214,1206,1211],"product_tag":[1419],"class_list":{"0":"post-119367","1":"product","2":"type-product","3":"status-publish","4":"has-post-thumbnail","6":"product_brand-webnus","7":"product_cat-personalizacion","8":"product_cat-plugins","9":"product_cat-wordpress-plugins","10":"product_tag-webnus","11":"member-discount","12":"discount-restricted","14":"first","15":"instock","16":"sale","17":"downloadable","18":"virtual","19":"sold-individually","20":"purchasable","21":"product-type-simple"},"_links":{"self":[{"href":"https:\/\/gpl-love.com\/es\/wp-json\/wp\/v2\/product\/119367","targetHints":{"allow":["GET"]}}],"collection":[{"href":"https:\/\/gpl-love.com\/es\/wp-json\/wp\/v2\/product"}],"about":[{"href":"https:\/\/gpl-love.com\/es\/wp-json\/wp\/v2\/types\/product"}],"replies":[{"embeddable":true,"href":"https:\/\/gpl-love.com\/es\/wp-json\/wp\/v2\/comments?post=119367"}],"wp:featuredmedia":[{"embeddable":true,"href":"https:\/\/gpl-love.com\/es\/wp-json\/wp\/v2\/media\/166804"}],"wp:attachment":[{"href":"https:\/\/gpl-love.com\/es\/wp-json\/wp\/v2\/media?parent=119367"}],"wp:term":[{"taxonomy":"product_brand","embeddable":true,"href":"https:\/\/gpl-love.com\/es\/wp-json\/wp\/v2\/product_brand?post=119367"},{"taxonomy":"product_cat","embeddable":true,"href":"https:\/\/gpl-love.com\/es\/wp-json\/wp\/v2\/product_cat?post=119367"},{"taxonomy":"product_tag","embeddable":true,"href":"https:\/\/gpl-love.com\/es\/wp-json\/wp\/v2\/product_tag?post=119367"}],"curies":[{"name":"wp","href":"https:\/\/api.w.org\/{rel}","templated":true}]}}