{"id":119365,"date":"2021-11-14T00:00:00","date_gmt":"2021-11-14T05:00:00","guid":{"rendered":"https:\/\/gpl-love.com\/es\/?post_type=product&#038;p=119365"},"modified":"2026-03-13T17:33:28","modified_gmt":"2026-03-13T22:33:28","slug":"wpzoom-eclipse-wordpress-theme","status":"publish","type":"product","link":"https:\/\/gpl-love.com\/es\/producto\/wpzoom-eclipse-wordpress-theme\/","title":{"rendered":"WPZoom Eclipse WordPress Theme 1.0.10"},"content":{"rendered":"<h3>WPZoom Eclipse WordPress Theme Caracteristicas<\/h3>\n<p>El tema WPZoom Eclipse WordPress, con su dise\u00f1o moderno y elegante, demuestra ser una opci\u00f3n ideal tanto para los bloggers como para las empresas por igual. En particular, este tema cuenta con una p\u00e1gina de inicio personalizable, que le permite adaptar la presentaci\u00f3n de su contenido para alinearse perfectamente con sus necesidades y preferencias espec\u00edficas. Adem\u00e1s, este tema es totalmente receptivo, asegurando que su sitio web se vea excepcional e impecable en todos los dispositivos, incluidos, entre otros, tel\u00e9fonos y tabletas m\u00f3viles. Adem\u00e1s, el tema WPZoom Eclipse WordPress ofrece una multitud de caracter\u00edsticas impresionantes, como una secci\u00f3n de cartera, widgets personalizados y un panel de opciones de temas notablemente potentes. Este panel le otorga facilidad y eficiencia incomparables en t\u00e9rminos de personalizaci\u00f3n y adaptaci\u00f3n del tema de acuerdo con sus preferencias y gustos individuales. En resumen, el tema de WordPress WPZOOM Eclipse representa la opci\u00f3n por excelencia para cualquier persona que busque un tema sofisticado y de moda que no solo ofrece una experiencia f\u00e1cil de usar, sino que tambi\u00e9n permite amplias opciones de personalizaci\u00f3n.<\/p>\n<ul>\n<li>Dise\u00f1o profesional y elegante con dise\u00f1os \u00fanicos y m\u00faltiples opciones de p\u00e1gina de inicio<\/li>\n<li>Compatible con la \u00faltima versi\u00f3n de WordPress y todos los principales navegadores<\/li>\n<li>Opciones de personalizaci\u00f3n f\u00e1ciles que incluyen esquemas de color, fuentes y widgets<\/li>\n<li>Panel de opciones de temas avanzados para configuraciones y caracter\u00edsticas personalizadas<\/li>\n<li>Dise\u00f1o receptivo y amigable para m\u00f3viles para todos los dispositivos<\/li>\n<li>Optimizaci\u00f3n de SEO incorporada para una mejor clasificaci\u00f3n de motores de b\u00fasqueda<\/li>\n<li>Compatibilidad con complementos populares que incluyen WooCommerce y Jetpack<\/li>\n<li>Documentaci\u00f3n integral y equipo de apoyo dedicado para asistencia<\/li>\n<\/ul>\n","protected":false},"excerpt":{"rendered":"<p>El tema de WordPress de WPZOOM Eclipse, con un dise\u00f1o elegante y moderno, ha sido dise\u00f1ado por los bloggers y las empresas por igual. Ofreciendo una amplia gama de dise\u00f1os personalizables y un dise\u00f1o altamente receptivo, Eclipse indudablemente surge como la opci\u00f3n ideal para cualquier persona que busque establecer una presencia en l\u00ednea sofisticada y refinada. Las caracter\u00edsticas impresionantes abarcan una variedad de plantillas de p\u00e1gina meticulosamente elaboradas, una integraci\u00f3n perfecta de plataformas de redes sociales y herramientas de personalizaci\u00f3n f\u00e1ciles de usar. Independientemente de si usted es un \u00e1vido blogger, un pr\u00f3spero propietario de una peque\u00f1a empresa o un profesional creativo innovador, el tema WPZoom Eclipse WordPress sirve sin esfuerzo como la plataforma definitiva para mostrar su valioso contenido y fomentar el crecimiento de su estimada marca.<\/p>\n","protected":false},"featured_media":168551,"comment_status":"open","ping_status":"open","template":"","meta":[],"product_brand":[2649],"product_cat":[1267,1237,1238],"product_tag":[2222],"class_list":{"0":"post-119365","1":"product","2":"type-product","3":"status-publish","4":"has-post-thumbnail","6":"product_brand-wp-zoom","7":"product_cat-creativo","8":"product_cat-temas","9":"product_cat-wordpress-temas","10":"product_tag-wp-zoom","11":"member-discount","12":"discount-restricted","14":"first","15":"instock","16":"sale","17":"downloadable","18":"virtual","19":"sold-individually","20":"purchasable","21":"product-type-simple"},"_links":{"self":[{"href":"https:\/\/gpl-love.com\/es\/wp-json\/wp\/v2\/product\/119365","targetHints":{"allow":["GET"]}}],"collection":[{"href":"https:\/\/gpl-love.com\/es\/wp-json\/wp\/v2\/product"}],"about":[{"href":"https:\/\/gpl-love.com\/es\/wp-json\/wp\/v2\/types\/product"}],"replies":[{"embeddable":true,"href":"https:\/\/gpl-love.com\/es\/wp-json\/wp\/v2\/comments?post=119365"}],"wp:featuredmedia":[{"embeddable":true,"href":"https:\/\/gpl-love.com\/es\/wp-json\/wp\/v2\/media\/168551"}],"wp:attachment":[{"href":"https:\/\/gpl-love.com\/es\/wp-json\/wp\/v2\/media?parent=119365"}],"wp:term":[{"taxonomy":"product_brand","embeddable":true,"href":"https:\/\/gpl-love.com\/es\/wp-json\/wp\/v2\/product_brand?post=119365"},{"taxonomy":"product_cat","embeddable":true,"href":"https:\/\/gpl-love.com\/es\/wp-json\/wp\/v2\/product_cat?post=119365"},{"taxonomy":"product_tag","embeddable":true,"href":"https:\/\/gpl-love.com\/es\/wp-json\/wp\/v2\/product_tag?post=119365"}],"curies":[{"name":"wp","href":"https:\/\/api.w.org\/{rel}","templated":true}]}}