{"id":119361,"date":"2025-06-13T00:00:00","date_gmt":"2025-06-13T05:00:00","guid":{"rendered":"https:\/\/gpl-love.com\/es\/?post_type=product&#038;p=119361"},"modified":"2026-03-09T07:36:40","modified_gmt":"2026-03-09T12:36:40","slug":"gamipress-anniversaries","status":"publish","type":"product","link":"https:\/\/gpl-love.com\/es\/producto\/gamipress-anniversaries\/","title":{"rendered":"GamiPress Anniversaries 1.0.5"},"content":{"rendered":"<h3>GamiPress Anniversaries Caracteristicas<\/h3>\n<p>El complemento Gamipress Anniversarios es una herramienta incre\u00edblemente poderosa dise\u00f1ada espec\u00edficamente para ayudar en la celebraci\u00f3n y el reconocimiento de hitos y logros importantes alcanzados por los usuarios en sus respectivos sitios web o comunidades en l\u00ednea. Al utilizar este complemento notable, a las personas se les otorga la capacidad de establecer eventos de aniversario personalizados, como conmemorar el n\u00famero de a\u00f1os transcurridos ya que un usuario inicialmente registrado, logr\u00f3 un nivel espec\u00edfico de competencia o hito, o incluso marcar la ocasi\u00f3n trascendental de su cumplea\u00f1os. Adem\u00e1s de estas caracter\u00edsticas excepcionales, Gamipress Anniversaries proporciona una extensa gama de opciones que permiten a los usuarios adaptar y personalizar la celebraci\u00f3n a su gusto, incluida la opci\u00f3n de exhibir mensajes personalizados, conferencias insignias, puntos o recompensas alternativas, e incluso La oportunidad de presentarles descuentos o cupones atractivos. Este complemento es realmente una soluci\u00f3n ideal para cualquier sitio web o comunidad en l\u00ednea con la intenci\u00f3n de involucrar y motivar activamente a sus usuarios, fomentando as\u00ed un entorno propicio para su continuo regreso y su implacable b\u00fasqueda de sus objetivos.<\/p>\n<ul>\n<li>Rastrear y celebrar los aniversarios de los usuarios en su sitio web<\/li>\n<li>Crear hitos y recompensas de aniversario personalizado<\/li>\n<li>Notificaciones autom\u00e1ticas de los usuarios para los pr\u00f3ximos aniversarios<\/li>\n<li>Integraci\u00f3n con complementos populares de membres\u00eda y comercio electr\u00f3nico<\/li>\n<li>Informes detallados y estad\u00edsticas sobre la actividad de aniversario<\/li>\n<li>Configuraci\u00f3n y configuraci\u00f3n f\u00e1ciles sin codificaci\u00f3n requerida<\/li>\n<li>Dise\u00f1o que responde a dispositivos m\u00f3viles para una experiencia de usuario perfecta<\/li>\n<li>Soporte multiling\u00fce para audiencias globales<\/li>\n<li>Actualizaciones regulares y soporte dedicado del equipo de Gamipress<\/li>\n<\/ul>\n","protected":false},"excerpt":{"rendered":"<p>Gamipress Anniversaries es un complemento de WordPress excepcionalmente robusto y rico en funciones que ofrece a los propietarios de sitios web la impresionante capacidad de dise\u00f1ar y generar insignias de reconocimiento de aniversario a medida destinadas a sus estimados usuarios, que est\u00e1n meticulosamente personalizadas en funci\u00f3n de la fecha de registro o cualquier otra momento momento Fecha de suma importancia. Este complemento excepcional e innovador sirve como una herramienta excepcional, lo que le permite inspirar y vigorizar efectivamente a sus usuarios con una experiencia verdaderamente personalizada y \u00fanica, asegurando que se sientan valorados y apreciados en sus d\u00edas trascendentalmente especiales, tal como su aniversario de membres\u00eda anual o incluso su propia celebraci\u00f3n de cumplea\u00f1os. Adem\u00e1s de esto, los aniversarios de Gamipress sirven como catalizador para fomentar una sensaci\u00f3n de compromiso inquebrantable y pasi\u00f3n indomable entre su estimada audiencia, aumentando as\u00ed exponencialmente la retenci\u00f3n de usuarios y reforzando el \u00e9xito general y la efectividad de su apreciado sitio web.<\/p>\n","protected":false},"featured_media":166173,"comment_status":"open","ping_status":"open","template":"","meta":[],"product_brand":[2461],"product_cat":[1214,1206,1211],"product_tag":[2196],"class_list":{"0":"post-119361","1":"product","2":"type-product","3":"status-publish","4":"has-post-thumbnail","6":"product_brand-gami-press","7":"product_cat-personalizacion","8":"product_cat-plugins","9":"product_cat-wordpress-plugins","10":"product_tag-gami-press","11":"member-discount","12":"discount-restricted","14":"first","15":"instock","16":"sale","17":"downloadable","18":"virtual","19":"sold-individually","20":"purchasable","21":"product-type-simple"},"_links":{"self":[{"href":"https:\/\/gpl-love.com\/es\/wp-json\/wp\/v2\/product\/119361","targetHints":{"allow":["GET"]}}],"collection":[{"href":"https:\/\/gpl-love.com\/es\/wp-json\/wp\/v2\/product"}],"about":[{"href":"https:\/\/gpl-love.com\/es\/wp-json\/wp\/v2\/types\/product"}],"replies":[{"embeddable":true,"href":"https:\/\/gpl-love.com\/es\/wp-json\/wp\/v2\/comments?post=119361"}],"wp:featuredmedia":[{"embeddable":true,"href":"https:\/\/gpl-love.com\/es\/wp-json\/wp\/v2\/media\/166173"}],"wp:attachment":[{"href":"https:\/\/gpl-love.com\/es\/wp-json\/wp\/v2\/media?parent=119361"}],"wp:term":[{"taxonomy":"product_brand","embeddable":true,"href":"https:\/\/gpl-love.com\/es\/wp-json\/wp\/v2\/product_brand?post=119361"},{"taxonomy":"product_cat","embeddable":true,"href":"https:\/\/gpl-love.com\/es\/wp-json\/wp\/v2\/product_cat?post=119361"},{"taxonomy":"product_tag","embeddable":true,"href":"https:\/\/gpl-love.com\/es\/wp-json\/wp\/v2\/product_tag?post=119361"}],"curies":[{"name":"wp","href":"https:\/\/api.w.org\/{rel}","templated":true}]}}