{"id":119359,"date":"2025-10-10T00:00:00","date_gmt":"2025-10-10T05:00:00","guid":{"rendered":"https:\/\/gpl-love.com\/es\/?post_type=product&#038;p=119359"},"modified":"2026-03-09T08:26:25","modified_gmt":"2026-03-09T13:26:25","slug":"woocommerce-variations-to-table-grid","status":"publish","type":"product","link":"https:\/\/gpl-love.com\/es\/producto\/woocommerce-variations-to-table-grid\/","title":{"rendered":"WooCommerce Variations to Table Grid 1.5.10"},"content":{"rendered":"<h3>WooCommerce Variations to Table Grid Caracteristicas<\/h3>\n<p>Las variaciones de WooCommerce a Table Grid Plugin ofrecen una soluci\u00f3n \u00f3ptima para las personas que operan tiendas en l\u00ednea y desean proporcionar a sus clientes una tabla de productos simplificada e instintiva. Al utilizar este complemento, se puede transformar sin esfuerzo sus variaciones de productos en una tabla que sea f\u00e1cil de usar, presentando as\u00ed toda la informaci\u00f3n pertinente del producto de manera l\u00facida y concisa. La cuadr\u00edcula de la tabla cuenta con un alto nivel de personalizaci\u00f3n, lo que brinda a los usuarios la capacidad de seleccionar qu\u00e9 atributos del producto exhibir y determinar la forma en que se exhiben. Adem\u00e1s, este complemento est\u00e1 meticulosamente dise\u00f1ado para ser completamente compatible con los dispositivos m\u00f3viles, asegurando as\u00ed que los clientes puedan leer y comprar perfectamente productos, independientemente del dispositivo que est\u00e9n utilizando. En conclusi\u00f3n, las variaciones de WooCommerce al complemento de la red de tabla es una herramienta indispensable para cualquier tienda en l\u00ednea que busque elevar la experiencia de su cliente y aumentar sus ventas.<\/p>\n<ul>\n<li>Organiza y muestra las variaciones de sus productos de WooCommerce en un formato de cuadr\u00edcula<\/li>\n<li>Proporciona una interfaz f\u00e1cil de usar para que sus clientes vean y seleccionen f\u00e1cilmente variaciones<\/li>\n<li>Permite la clasificaci\u00f3n y el filtrado de variaciones por atributos, como el tama\u00f1o o el color<\/li>\n<li>Muestra los niveles de stock para cada variaci\u00f3n, brindando transparencia a los clientes y ayudando a la toma de decisiones de compra<\/li>\n<li>Mejora la experiencia general de compra para los clientes, lo que lleva a una mayor ventas y satisfacci\u00f3n del cliente.<\/li>\n<li>Se puede personalizar con varios estilos y dise\u00f1os para que coincida con la apariencia de su sitio web<\/li>\n<li>Ahorra tiempo para los propietarios de tiendas generando autom\u00e1ticamente la cuadr\u00edcula de la tabla en funci\u00f3n de las variaciones de su producto<\/li>\n<li>Compatible con todos los temas y complementos de WooCommerce, asegurando una integraci\u00f3n perfecta en su tienda en l\u00ednea.<\/li>\n<\/ul>\n","protected":false},"excerpt":{"rendered":"<p>Las variaciones de WooCommerce para el complemento de la red de tabla es una herramienta incre\u00edble que le permite transformar sin problemas las variaciones de su producto en una vista de tabla visualmente atractiva y muy f\u00e1cil de usar, facilitando as\u00ed la gesti\u00f3n sin esfuerzo y asegurando una experiencia de usuario mejorada. Al aprovechar el poder de este complemento fenomenal, obtiene la capacidad de exhibir sin esfuerzo todas sus diversas variaciones de productos, que abarca aspectos cruciales como el tama\u00f1o, el color y el material, dentro de un formato de mesa meticulosamente organizado, simplificando as\u00ed el proceso arduo de comparaci\u00f3n y selecci\u00f3n Las opciones m\u00e1s adecuadas que se alinean perfectamente con las preferencias y requisitos \u00fanicos de sus clientes. Adem\u00e1s, un aspecto notable de este complemento es su flexibilidad innata, ya que le permite personalizar h\u00e1bilmente los atributos est\u00e9ticos de la tabla, lo que le permite adaptar meticulosamente su apariencia para resonar impecablemente con sus estrategias de marca distintivas o el tema excesivo de su sitio web estimado . Al adoptar las capacidades revolucionarias ofrecidas por las variaciones de WooCommerce a Table Grid Plugin, puede optimizar de manera efectiva su valioso tiempo y reforzar diligentemente la experiencia general de compra de sus apreciados clientes, estableciendo as\u00ed una ventaja competitiva incomparable en el panorama electr\u00f3nico sin almercado.<\/p>\n","protected":false},"featured_media":168304,"comment_status":"open","ping_status":"open","template":"","meta":[],"product_brand":[2339],"product_cat":[1207,1248,1206],"product_tag":[1256],"class_list":{"0":"post-119359","1":"product","2":"type-product","3":"status-publish","4":"has-post-thumbnail","6":"product_brand-codecanyon","7":"product_cat-comercio-electronico-plugins","8":"product_cat-personalizacion-comercio-electronico-plugins","9":"product_cat-plugins","10":"product_tag-codecanyon","11":"member-discount","12":"discount-restricted","14":"first","15":"instock","16":"sale","17":"downloadable","18":"virtual","19":"sold-individually","20":"purchasable","21":"product-type-simple"},"_links":{"self":[{"href":"https:\/\/gpl-love.com\/es\/wp-json\/wp\/v2\/product\/119359","targetHints":{"allow":["GET"]}}],"collection":[{"href":"https:\/\/gpl-love.com\/es\/wp-json\/wp\/v2\/product"}],"about":[{"href":"https:\/\/gpl-love.com\/es\/wp-json\/wp\/v2\/types\/product"}],"replies":[{"embeddable":true,"href":"https:\/\/gpl-love.com\/es\/wp-json\/wp\/v2\/comments?post=119359"}],"wp:featuredmedia":[{"embeddable":true,"href":"https:\/\/gpl-love.com\/es\/wp-json\/wp\/v2\/media\/168304"}],"wp:attachment":[{"href":"https:\/\/gpl-love.com\/es\/wp-json\/wp\/v2\/media?parent=119359"}],"wp:term":[{"taxonomy":"product_brand","embeddable":true,"href":"https:\/\/gpl-love.com\/es\/wp-json\/wp\/v2\/product_brand?post=119359"},{"taxonomy":"product_cat","embeddable":true,"href":"https:\/\/gpl-love.com\/es\/wp-json\/wp\/v2\/product_cat?post=119359"},{"taxonomy":"product_tag","embeddable":true,"href":"https:\/\/gpl-love.com\/es\/wp-json\/wp\/v2\/product_tag?post=119359"}],"curies":[{"name":"wp","href":"https:\/\/api.w.org\/{rel}","templated":true}]}}