{"id":119315,"date":"2022-02-01T00:00:00","date_gmt":"2022-02-01T05:00:00","guid":{"rendered":"https:\/\/gpl-love.com\/es\/?post_type=product&#038;p=119315"},"modified":"2026-03-13T17:23:21","modified_gmt":"2026-03-13T22:23:21","slug":"kuteshop-multipurpose-woocommerce-wordpress-theme","status":"publish","type":"product","link":"https:\/\/gpl-love.com\/es\/producto\/kuteshop-multipurpose-woocommerce-wordpress-theme\/","title":{"rendered":"KuteShop Multipurpose WooCommerce WordPress Theme 4.0.6"},"content":{"rendered":"<h3>KuteShop Multipurpose WooCommerce WordPress Theme Caracteristicas<\/h3>\n<p>El tema de WordPress de Kuteshop Multipurpose WooCommerce, con su versatilidad y naturaleza din\u00e1mica, ha sido meticulosamente elaborado para satisfacer las numerosas demandas de cualquier sitio web de comercio electr\u00f3nico. Con una compatibilidad total con WooCommerce, este tema ha sido intrincadamente dise\u00f1ado para ofrecer una gran cantidad de opciones de personalizaci\u00f3n, asegurando que su sitio web se ajuste precisamente a sus especificaciones \u00fanicas. Equipado con una interfaz f\u00e1cil de usar y un dise\u00f1o inmaculado, Kuteshop facilita sin problemas la navegaci\u00f3n sin esfuerzo para los clientes, lo que les permite localizar sin esfuerzo los productos que buscan. Adem\u00e1s, este tema excepcional abarca una variedad de caracter\u00edsticas notables, que incluyen esquemas de color sin l\u00edmites, un dise\u00f1o receptivo y widgets personalizables, lo que le convierte en la opci\u00f3n por excelencia para cualquier g\u00e9nero de la tienda en l\u00ednea. Ya sea ropa, electr\u00f3nica o cualquier otra categor\u00eda de productos, Kuteshop indudablemente emerge como la soluci\u00f3n definitiva para establecer una presencia en l\u00ednea pulida e impactante.<\/p>\n<ul>\n<li>Tema de WooCommerce vers\u00e1til y flexible para sitios web de WordPress<\/li>\n<li>Totalmente receptivo y optimizado para dispositivos m\u00f3viles<\/li>\n<li>Viene con m\u00faltiples opciones de p\u00e1gina de inicio y dise\u00f1o para elegir<\/li>\n<li>Soporte incorporado para varios complementos de WooCommerce y complementos<\/li>\n<li>Personalizaci\u00f3n f\u00e1cil con constructor de p\u00e1ginas de arrastrar y soltar y opciones de temas en vivo<\/li>\n<li>Incluye p\u00e1ginas y plantillas preconstruidas para p\u00e1ginas de sitios web comunes como Acerca de nosotros, contacto, blog y m\u00e1s<\/li>\n<li>SEO amigable y optimizado para velocidades de carga r\u00e1pidas<\/li>\n<li>Compatible con complementos populares de WordPress para una funcionalidad adicional<\/li>\n<li>Equipo de apoyo dedicado y una amplia documentaci\u00f3n incluida<\/li>\n<li>Actualizaciones y mejoras peri\u00f3dicas al tema para mantenerse al d\u00eda con las \u00faltimas tendencias en dise\u00f1o web y funcionalidad.<\/li>\n<\/ul>\n","protected":false},"excerpt":{"rendered":"<p>Kuteshop, un tema de WordPress multiprop\u00f3sito altamente vers\u00e1til y robusto meticulosamente elaborado para WooCommerce, proporciona una inmensa flexibilidad. Le otorga oportunidades ilimitadas para dise\u00f1ar una tienda en l\u00ednea excepcional que exude un aura elegante y contempor\u00e1nea. Con una capacidad de respuesta completa, este tema viene equipado con una extensa variedad de dise\u00f1os, widgets y caracter\u00edsticas predise\u00f1ados predise\u00f1ados que sin duda elevar\u00e1n su negocio en l\u00ednea a la vanguardia. Con Kuteshop, puede exhibir sin esfuerzo sus productos de la manera m\u00e1s \u00f3ptima, administrar sin problemas su inventario y procesar los pagos sin problemas. Este tema resulta ideal para cualquier tienda en l\u00ednea, que abarca una amplia gama de industrias, como moda, electr\u00f3nica, muebles y regalos. Obtenga Kuteshop hoy y emprenda el viaje de la construcci\u00f3n de su tienda en l\u00ednea ideal.<\/p>\n","protected":false},"featured_media":166563,"comment_status":"open","ping_status":"open","template":"","meta":[],"product_brand":[2337],"product_cat":[1239,1237,1238],"product_tag":[1391],"class_list":{"0":"post-119315","1":"product","2":"type-product","3":"status-publish","4":"has-post-thumbnail","6":"product_brand-themeforest","7":"product_cat-de-multiples-fines","8":"product_cat-temas","9":"product_cat-wordpress-temas","10":"product_tag-themeforest","11":"member-discount","12":"discount-restricted","14":"first","15":"instock","16":"sale","17":"downloadable","18":"virtual","19":"sold-individually","20":"purchasable","21":"product-type-simple"},"_links":{"self":[{"href":"https:\/\/gpl-love.com\/es\/wp-json\/wp\/v2\/product\/119315","targetHints":{"allow":["GET"]}}],"collection":[{"href":"https:\/\/gpl-love.com\/es\/wp-json\/wp\/v2\/product"}],"about":[{"href":"https:\/\/gpl-love.com\/es\/wp-json\/wp\/v2\/types\/product"}],"replies":[{"embeddable":true,"href":"https:\/\/gpl-love.com\/es\/wp-json\/wp\/v2\/comments?post=119315"}],"wp:featuredmedia":[{"embeddable":true,"href":"https:\/\/gpl-love.com\/es\/wp-json\/wp\/v2\/media\/166563"}],"wp:attachment":[{"href":"https:\/\/gpl-love.com\/es\/wp-json\/wp\/v2\/media?parent=119315"}],"wp:term":[{"taxonomy":"product_brand","embeddable":true,"href":"https:\/\/gpl-love.com\/es\/wp-json\/wp\/v2\/product_brand?post=119315"},{"taxonomy":"product_cat","embeddable":true,"href":"https:\/\/gpl-love.com\/es\/wp-json\/wp\/v2\/product_cat?post=119315"},{"taxonomy":"product_tag","embeddable":true,"href":"https:\/\/gpl-love.com\/es\/wp-json\/wp\/v2\/product_tag?post=119315"}],"curies":[{"name":"wp","href":"https:\/\/api.w.org\/{rel}","templated":true}]}}