{"id":119311,"date":"2022-02-24T00:00:00","date_gmt":"2022-02-24T05:00:00","guid":{"rendered":"https:\/\/gpl-love.com\/es\/?post_type=product&#038;p=119311"},"modified":"2026-03-09T07:44:08","modified_gmt":"2026-03-09T12:44:08","slug":"jch-optimize-pro-para-wordpress","status":"publish","type":"product","link":"https:\/\/gpl-love.com\/es\/producto\/jch-optimize-pro-para-wordpress\/","title":{"rendered":"JCH Optimize Pro para WordPress 3.0.4"},"content":{"rendered":"<h3>JCH Optimize Pro para WordPress Caracteristicas<\/h3>\n<p>JCH Optimize Pro para WordPress es un complemento excepcionalmente robusto que mejora efectivamente el rendimiento de su sitio web de WordPress minificando y comprimiendo CSS, JavaScript y archivos HTML, reduciendo as\u00ed su tama\u00f1o y mejorando significativamente los tiempos de carga de la p\u00e1gina. Este notable complemento tambi\u00e9n se destaca en la optimizaci\u00f3n de im\u00e1genes comprimi\u00e9ndolas con un compromiso inquebrantable para mantener su calidad superior, aumentando a\u00fan m\u00e1s la velocidad del sitio web. Adem\u00e1s, JCH Optimize Pro permite a los usuarios diferir la carga de JavaScript y priorizar la carga de CSS, lo que finalmente da como resultado un proceso de representaci\u00f3n del sitio web notablemente acelerado. Adem\u00e1s, este complemento abarca las caracter\u00edsticas avanzadas de almacenamiento en cach\u00e9 y las capacidades de almacenamiento en cach\u00e9 del navegador, lo que garantiza diligentemente que su sitio web cargue r\u00e1pidamente, incluso para los visitantes que con frecuencia regresan a su sitio. En general, si anhela mejorar el rendimiento general de su sitio web y proporcionar a sus estimados visitantes una experiencia de usuario incomparable, JCH Optimize Pro para WordPress es un complemento indispensablemente esencial que simplemente no puede permitirse pasar por alto.<\/p>\n<ul>\n<li>Optimizaci\u00f3n avanzada de su sitio web de WordPress<\/li>\n<li>Aumento de la velocidad de carga de la p\u00e1gina y una mejor experiencia del usuario<\/li>\n<li>Compresi\u00f3n autom\u00e1tica de im\u00e1genes y cambio de tama\u00f1o para reducir el tama\u00f1o de la p\u00e1gina<\/li>\n<li>Integraci\u00f3n con complementos de almacenamiento en cach\u00e9 populares como WP Super Cache y W3 Total Cache<\/li>\n<li>Opci\u00f3n para minificar y combinar archivos CSS y JavaScript para tiempos de carga m\u00e1s r\u00e1pidos<\/li>\n<li>Interfaz f\u00e1cil de usar con m\u00e9tricas de rendimiento de optimizaci\u00f3n clara<\/li>\n<li>Compatible con todos los temas y complementos de WordPress<\/li>\n<li>Actualizaciones regulares y atenci\u00f3n al cliente para garantizar una funcionalidad \u00f3ptima<\/li>\n<li>Pago \u00fanico con licencia profesional de por vida incluida<\/li>\n<li>No se requieren habilidades de codificaci\u00f3n o t\u00e9cnicos para su uso<\/li>\n<\/ul>\n","protected":false},"excerpt":{"rendered":"<p>JCH Optimize Pro, una herramienta de optimizaci\u00f3n altamente potente dise\u00f1ada meticulosamente para sitios web de WordPress, presenta una amplia gama de capacidades de optimizaci\u00f3n destinadas a mejorar el rendimiento de su sitio web. Al disminuir los tiempos de carga, mejorar la velocidad de la p\u00e1gina y minimizar las solicitudes HTTP, este conjunto integral de caracter\u00edsticas de optimizaci\u00f3n se garantiza que producir\u00e1n resultados notables. JCH Optimize Pro lo empodera a optimizar las im\u00e1genes de su sitio web, minificar y comprimir los archivos de su sitio web, erradicar el c\u00f3digo superfluo y mucho m\u00e1s. Adem\u00e1s, la incorporaci\u00f3n de un sistema de gesti\u00f3n de cach\u00e9 incorporado le otorga la oportunidad de elevar sustancialmente la velocidad total de su sitio web. Adem\u00e1s, con una interfaz notablemente f\u00e1cil de usar, JCH Optimize Pro garantiza una experiencia perfecta para los administradores de sitios web de todos los niveles de competencia.<\/p>\n","protected":false},"featured_media":166495,"comment_status":"open","ping_status":"open","template":"","meta":[],"product_brand":[2479],"product_cat":[1206,1579,1211],"product_tag":[2220],"class_list":{"0":"post-119311","1":"product","2":"type-product","3":"status-publish","4":"has-post-thumbnail","6":"product_brand-jch-optimize","7":"product_cat-plugins","8":"product_cat-rendimiento","9":"product_cat-wordpress-plugins","10":"product_tag-jch-optimize","11":"member-discount","12":"discount-restricted","14":"first","15":"instock","16":"sale","17":"downloadable","18":"virtual","19":"sold-individually","20":"purchasable","21":"product-type-simple"},"_links":{"self":[{"href":"https:\/\/gpl-love.com\/es\/wp-json\/wp\/v2\/product\/119311","targetHints":{"allow":["GET"]}}],"collection":[{"href":"https:\/\/gpl-love.com\/es\/wp-json\/wp\/v2\/product"}],"about":[{"href":"https:\/\/gpl-love.com\/es\/wp-json\/wp\/v2\/types\/product"}],"replies":[{"embeddable":true,"href":"https:\/\/gpl-love.com\/es\/wp-json\/wp\/v2\/comments?post=119311"}],"wp:featuredmedia":[{"embeddable":true,"href":"https:\/\/gpl-love.com\/es\/wp-json\/wp\/v2\/media\/166495"}],"wp:attachment":[{"href":"https:\/\/gpl-love.com\/es\/wp-json\/wp\/v2\/media?parent=119311"}],"wp:term":[{"taxonomy":"product_brand","embeddable":true,"href":"https:\/\/gpl-love.com\/es\/wp-json\/wp\/v2\/product_brand?post=119311"},{"taxonomy":"product_cat","embeddable":true,"href":"https:\/\/gpl-love.com\/es\/wp-json\/wp\/v2\/product_cat?post=119311"},{"taxonomy":"product_tag","embeddable":true,"href":"https:\/\/gpl-love.com\/es\/wp-json\/wp\/v2\/product_tag?post=119311"}],"curies":[{"name":"wp","href":"https:\/\/api.w.org\/{rel}","templated":true}]}}