{"id":119309,"date":"2026-01-10T00:00:00","date_gmt":"2026-01-10T05:00:00","guid":{"rendered":"https:\/\/gpl-love.com\/es\/?post_type=product&#038;p=119309"},"modified":"2026-03-09T08:27:44","modified_gmt":"2026-03-09T13:27:44","slug":"wp-adverts-plugin","status":"publish","type":"product","link":"https:\/\/gpl-love.com\/es\/producto\/wp-adverts-plugin\/","title":{"rendered":"WP Adverts Plugin 2.2.11"},"content":{"rendered":"<h3>WP Adverts Plugin Caracteristicas<\/h3>\n<p>El complemento WP Anuncs, una herramienta incre\u00edblemente robusta, se ha desarrollado espec\u00edficamente para sitios web de WordPress para facilitar la creaci\u00f3n sin esfuerzo y la gesti\u00f3n meticulosa de los anuncios. Este notable complemento cuenta con una interfaz notablemente f\u00e1cil de usar que simplifica el proceso de elaboraci\u00f3n y publicaci\u00f3n de anuncios en una mir\u00edada de formatos, que van desde anuncios cautivadores basados \u200b\u200ben texto hasta anuncios visualmente impresionantes de im\u00e1genes y video. Con el complemento de anuncios WP, a los usuarios se les otorga la notable capacidad de personalizar y personalizar plantillas, categor\u00edas y campos, lo que les brinda el lujo de adaptar el proceso de creaci\u00f3n de anuncios para alinearse perfectamente con sus necesidades y preferencias individuales. Adem\u00e1s, este complemento excepcional ofrece a los usuarios una amplia gama de opciones de pago para elegir, incluidos el siempre popular PayPal y Stripe, y agilizan as\u00ed el proceso de transacci\u00f3n. Independientemente de si el objetivo en cuesti\u00f3n es promover de manera efectiva un negocio floreciente o vender con \u00e9xito una amplia gama de productos, est\u00e1 indudablemente claro que el complemento de anuncios WP es, sin duda, la opci\u00f3n por excelencia para administrar anuncios en sitios web de WordPress con eficiencia y confiabilidad sin igual.<\/p>\n<ul>\n<li>Un poderoso complemento de WordPress dise\u00f1ado para hacer que la administraci\u00f3n de anuncios en su sitio web sea simple y conveniente.<\/li>\n<li>Le permite crear y mostrar anuncios en varias p\u00e1ginas y \u00e1reas de su sitio, con una amplia gama de opciones de personalizaci\u00f3n.<\/li>\n<li>Incluye caracter\u00edsticas como la programaci\u00f3n de anuncios, la orientaci\u00f3n geogr\u00e1fica y la rotaci\u00f3n de anuncios, lo que le brinda un control completo sobre c\u00f3mo y cu\u00e1ndo se muestran sus anuncios a su audiencia.<\/li>\n<li>Ofrece una interfaz f\u00e1cil de usar que facilita incluso a los principiantes crear y administrar anuncios sin ning\u00fan conocimiento de codificaci\u00f3n.<\/li>\n<li>Se puede utilizar para mostrar varios tipos de anuncios, incluidos pancartas, anuncios de texto y videos, brind\u00e1ndole flexibilidad en su estrategia de anuncios.<\/li>\n<li>Ofrece compatibilidad con una amplia gama de temas y complementos de WordPress, asegurando una integraci\u00f3n perfecta en su sitio de WordPress.<\/li>\n<li>Proporciona an\u00e1lisis y informes detallados, para que pueda rastrear el rendimiento de sus anuncios y tomar decisiones basadas en datos para optimizar su estrategia.<\/li>\n<li>Ofrece un dise\u00f1o receptivo, por lo que sus anuncios se ver\u00e1n muy bien en cualquier dispositivo, independientemente del tama\u00f1o o la resoluci\u00f3n de la pantalla.<\/li>\n<\/ul>\n","protected":false},"excerpt":{"rendered":"<p>El complemento de anuncios WP, una herramienta incre\u00edblemente robusta y eficiente, sirve como un activo excepcional para administrar y exhibir de manera efectiva anuncios en su sitio web de WordPress. Empaquetado con una gran cantidad de caracter\u00edsticas f\u00e1ciles de usar, como selecci\u00f3n de anuncios personalizable y opciones de programaci\u00f3n flexible, este complemento se presenta como una ayuda invaluable para racionalizar y ajustar la estrategia de monetizaci\u00f3n de su sitio web. Adem\u00e1s, su dise\u00f1o receptivo incomparable garantiza que sus anuncios mantendr\u00e1n su apariencia impecable en todos los dispositivos concebibles. Independientemente de si se identifica como un blogger dedicado, editor destacado o propietario de negocios emprendedor, el complemento de anuncios WP atiende a sus diversas necesidades, lo que finalmente le permite aprovechar el m\u00e1ximo potencial de los ingresos publicitarios de su sitio web.<\/p>\n","protected":false},"featured_media":168365,"comment_status":"open","ping_status":"open","template":"","meta":[],"product_brand":[2615],"product_cat":[1232,1206,1211],"product_tag":[2219],"class_list":{"0":"post-119309","1":"product","2":"type-product","3":"status-publish","4":"has-post-thumbnail","6":"product_brand-wp-adverts","7":"product_cat-marketing-wordpress-plugins","8":"product_cat-plugins","9":"product_cat-wordpress-plugins","10":"product_tag-wp-adverts","11":"member-discount","12":"discount-restricted","14":"first","15":"instock","16":"sale","17":"downloadable","18":"virtual","19":"sold-individually","20":"purchasable","21":"product-type-simple"},"_links":{"self":[{"href":"https:\/\/gpl-love.com\/es\/wp-json\/wp\/v2\/product\/119309","targetHints":{"allow":["GET"]}}],"collection":[{"href":"https:\/\/gpl-love.com\/es\/wp-json\/wp\/v2\/product"}],"about":[{"href":"https:\/\/gpl-love.com\/es\/wp-json\/wp\/v2\/types\/product"}],"replies":[{"embeddable":true,"href":"https:\/\/gpl-love.com\/es\/wp-json\/wp\/v2\/comments?post=119309"}],"wp:featuredmedia":[{"embeddable":true,"href":"https:\/\/gpl-love.com\/es\/wp-json\/wp\/v2\/media\/168365"}],"wp:attachment":[{"href":"https:\/\/gpl-love.com\/es\/wp-json\/wp\/v2\/media?parent=119309"}],"wp:term":[{"taxonomy":"product_brand","embeddable":true,"href":"https:\/\/gpl-love.com\/es\/wp-json\/wp\/v2\/product_brand?post=119309"},{"taxonomy":"product_cat","embeddable":true,"href":"https:\/\/gpl-love.com\/es\/wp-json\/wp\/v2\/product_cat?post=119309"},{"taxonomy":"product_tag","embeddable":true,"href":"https:\/\/gpl-love.com\/es\/wp-json\/wp\/v2\/product_tag?post=119309"}],"curies":[{"name":"wp","href":"https:\/\/api.w.org\/{rel}","templated":true}]}}