{"id":119307,"date":"2021-11-13T00:00:00","date_gmt":"2021-11-13T05:00:00","guid":{"rendered":"https:\/\/gpl-love.com\/es\/?post_type=product&#038;p=119307"},"modified":"2026-03-09T07:37:05","modified_gmt":"2026-03-09T12:37:05","slug":"gamipress-mark-as-completed-wordpress-plugin","status":"publish","type":"product","link":"https:\/\/gpl-love.com\/es\/producto\/gamipress-mark-as-completed-wordpress-plugin\/","title":{"rendered":"GamiPress Mark As Completed WordPress Plugin 1.0.4"},"content":{"rendered":"<h3>GamiPress Mark As Completed WordPress Plugin Caracteristicas<\/h3>\n<p>La marca de gamipress como complemento de WordPress completado es una herramienta incre\u00edblemente robusta y poderosa que otorga a los usuarios la capacidad de administrar y rastrear de manera efectiva el progreso de las personas en su sitio de WordPress. Al incorporar este complemento en su sitio web, los usuarios pueden designar sin esfuerzo cualquier publicaci\u00f3n, p\u00e1gina o tipo de publicaci\u00f3n personalizada como \u00abcompletado\u00bb una vez que un usuario ha concluido con \u00e9xito su sesi\u00f3n de lectura o ha ejecutado una acci\u00f3n espec\u00edfica. Esta ingeniosa caracter\u00edstica contribuye significativamente a la creaci\u00f3n de contenido cautivador y fascinante, sirviendo as\u00ed como un catalizador para una mayor participaci\u00f3n del usuario y participaci\u00f3n activa. Adem\u00e1s, el complemento tambi\u00e9n presenta a los usuarios la oportunidad de recompensar y reconocer los logros de las personas que han completado diligentemente sus tareas, fomentando as\u00ed una sensaci\u00f3n de motivaci\u00f3n y cautiv\u00e1ndolos para regresar al sitio y persistir con su progresi\u00f3n. En consecuencia, la marca de gamipress como el complemento de WordPress completado se destaca como un recurso de f\u00e1cil acceso y sin complicaciones, que ofrece un enfoque perfecto y eficiente para administrar la progresi\u00f3n del usuario y estimular la participaci\u00f3n del usuario dentro de los l\u00edmites del sitio de WordPress.<\/p>\n<ul>\n<li>Permite a los usuarios marcar tareas o logros como se complet\u00f3 en WordPress<\/li>\n<li>Proporciona una interfaz f\u00e1cil de usar con los indicadores de estado de finalizaci\u00f3n clara<\/li>\n<li>Se integra f\u00e1cilmente con Gamipress, un complemento de gamificaci\u00f3n popular para WordPress<\/li>\n<li>Admite tipos de publicaci\u00f3n personalizados y taxonom\u00edas para casos de uso flexible<\/li>\n<li>Incluye varias configuraciones para la personalizaci\u00f3n, como opciones de visualizaci\u00f3n de fecha y fecha de finalizaci\u00f3n<\/li>\n<li>Compatible con constructores de p\u00e1ginas populares como Elementor y Beaver Builder<\/li>\n<li>Funciona sin problemas con otros complementos de Gamipress para una soluci\u00f3n de gamificaci\u00f3n completa<\/li>\n<li>Aumenta el compromiso y la motivaci\u00f3n del usuario al proporcionar una sensaci\u00f3n de logro y el seguimiento del progreso<\/li>\n<li>Ahorra tiempo y esfuerzo para los administradores de sitios de WordPress mediante la automatizaci\u00f3n de las actualizaciones de estado de finalizaci\u00f3n<\/li>\n<li>Proporciona documentaci\u00f3n detallada y soporte receptivo para los usuarios.<\/li>\n<\/ul>\n","protected":false},"excerpt":{"rendered":"<p>La marca de gamipress como complemento de WordPress completado, reconocido por sus capacidades excepcionales, sirve como un instrumento invaluable para monitorear eficientemente los avances de los usuarios en su sitio web. Mediante este complemento extraordinario, puede designar sin esfuerzo el estado de finalizaci\u00f3n a cualquier tarea u objetivo determinado, analizando posteriormente el progreso del usuario a trav\u00e9s de una amplia gama de m\u00e9tricas multifac\u00e9ticas. Ya sea la operaci\u00f3n de un curso en l\u00ednea, la administraci\u00f3n de un sitio de membres\u00eda o el mero deseo de integrar la gamificaci\u00f3n en su sitio web, tenga la seguridad de que Gamipress es la soluci\u00f3n definitiva. Por lo tanto, si el objetivo es mantener la participaci\u00f3n del usuario y fomentar la motivaci\u00f3n, permita que Gamipress Mark tal como se haya completado sea su mejor opci\u00f3n.<\/p>\n","protected":false},"featured_media":166186,"comment_status":"open","ping_status":"open","template":"","meta":[],"product_brand":[2461],"product_cat":[1214,1206,1211],"product_tag":[2196],"class_list":{"0":"post-119307","1":"product","2":"type-product","3":"status-publish","4":"has-post-thumbnail","6":"product_brand-gami-press","7":"product_cat-personalizacion","8":"product_cat-plugins","9":"product_cat-wordpress-plugins","10":"product_tag-gami-press","11":"member-discount","12":"discount-restricted","14":"first","15":"instock","16":"sale","17":"downloadable","18":"virtual","19":"sold-individually","20":"purchasable","21":"product-type-simple"},"_links":{"self":[{"href":"https:\/\/gpl-love.com\/es\/wp-json\/wp\/v2\/product\/119307","targetHints":{"allow":["GET"]}}],"collection":[{"href":"https:\/\/gpl-love.com\/es\/wp-json\/wp\/v2\/product"}],"about":[{"href":"https:\/\/gpl-love.com\/es\/wp-json\/wp\/v2\/types\/product"}],"replies":[{"embeddable":true,"href":"https:\/\/gpl-love.com\/es\/wp-json\/wp\/v2\/comments?post=119307"}],"wp:featuredmedia":[{"embeddable":true,"href":"https:\/\/gpl-love.com\/es\/wp-json\/wp\/v2\/media\/166186"}],"wp:attachment":[{"href":"https:\/\/gpl-love.com\/es\/wp-json\/wp\/v2\/media?parent=119307"}],"wp:term":[{"taxonomy":"product_brand","embeddable":true,"href":"https:\/\/gpl-love.com\/es\/wp-json\/wp\/v2\/product_brand?post=119307"},{"taxonomy":"product_cat","embeddable":true,"href":"https:\/\/gpl-love.com\/es\/wp-json\/wp\/v2\/product_cat?post=119307"},{"taxonomy":"product_tag","embeddable":true,"href":"https:\/\/gpl-love.com\/es\/wp-json\/wp\/v2\/product_tag?post=119307"}],"curies":[{"name":"wp","href":"https:\/\/api.w.org\/{rel}","templated":true}]}}