{"id":119305,"date":"2024-05-07T00:00:00","date_gmt":"2024-05-07T05:00:00","guid":{"rendered":"https:\/\/gpl-love.com\/es\/?post_type=product&#038;p=119305"},"modified":"2026-03-09T07:37:04","modified_gmt":"2026-03-09T12:37:04","slug":"gamipress-frontend-reports-wordpress-plugin","status":"publish","type":"product","link":"https:\/\/gpl-love.com\/es\/producto\/gamipress-frontend-reports-wordpress-plugin\/","title":{"rendered":"GamiPress Frontend Reports WordPress Plugin 1.0.5"},"content":{"rendered":"<h3>GamiPress Frontend Reports WordPress Plugin Caracteristicas<\/h3>\n<p>El complemento Gamipress Frontend Reports para WordPress es una herramienta incre\u00edblemente robusta que le otorga la capacidad de mostrar informes completos directamente en la interfaz de su sitio web. Esto otorga a sus usuarios la conveniencia de monitorear sin esfuerzo su progreso, logros y recompensas. Con una interfaz que sea f\u00e1cil de usar e intuitiva, este complemento le proporciona la flexibilidad de configurar y personalizar sus informes para alinearse perfectamente con sus preferencias y requisitos espec\u00edficos. Tiene la capacidad de generar informes que se basan en la actividad del usuario, los puntos, los logros y los rangos, todos los cuales se pueden exhibir en una variedad de formatos visualmente atractivos, como tablas, cuadr\u00edculas y gr\u00e1ficos. Adem\u00e1s, este complemento est\u00e1 equipado con soporte para c\u00f3digos cortos, widgets y plantillas personalizadas, asegurando una integraci\u00f3n perfecta de informes en cualquier p\u00e1gina, publicaci\u00f3n o barra lateral situada en su sitio web. Al incorporar los informes de Gamipress Frontend en su sitio web, est\u00e1 mejorando efectivamente la participaci\u00f3n del usuario, aumentando la retenci\u00f3n de usuarios y, en \u00faltima instancia, reforzando el rendimiento general de su sitio web.<\/p>\n<ul>\n<li>Permite a los usuarios ver sus propios logros y estad\u00edsticas en la parte delantera del sitio web<\/li>\n<li>Opciones de visualizaci\u00f3n personalizables, que incluyen colores, fuentes y dise\u00f1o<\/li>\n<li>Se integra a la perfecci\u00f3n con Gamipress, un popular complemento de gamificaci\u00f3n de WordPress<\/li>\n<li>Instalaci\u00f3n f\u00e1cil y proceso de configuraci\u00f3n con documentaci\u00f3n detallada<\/li>\n<li>Funciona con cualquier tema de WordPress y responde m\u00f3vil<\/li>\n<li>Proporciona una forma divertida y atractiva para que los usuarios rastreen su progreso y compitan con otros<\/li>\n<li>Se puede utilizar para una variedad de fines, incluidos cursos en l\u00ednea, sitios de membres\u00eda y gamificaci\u00f3n de comercio electr\u00f3nico<\/li>\n<li>Caracter\u00edsticas avanzadas opcionales como opciones de filtrado y clasificaci\u00f3n<\/li>\n<li>Construido con codificaci\u00f3n eficiente y optimizado para tiempos de carga de p\u00e1gina r\u00e1pidos<\/li>\n<li>Actualizado y compatible regularmente por el desarrollador de complementos.<\/li>\n<\/ul>\n","protected":false},"excerpt":{"rendered":"<p>El complemento Gamipress Frontend Informes WordPress es una herramienta que abarca todo lo que otorga a los propietarios de sitios web la capacidad de acceder y analizar los datos de los usuarios en tiempo real. Al utilizar este complemento, est\u00e1 dotado de la capacidad de generar sin esfuerzo informes y gr\u00e1ficos hechos a medida que muestren efectivamente actividades, estad\u00edsticas y logros de los usuarios. Ya sea que su objetivo sea monitorear el progreso del usuario, evaluar su nivel de participaci\u00f3n o mejorar su experiencia general, el complemento de Gamipress Frontend informa que WordPress Sirve como la soluci\u00f3n ideal para cualquier sitio web que busque incorporar estrategias de gamificaci\u00f3n. Con su interfaz de usuario intuitiva, opciones personalizables y capacidades de informes robustos, este complemento est\u00e1 garantizado para elevar la experiencia de sus usuarios y mantener su inquebrantable compromiso con su sitio web.<\/p>\n","protected":false},"featured_media":166185,"comment_status":"open","ping_status":"open","template":"","meta":[],"product_brand":[2461],"product_cat":[1214,1206,1211],"product_tag":[2196],"class_list":{"0":"post-119305","1":"product","2":"type-product","3":"status-publish","4":"has-post-thumbnail","6":"product_brand-gami-press","7":"product_cat-personalizacion","8":"product_cat-plugins","9":"product_cat-wordpress-plugins","10":"product_tag-gami-press","11":"member-discount","12":"discount-restricted","14":"first","15":"instock","16":"sale","17":"downloadable","18":"virtual","19":"sold-individually","20":"purchasable","21":"product-type-simple"},"_links":{"self":[{"href":"https:\/\/gpl-love.com\/es\/wp-json\/wp\/v2\/product\/119305","targetHints":{"allow":["GET"]}}],"collection":[{"href":"https:\/\/gpl-love.com\/es\/wp-json\/wp\/v2\/product"}],"about":[{"href":"https:\/\/gpl-love.com\/es\/wp-json\/wp\/v2\/types\/product"}],"replies":[{"embeddable":true,"href":"https:\/\/gpl-love.com\/es\/wp-json\/wp\/v2\/comments?post=119305"}],"wp:featuredmedia":[{"embeddable":true,"href":"https:\/\/gpl-love.com\/es\/wp-json\/wp\/v2\/media\/166185"}],"wp:attachment":[{"href":"https:\/\/gpl-love.com\/es\/wp-json\/wp\/v2\/media?parent=119305"}],"wp:term":[{"taxonomy":"product_brand","embeddable":true,"href":"https:\/\/gpl-love.com\/es\/wp-json\/wp\/v2\/product_brand?post=119305"},{"taxonomy":"product_cat","embeddable":true,"href":"https:\/\/gpl-love.com\/es\/wp-json\/wp\/v2\/product_cat?post=119305"},{"taxonomy":"product_tag","embeddable":true,"href":"https:\/\/gpl-love.com\/es\/wp-json\/wp\/v2\/product_tag?post=119305"}],"curies":[{"name":"wp","href":"https:\/\/api.w.org\/{rel}","templated":true}]}}