{"id":119303,"date":"2025-02-20T00:00:00","date_gmt":"2025-02-20T05:00:00","guid":{"rendered":"https:\/\/gpl-love.com\/es\/?post_type=product&#038;p=119303"},"modified":"2026-03-09T07:37:06","modified_gmt":"2026-03-09T12:37:06","slug":"gamipress-nominations-wordpress-plugin","status":"publish","type":"product","link":"https:\/\/gpl-love.com\/es\/producto\/gamipress-nominations-wordpress-plugin\/","title":{"rendered":"GamiPress Nominations WordPress Plugin 1.1.5"},"content":{"rendered":"<h3>GamiPress Nominations WordPress Plugin Caracteristicas<\/h3>\n<p>Nominaciones de Gamipress El complemento WordPress, una herramienta muy robusta y sofisticada, le permite generar sin esfuerzo formularios de nominaci\u00f3n personalizados espec\u00edficos para su sitio web. Al emplear este complemento notable, puede involucrar activamente a su audiencia y motivarlos efectivamente a presentar nominaciones para sus compa\u00f1eros o colegas, facilitando as\u00ed el reconocimiento. El complemento exhibe su m\u00e1xima versatilidad al ofrecerle la capacidad de establecer diversas categor\u00edas de nominaci\u00f3n y establecer criterios distintos para cada uno. Adem\u00e1s, le permite configurar un sistema de notificaci\u00f3n integral que notifique sin problemas tanto a los nominados como al panel de jueces sobre el progreso de las nominaciones. Adem\u00e1s, el complemento cuenta con una extensa gama de opciones de personalizaci\u00f3n que le otorgan la capacidad de adaptarlo meticulosamente para adaptarse impecablemente a los requisitos \u00fanicos de su sitio web. En conclusi\u00f3n, el complemento de WordPress Nominaciones de Gamipress indudablemente surge como una opci\u00f3n verdaderamente excepcional para cualquier persona que anhele mejorar la participaci\u00f3n del usuario y fomentar el reconocimiento en su sitio web.<\/p>\n<ul>\n<li>Permite a los usuarios nominar a otros usuarios por logros y recompensas<\/li>\n<li>Agrega formularios de nominaci\u00f3n personalizables a su sitio de WordPress<\/li>\n<li>Elija qu\u00e9 roles de usuario pueden nominar y ser nominados<\/li>\n<li>Opci\u00f3n para aprobar nominaciones antes de que sean otorgadas<\/li>\n<li>Env\u00eda notificaciones por correo electr\u00f3nico tanto al nominador como al nominado<\/li>\n<li>Se integra con los puntos de juego y el sistema de logros<\/li>\n<li>Disponible en varios idiomas<\/li>\n<li>Ofrece opciones de c\u00f3digo corto para mostrar f\u00e1cilmente formularios de nominaci\u00f3n y listas de nominados<\/li>\n<li>Actualizaciones regulares y atenci\u00f3n al cliente<\/li>\n<\/ul>\n","protected":false},"excerpt":{"rendered":"<p>El complemento de WordPress de Nominaciones de Gamipress sirve como una soluci\u00f3n ideal para cautivar a su audiencia y motivarlos a participar activamente en las competiciones y programas de premios alojados en su sitio web. Este complemento le permite fabricar formularios de nominaci\u00f3n personalizados, lo que permite a sus usuarios expresar su elecci\u00f3n para las entradas o participantes m\u00e1s encomiables. Adem\u00e1s, incorpora un sistema de votaci\u00f3n que otorga a sus usuarios el privilegio de emitir sus votos a favor de los ganadores finales. Con controles f\u00e1ciles de usar y una interfaz configurable, las nominaciones a Gamipress surgen como un instrumento esencial para las personas que buscan infundir sus sitios web con una e emocionante emoci\u00f3n.<\/p>\n","protected":false},"featured_media":166187,"comment_status":"open","ping_status":"open","template":"","meta":[],"product_brand":[2461],"product_cat":[1214,1206,1211],"product_tag":[2196],"class_list":{"0":"post-119303","1":"product","2":"type-product","3":"status-publish","4":"has-post-thumbnail","6":"product_brand-gami-press","7":"product_cat-personalizacion","8":"product_cat-plugins","9":"product_cat-wordpress-plugins","10":"product_tag-gami-press","11":"member-discount","12":"discount-restricted","14":"first","15":"instock","16":"sale","17":"downloadable","18":"virtual","19":"sold-individually","20":"purchasable","21":"product-type-simple"},"_links":{"self":[{"href":"https:\/\/gpl-love.com\/es\/wp-json\/wp\/v2\/product\/119303","targetHints":{"allow":["GET"]}}],"collection":[{"href":"https:\/\/gpl-love.com\/es\/wp-json\/wp\/v2\/product"}],"about":[{"href":"https:\/\/gpl-love.com\/es\/wp-json\/wp\/v2\/types\/product"}],"replies":[{"embeddable":true,"href":"https:\/\/gpl-love.com\/es\/wp-json\/wp\/v2\/comments?post=119303"}],"wp:featuredmedia":[{"embeddable":true,"href":"https:\/\/gpl-love.com\/es\/wp-json\/wp\/v2\/media\/166187"}],"wp:attachment":[{"href":"https:\/\/gpl-love.com\/es\/wp-json\/wp\/v2\/media?parent=119303"}],"wp:term":[{"taxonomy":"product_brand","embeddable":true,"href":"https:\/\/gpl-love.com\/es\/wp-json\/wp\/v2\/product_brand?post=119303"},{"taxonomy":"product_cat","embeddable":true,"href":"https:\/\/gpl-love.com\/es\/wp-json\/wp\/v2\/product_cat?post=119303"},{"taxonomy":"product_tag","embeddable":true,"href":"https:\/\/gpl-love.com\/es\/wp-json\/wp\/v2\/product_tag?post=119303"}],"curies":[{"name":"wp","href":"https:\/\/api.w.org\/{rel}","templated":true}]}}