{"id":119301,"date":"2025-11-10T00:00:00","date_gmt":"2025-11-10T05:00:00","guid":{"rendered":"https:\/\/gpl-love.com\/es\/?post_type=product&#038;p=119301"},"modified":"2026-03-09T07:37:00","modified_gmt":"2026-03-09T12:37:00","slug":"gamipress-expirations-wordpress-plugin","status":"publish","type":"product","link":"https:\/\/gpl-love.com\/es\/producto\/gamipress-expirations-wordpress-plugin\/","title":{"rendered":"GamiPress Expirations WordPress Plugin 1.0.9"},"content":{"rendered":"<h3>GamiPress Expirations WordPress Plugin Caracteristicas<\/h3>\n<p>El complemento de WordPress de Gamipress Expertions es una soluci\u00f3n incre\u00edblemente din\u00e1mica que ha sido meticulosamente dise\u00f1ada para mejorar en gran medida la funcionalidad general de los sitios web de WordPress al automatizar sin problemas todo el proceso de vencimiento de contenido. Este complemento excepcional est\u00e1 dise\u00f1ado espec\u00edficamente para ofrecer una amplia gama de opciones que expiraron que est\u00e9n f\u00e1cilmente disponibles no solo para publicaciones, sino tambi\u00e9n p\u00e1ginas, tipos de publicaciones personalizadas y, por \u00faltimo, cuentas de usuario. Al aprovechar efectivamente el poder de este complemento invaluable, los administradores est\u00e1n facultados sin esfuerzo para establecer convenientemente las fechas de vencimiento precisas en todo su contenido, lo que les permite automatizar convenientemente la eliminaci\u00f3n de cualquier informaci\u00f3n anticuada o irrelevante. Adem\u00e1s, el complemento de WordPress de las expiraciones de Gamipress est\u00e1 dise\u00f1ada expertamente con una interfaz extremadamente f\u00e1cil de usar y extremadamente intuitiva que garantiza que sus usuarios puedan habilitar sin esfuerzo y personalizar sin problemas una amplia gama de opciones de vencimiento con la mayor facilidad, todos consumidos con una mera mera. Pocos clics simples. Por lo tanto, sin duda no hace falta decir que el complemento de WordPress de las expiraciones de Gamipress es una herramienta absolutamente indispensable que cualquier propietario del sitio web ser\u00eda una tonter\u00eda de no tener a su disposici\u00f3n, ya que sin duda les permite mantener constantemente un cuerpo de contenido impresionantemente fresco e inequ\u00edvocamente relevante, Todo, mientras minimiza efectivamente el esfuerzo manual tradicionalmente arduo e intensivo laboral que generalmente se asocia con la gesti\u00f3n efectiva de un sitio web.<\/p>\n<ul>\n<li>Un complemento de WordPress dise\u00f1ado para crear puntos de vencimiento basados \u200b\u200ben el tiempo para varias actividades de usuario dentro de un sitio web<\/li>\n<li>F\u00e1cil proceso de instalaci\u00f3n e interfaz f\u00e1cil de usar<\/li>\n<li>Ofrece una gama de opciones de personalizaci\u00f3n para controlar y establecer puntos de vencimiento, como fechas espec\u00edficas, per\u00edodos de tiempo o incluso plazos definidos por el usuario<\/li>\n<li>Se puede aplicar a una amplia variedad de actividades, como la creaci\u00f3n de post, comentarios, inicios de sesi\u00f3n, compartir en redes sociales y perfiles de usuario.<\/li>\n<li>Proporciona informaci\u00f3n clave sobre la actividad del usuario y la participaci\u00f3n a trav\u00e9s de an\u00e1lisis avanzados y caracter\u00edsticas de informes<\/li>\n<li>\u00datil para sitios web que buscan alentar la participaci\u00f3n del usuario creando un sentido de urgencia y sensibilidad al tiempo en torno a las actividades<\/li>\n<li>Puede ayudar a prevenir las cuentas spam o inactivas purgando autom\u00e1ticamente los datos de los usuarios vencidos<\/li>\n<li>Ofrece planes y opciones de precios flexibles, con atenci\u00f3n al cliente dedicada y actualizaciones y mejoras frecuentes<\/li>\n<\/ul>\n","protected":false},"excerpt":{"rendered":"<p>Las expiraciones de Gamipress, un complemento excepcional de WordPress, ofrecen una variedad de funcionalidades que le permiten crear eventos, contenido y logros expirados sin esfuerzo para sus valiosos usuarios. A trav\u00e9s de la utilizaci\u00f3n de este complemento innovador, posee la capacidad de establecer plazos basados \u200b\u200ben el tiempo, restringir el acceso a secciones designadas de su estimado sitio web, as\u00ed como construir regulaciones personalizadas para la asignaci\u00f3n y retiro de logros. En consecuencia, se cultiva una experiencia de usuario formidable y en constante evoluci\u00f3n, cautivando as\u00ed a su preciada audiencia y fomentando su continuo regreso. Independientemente de si est\u00e1 administrando un sitio de membres\u00eda, una plataforma de comercio electr\u00f3nico o simplemente con el objetivo de intensificar la participaci\u00f3n del usuario, las vencimientos de Gamipress est\u00e1n meticulosamente dise\u00f1adas para satisfacer todas sus necesidades, impulsando su sitio de WordPress a alturas incomparables.<\/p>\n","protected":false},"featured_media":166184,"comment_status":"open","ping_status":"open","template":"","meta":[],"product_brand":[2461],"product_cat":[1214,1206,1211],"product_tag":[2196],"class_list":{"0":"post-119301","1":"product","2":"type-product","3":"status-publish","4":"has-post-thumbnail","6":"product_brand-gami-press","7":"product_cat-personalizacion","8":"product_cat-plugins","9":"product_cat-wordpress-plugins","10":"product_tag-gami-press","11":"member-discount","12":"discount-restricted","14":"first","15":"instock","16":"sale","17":"downloadable","18":"virtual","19":"sold-individually","20":"purchasable","21":"product-type-simple"},"_links":{"self":[{"href":"https:\/\/gpl-love.com\/es\/wp-json\/wp\/v2\/product\/119301","targetHints":{"allow":["GET"]}}],"collection":[{"href":"https:\/\/gpl-love.com\/es\/wp-json\/wp\/v2\/product"}],"about":[{"href":"https:\/\/gpl-love.com\/es\/wp-json\/wp\/v2\/types\/product"}],"replies":[{"embeddable":true,"href":"https:\/\/gpl-love.com\/es\/wp-json\/wp\/v2\/comments?post=119301"}],"wp:featuredmedia":[{"embeddable":true,"href":"https:\/\/gpl-love.com\/es\/wp-json\/wp\/v2\/media\/166184"}],"wp:attachment":[{"href":"https:\/\/gpl-love.com\/es\/wp-json\/wp\/v2\/media?parent=119301"}],"wp:term":[{"taxonomy":"product_brand","embeddable":true,"href":"https:\/\/gpl-love.com\/es\/wp-json\/wp\/v2\/product_brand?post=119301"},{"taxonomy":"product_cat","embeddable":true,"href":"https:\/\/gpl-love.com\/es\/wp-json\/wp\/v2\/product_cat?post=119301"},{"taxonomy":"product_tag","embeddable":true,"href":"https:\/\/gpl-love.com\/es\/wp-json\/wp\/v2\/product_tag?post=119301"}],"curies":[{"name":"wp","href":"https:\/\/api.w.org\/{rel}","templated":true}]}}