{"id":119299,"date":"2021-11-13T00:00:00","date_gmt":"2021-11-13T05:00:00","guid":{"rendered":"https:\/\/gpl-love.com\/es\/?post_type=product&#038;p=119299"},"modified":"2026-03-13T17:30:58","modified_gmt":"2026-03-13T22:30:58","slug":"theme-palace-photo-perfect-pro","status":"publish","type":"product","link":"https:\/\/gpl-love.com\/es\/producto\/theme-palace-photo-perfect-pro\/","title":{"rendered":"Theme Palace Photo Perfect Pro 3.1"},"content":{"rendered":"<h3>Theme Palace Photo Perfect Pro Caracteristicas<\/h3>\n<p>Temo Palace Photo Perfect Pro es un tema de WordPress incre\u00edblemente rico en funciones que ha sido dise\u00f1ado espec\u00edficamente para satisfacer las necesidades de fot\u00f3grafos, estudios de fotos y entusiastas de la fotograf\u00eda. Con un dise\u00f1o visualmente llamativo, este tema exuda un dise\u00f1o limpio, moderno y receptivo que se adapta perfectamente a todo tipo de dispositivos. Su amplia gama de caracter\u00edsticas impresionantes es realmente encomiable, que abarca m\u00faltiples dise\u00f1os de p\u00e1gina de inicio, dise\u00f1os de galer\u00edas, dise\u00f1os de blog y una amplia gama de opciones de personalizaci\u00f3n. Adem\u00e1s, Photo Perfect Pro se integra perfectamente con las plataformas populares de redes sociales, alberga potentes capacidades de optimizaci\u00f3n de SEO y abarca una gran cantidad de otras caracter\u00edsticas atractivas que lo convierten colectivamente en una excelente opci\u00f3n para cualquier sitio web orientado a la fotograf\u00eda. Vale la pena se\u00f1alar que la interfaz de uso de un tema del palacio de Palace Perfect, la interfaz f\u00e1cil de usar, la funcionalidad robusta y el atractivo est\u00e9tico es la soluci\u00f3n definitiva para las personas que buscan forjar una presencia de fotograf\u00eda en l\u00ednea profesional y visualmente cautivadora.<\/p>\n<ul>\n<li>Software de edici\u00f3n de fotos de grado profesional<\/li>\n<li>Interfaz intuitiva y f\u00e1cil de usar<\/li>\n<li>Amplia gama de herramientas de edici\u00f3n, que incluyen correcci\u00f3n de color, recorte y retoque<\/li>\n<li>Caracter\u00edsticas avanzadas como capas y enmascarar<\/li>\n<li>Capacidad para importar y exportar m\u00faltiples formatos de archivo<\/li>\n<li>Compatible con los sistemas operativos de Windows y Mac<\/li>\n<li>Perfecto para fot\u00f3grafos, dise\u00f1adores y aficionados por igual<\/li>\n<li>Actualizaciones regulares y atenci\u00f3n al cliente<\/li>\n<li>Precios asequibles en comparaci\u00f3n con otro software de edici\u00f3n de fotos de alta gama.<\/li>\n<\/ul>\n","protected":false},"excerpt":{"rendered":"<p>El tema Palace Photo Perfect Pro es un tema exquisito de WordPress que est\u00e1 espec\u00edficamente dise\u00f1ado para mostrar impecablemente su fotograf\u00eda de una manera altamente profesional y notablemente elegante. Este tema cuenta con un dise\u00f1o totalmente receptivo, lo que significa que sus fotos cautivadoras exudir\u00e1n sin esfuerzo belleza y esplendor en cualquier dispositivo, independientemente de su tama\u00f1o de pantalla o resoluci\u00f3n. Adem\u00e1s, este tema excepcional le proporciona una gran cantidad de diversas opciones de dise\u00f1o, lo que le permite presentar de manera ingeniosa y creativa sus obras maestras fotogr\u00e1ficas. Adem\u00e1s, la foto del Palacio del Tema Perfect Pro est\u00e1 equipado con una variedad de widgets personalizados, lo que le permite personalizar y mejorar a\u00fan m\u00e1s la est\u00e9tica de su sitio web. Adem\u00e1s, su panel de administraci\u00f3n f\u00e1cil de usar hace que el proceso de personalizaci\u00f3n sea una brisa absoluta, asegurando que incluso aquellos que no son expertos en tecnolog\u00eda puedan adaptar sin esfuerzo y sin problemas su sitio web a su gusto. Ya sea que sea un fot\u00f3grafo profesional experimentado que busca exhibir su notable cartera o simplemente un individuo que anhela exhibir sus fotograf\u00edas apreciadas y atesoradas, la foto del palacio del tema Perfect Pro es, sin una sombra de duda, la elecci\u00f3n por excelencia y definitiva para usted.<\/p>\n","protected":false},"featured_media":167727,"comment_status":"open","ping_status":"open","template":"","meta":[],"product_brand":[2577],"product_cat":[1267,1237,1238],"product_tag":[2218],"class_list":{"0":"post-119299","1":"product","2":"type-product","3":"status-publish","4":"has-post-thumbnail","6":"product_brand-theme-palace","7":"product_cat-creativo","8":"product_cat-temas","9":"product_cat-wordpress-temas","10":"product_tag-theme-palace","11":"member-discount","12":"discount-restricted","14":"first","15":"instock","16":"sale","17":"downloadable","18":"virtual","19":"sold-individually","20":"purchasable","21":"product-type-simple"},"_links":{"self":[{"href":"https:\/\/gpl-love.com\/es\/wp-json\/wp\/v2\/product\/119299","targetHints":{"allow":["GET"]}}],"collection":[{"href":"https:\/\/gpl-love.com\/es\/wp-json\/wp\/v2\/product"}],"about":[{"href":"https:\/\/gpl-love.com\/es\/wp-json\/wp\/v2\/types\/product"}],"replies":[{"embeddable":true,"href":"https:\/\/gpl-love.com\/es\/wp-json\/wp\/v2\/comments?post=119299"}],"wp:featuredmedia":[{"embeddable":true,"href":"https:\/\/gpl-love.com\/es\/wp-json\/wp\/v2\/media\/167727"}],"wp:attachment":[{"href":"https:\/\/gpl-love.com\/es\/wp-json\/wp\/v2\/media?parent=119299"}],"wp:term":[{"taxonomy":"product_brand","embeddable":true,"href":"https:\/\/gpl-love.com\/es\/wp-json\/wp\/v2\/product_brand?post=119299"},{"taxonomy":"product_cat","embeddable":true,"href":"https:\/\/gpl-love.com\/es\/wp-json\/wp\/v2\/product_cat?post=119299"},{"taxonomy":"product_tag","embeddable":true,"href":"https:\/\/gpl-love.com\/es\/wp-json\/wp\/v2\/product_tag?post=119299"}],"curies":[{"name":"wp","href":"https:\/\/api.w.org\/{rel}","templated":true}]}}