{"id":119297,"date":"2021-11-13T00:00:00","date_gmt":"2021-11-13T05:00:00","guid":{"rendered":"https:\/\/gpl-love.com\/es\/?post_type=product&#038;p=119297"},"modified":"2026-03-13T17:30:57","modified_gmt":"2026-03-13T22:30:57","slug":"theme-palace-onefold-pro","status":"publish","type":"product","link":"https:\/\/gpl-love.com\/es\/producto\/theme-palace-onefold-pro\/","title":{"rendered":"Theme Palace Onefold Pro 3.1"},"content":{"rendered":"<h3>Theme Palace Onefold Pro Caracteristicas<\/h3>\n<p>El tema premium de WordPress conocido como Temo Palace OneFold Pro ha sido dise\u00f1ado espec\u00edficamente para satisfacer las necesidades de los bloggers y creadores de contenido que buscan mostrar su trabajo de una manera que es limpia y minimalista. Onefold Pro es conocido por su adaptabilidad, ya que se ajusta sin problemas para que se ajuste a cualquier tama\u00f1o de pantalla o dispositivo, asegur\u00e1ndose de que su contenido parezca visualmente agradable, independientemente de si se est\u00e1 viendo en un escritorio, computadora port\u00e1til, tableta o tel\u00e9fono inteligente. Adem\u00e1s, el tema ofrece una variedad de opciones de personalizaci\u00f3n, otorg\u00e1ndole la capacidad de personalizar la apariencia y el ambiente general de su sitio web para que se alinee con su marca y estilo personal. Adem\u00e1s, tiene la opci\u00f3n de seleccionar entre una amplia gama de formatos de publicaci\u00f3n, que abarca video, galer\u00eda, enlace, cotizaci\u00f3n y m\u00e1s, lo que le permite mostrar su contenido en una variedad de formas \u00fanicas y cautivadoras. Con su extenso repertorio de caracter\u00edsticas potentes y interfaz f\u00e1cil de usar, Oneffold Pro demuestra ser una selecci\u00f3n excepcional para las personas en busca de establecer una presencia en l\u00ednea profesional y cautivadora.<\/p>\n<ul>\n<li>Onefold Pro es el tema perfecto para crear un sitio web profesional y moderno<\/li>\n<li>Dise\u00f1o elegante y minimalista con muchas opciones personalizables<\/li>\n<li>Totalmente receptivo, asegurando que su sitio web se vea muy bien en cualquier dispositivo<\/li>\n<li>Opciones de tipograf\u00eda avanzada para un dise\u00f1o \u00fanico y atractivo<\/li>\n<li>Widgets personalizados y plantillas predefinidas para una f\u00e1cil personalizaci\u00f3n<\/li>\n<li>Opciones integradas de intercambio de redes sociales para la m\u00e1xima visibilidad<\/li>\n<li>Tiempos de carga r\u00e1pidos para mantener su sitio web funcionando sin problemas<\/li>\n<li>Construido con SEO en mente, ayudando a su sitio web a clasificarse m\u00e1s alto en los motores de b\u00fasqueda<\/li>\n<li>Actualizaciones regulares y excelente atenci\u00f3n al cliente para la tranquilidad<\/li>\n<li>Acceso a una gran comunidad de usuarios para inspiraci\u00f3n y soluci\u00f3n de problemas<\/li>\n<\/ul>\n","protected":false},"excerpt":{"rendered":"<p>El tema de WordPress conocido como Temo Palace Onefold Pro es una opci\u00f3n excepcional para bloggers y escritores que buscan una plataforma adecuada. Con un dise\u00f1o limpio y elegante, este tema muestra magistralmente su contenido de manera visualmente agradable. Adem\u00e1s, el dise\u00f1o receptivo garantiza que su sitio web mantenga su atractivo visual en todos los tipos de dispositivos.<\/p>\n","protected":false},"featured_media":167726,"comment_status":"open","ping_status":"open","template":"","meta":[],"product_brand":[2577],"product_cat":[1307,1237,1238],"product_tag":[2218],"class_list":{"0":"post-119297","1":"product","2":"type-product","3":"status-publish","4":"has-post-thumbnail","6":"product_brand-theme-palace","7":"product_cat-negocio-wordpress-temas","8":"product_cat-temas","9":"product_cat-wordpress-temas","10":"product_tag-theme-palace","11":"member-discount","12":"discount-restricted","14":"first","15":"instock","16":"sale","17":"downloadable","18":"virtual","19":"sold-individually","20":"purchasable","21":"product-type-simple"},"_links":{"self":[{"href":"https:\/\/gpl-love.com\/es\/wp-json\/wp\/v2\/product\/119297","targetHints":{"allow":["GET"]}}],"collection":[{"href":"https:\/\/gpl-love.com\/es\/wp-json\/wp\/v2\/product"}],"about":[{"href":"https:\/\/gpl-love.com\/es\/wp-json\/wp\/v2\/types\/product"}],"replies":[{"embeddable":true,"href":"https:\/\/gpl-love.com\/es\/wp-json\/wp\/v2\/comments?post=119297"}],"wp:featuredmedia":[{"embeddable":true,"href":"https:\/\/gpl-love.com\/es\/wp-json\/wp\/v2\/media\/167726"}],"wp:attachment":[{"href":"https:\/\/gpl-love.com\/es\/wp-json\/wp\/v2\/media?parent=119297"}],"wp:term":[{"taxonomy":"product_brand","embeddable":true,"href":"https:\/\/gpl-love.com\/es\/wp-json\/wp\/v2\/product_brand?post=119297"},{"taxonomy":"product_cat","embeddable":true,"href":"https:\/\/gpl-love.com\/es\/wp-json\/wp\/v2\/product_cat?post=119297"},{"taxonomy":"product_tag","embeddable":true,"href":"https:\/\/gpl-love.com\/es\/wp-json\/wp\/v2\/product_tag?post=119297"}],"curies":[{"name":"wp","href":"https:\/\/api.w.org\/{rel}","templated":true}]}}