{"id":119295,"date":"2025-11-06T00:00:00","date_gmt":"2025-11-06T05:00:00","guid":{"rendered":"https:\/\/gpl-love.com\/es\/?post_type=product&#038;p=119295"},"modified":"2026-03-09T07:29:50","modified_gmt":"2026-03-09T12:29:50","slug":"easy-digital-downloads-zapier","status":"publish","type":"product","link":"https:\/\/gpl-love.com\/es\/producto\/easy-digital-downloads-zapier\/","title":{"rendered":"Easy Digital Downloads Zapier 1.4.3"},"content":{"rendered":"<h3>Easy Digital Downloads Zapier Caracteristicas<\/h3>\n<p>Easy Digital Downloads Zapier es una herramienta incre\u00edblemente robusta y din\u00e1mica que permite a las personas integrar a la perfecci\u00f3n su tienda de descargas digitales f\u00e1ciles con una amplia gama de m\u00e1s de 2,000 aplicaciones web de vanguardia. Estos incluyen plataformas muy buscadas para marketing por correo electr\u00f3nico, gesti\u00f3n de relaciones con el cliente (CRM), gesti\u00f3n de proyectos y muchas m\u00e1s. Al aprovechar el inmenso poder de esta integraci\u00f3n, los usuarios pueden automatizar sin esfuerzo sus flujos de trabajo, simplificando efectivamente sus procesos de ventas y marketing para maximizar la eficiencia. Esta ingeniosa herramienta facilita la creaci\u00f3n de flujos de trabajo a medida que automatizan h\u00e1bilmente una multitud de tareas, que van desde el simple acto de agregar nuevos clientes hasta una lista de correo, hasta el proceso m\u00e1s complejo de actualizar los datos de los clientes dentro de un CRM, hasta el arte hasta el art\u00edstico Ejecuci\u00f3n de enviar correos electr\u00f3nicos de seguimiento y m\u00e1s all\u00e1. Con descargas digitales f\u00e1ciles de m\u00e1s que Acting como un aliado incondicional, a las personas se les otorga el invaluable donaci\u00f3n de la liberaci\u00f3n del tiempo y la capacidad de canalizar sus esfuerzos hacia el cultivo fruct\u00edfero del crecimiento empresarial, todo mientras se liberan felices del trabajo de las tareas administrativas serviles y mon\u00f3tonas.<\/p>\n<ul>\n<li>Integre perfectamente descargas digitales f\u00e1ciles con otras aplicaciones web<\/li>\n<li>Automatizar tareas y ahorrar tiempo configurando desencadenantes y acciones con Zapier<\/li>\n<li>Aumentar la eficiencia y la productividad al automatizar tareas repetitivas<\/li>\n<li>No se requieren habilidades de codificaci\u00f3n, configure sus integraciones en minutos con una interfaz f\u00e1cil de usar<\/li>\n<li>Conecte descargas digitales f\u00e1ciles con m\u00e1s de 2000 aplicaciones web que incluyen hojas de Google, MailChimp y Trello<\/li>\n<li>Flexibilidad para personalizar sus integraciones para satisfacer sus necesidades y flujos de trabajo espec\u00edficos<\/li>\n<li>Elimine la entrada de datos manuales y los posibles errores automatizando el cumplimiento del pedido, las notificaciones por correo electr\u00f3nico y m\u00e1s<\/li>\n<li>Mant\u00e9ngase al tanto de su negocio recibiendo actualizaciones y alertas en tiempo real a trav\u00e9s de sus integraciones<\/li>\n<li>Aumente sus ventas y satisfacci\u00f3n del cliente enviando autom\u00e1ticamente correos electr\u00f3nicos de agradecimiento personalizados y comunicaciones de seguimiento<\/li>\n<li>Mantenga sus datos organizados y consistentes en todas sus aplicaciones web con sincronizaci\u00f3n de datos automatizado.<\/li>\n<\/ul>\n","protected":false},"excerpt":{"rendered":"<p>Al aprovechar el complemento f\u00e1cil de descargas digitales de Zapier, puede incorporar sin problemas su tienda de descargas digitales f\u00e1ciles con varias aplicaciones en l\u00ednea, mejorando as\u00ed la eficiencia y la efectividad de sus operaciones. Esta integraci\u00f3n facilita la automatizaci\u00f3n del flujo de trabajo, lo que a su vez le permite optimizar la utilizaci\u00f3n del tiempo y minimizar el esfuerzo manual. La interfaz f\u00e1cil de usar simplifica el proceso de establecer desencadenantes personalizados que fomentan la conectividad perfecta entre sus datos EDD y otras aplicaciones, lo que le brinda acceso sin restricciones a la informaci\u00f3n necesaria necesaria para garantizar el funcionamiento sin problemas de su negocio. Independientemente de si busca integrarse con su plataforma de marketing por correo electr\u00f3nico, sistema de gesti\u00f3n de relaciones con el cliente o cualquier otra aplicaci\u00f3n, Zapier sirve como el conducto final, lo que le permite optimizar sus procesos, recibir actualizaciones en tiempo real y permanecer bien informado. Al adoptar la soluci\u00f3n f\u00e1cil de descargas digitales de Zapier, puede elevar el rendimiento de su tienda y impulsar su negocio a alturas sin precedentes.<\/p>\n","protected":false},"featured_media":165895,"comment_status":"open","ping_status":"open","template":"","meta":[],"product_brand":[2427],"product_cat":[1207,1248,1206],"product_tag":[1280],"class_list":{"0":"post-119295","1":"product","2":"type-product","3":"status-publish","4":"has-post-thumbnail","6":"product_brand-easy-digital-downloads","7":"product_cat-comercio-electronico-plugins","8":"product_cat-personalizacion-comercio-electronico-plugins","9":"product_cat-plugins","10":"product_tag-easy-digital-downloads","11":"member-discount","12":"discount-restricted","14":"first","15":"instock","16":"sale","17":"downloadable","18":"virtual","19":"sold-individually","20":"purchasable","21":"product-type-simple"},"_links":{"self":[{"href":"https:\/\/gpl-love.com\/es\/wp-json\/wp\/v2\/product\/119295","targetHints":{"allow":["GET"]}}],"collection":[{"href":"https:\/\/gpl-love.com\/es\/wp-json\/wp\/v2\/product"}],"about":[{"href":"https:\/\/gpl-love.com\/es\/wp-json\/wp\/v2\/types\/product"}],"replies":[{"embeddable":true,"href":"https:\/\/gpl-love.com\/es\/wp-json\/wp\/v2\/comments?post=119295"}],"wp:featuredmedia":[{"embeddable":true,"href":"https:\/\/gpl-love.com\/es\/wp-json\/wp\/v2\/media\/165895"}],"wp:attachment":[{"href":"https:\/\/gpl-love.com\/es\/wp-json\/wp\/v2\/media?parent=119295"}],"wp:term":[{"taxonomy":"product_brand","embeddable":true,"href":"https:\/\/gpl-love.com\/es\/wp-json\/wp\/v2\/product_brand?post=119295"},{"taxonomy":"product_cat","embeddable":true,"href":"https:\/\/gpl-love.com\/es\/wp-json\/wp\/v2\/product_cat?post=119295"},{"taxonomy":"product_tag","embeddable":true,"href":"https:\/\/gpl-love.com\/es\/wp-json\/wp\/v2\/product_tag?post=119295"}],"curies":[{"name":"wp","href":"https:\/\/api.w.org\/{rel}","templated":true}]}}