{"id":119268,"date":"2025-11-04T00:00:00","date_gmt":"2025-11-04T05:00:00","guid":{"rendered":"https:\/\/gpl-love.com\/es\/?post_type=product&#038;p=119268"},"modified":"2026-04-10T11:16:55","modified_gmt":"2026-04-10T16:16:55","slug":"modern-events-calendar-waiting-list","status":"publish","type":"product","link":"https:\/\/gpl-love.com\/es\/producto\/modern-events-calendar-waiting-list\/","title":{"rendered":"Modern Events Calendar Waiting List 1.4.5"},"content":{"rendered":"<h3>Modern Events Calendar Waiting List Caracteristicas<\/h3>\n<p>La lista de espera de calendario de eventos modernos sirve como una herramienta innovadora que tiene como objetivo facilitar la gesti\u00f3n eficiente de los registros de eventos para los organizadores de eventos. Esta caracter\u00edstica innovadora no solo permite a los usuarios reunir sin esfuerzo informaci\u00f3n sobre los asistentes al evento, sino que tambi\u00e9n les permite monitorear de cerca el estado de sus listas de espera. Adem\u00e1s, la funcionalidad de la lista de espera se integra perfectamente con el complemento de calendario de eventos modernos, asegurando as\u00ed una experiencia de usuario fluida y una accesibilidad conveniente. Adem\u00e1s, esta herramienta permite a los organizadores generar mensajes de lista de espera personalizados y notificaciones por correo electr\u00f3nico, lo que garantiza que los asistentes permanezcan bien informados y participados activamente durante todo el proceso de registro. Ya sea que uno est\u00e9 orquestando un concierto, conferencia o cualquier otra forma de evento, la lista de espera de calendario de eventos modernos representa sin lugar a dudas un activo indispensable para supervisar los registros de eventos y garantizar una experiencia perfecta y gratificante para todos los asistentes involucrados.<\/p>\n<ul>\n<li>La lista de espera de calendario de eventos modernos es una herramienta poderosa para que los organizadores de eventos administren listas de espera para sus eventos.<\/li>\n<li>Proporciona una interfaz simple y f\u00e1cil de usar para que los organizadores agregen y administren entradas de la lista de espera.<\/li>\n<li>La lista de espera se puede configurar con campos personalizados, lo que permite a los organizadores recopilar informaci\u00f3n espec\u00edfica de posibles asistentes.<\/li>\n<li>Los organizadores pueden trasladar f\u00e1cilmente a los asistentes de la lista de espera a la lista de asistentes del evento a medida que el espacio est\u00e1 disponible.<\/li>\n<li>La lista de espera tambi\u00e9n incluye un sistema de notificaci\u00f3n, lo que permite a los organizadores mantener informados a los asistentes potenciales sobre cualquier cambio o actualizaci\u00f3n relacionada con el evento.<\/li>\n<li>La lista de espera de calendario de eventos modernos se puede integrar sin problemas con el complemento de calendario de eventos modernos, proporcionando una soluci\u00f3n integral de gesti\u00f3n de eventos.<\/li>\n<li>Con la lista de espera de calendario de eventos modernos, los organizadores de eventos pueden asegurarse de que nunca pierdan la oportunidad de llenar sus eventos hasta el suyo.<\/li>\n<\/ul>\n","protected":false},"excerpt":{"rendered":"<p>La lista de espera de calendario de eventos modernos es una herramienta incre\u00edblemente robusta y valiosa que los organizadores de eventos pueden utilizar para administrar y priorizar de manera eficiente y efectiva los registros de los asistentes. Al aprovechar esta caracter\u00edstica excepcional, tiene la capacidad de establecer sin esfuerzo una lista de espera que incluir\u00e1 sin problemas y autom\u00e1ticamente a las personas que han expresado inter\u00e9s en su evento una vez que alcance su capacidad m\u00e1xima. Esta caracter\u00edstica excepcional garantiza que ning\u00fan individuo est\u00e9 injustamente excluido de participar en su evento, y tambi\u00e9n le permite, como organizador del evento, permanecer continuamente informado y informado de posibles asistentes. Al implementar esta caracter\u00edstica, no solo podr\u00e1 reforzar significativamente la asistencia de eventos, sino tambi\u00e9n mitigar significativamente los riesgos asociados con las cancelaciones de eventos. Adem\u00e1s, sus estimados asistentes sin duda expresar\u00e1n su gratitud y aprecio por la capacidad de unirse a una lista de espera y, posteriormente, recibir\u00e1n notificaciones en el caso de que los boletos adicionales se materialicen y est\u00e9n disponibles.<\/p>\n","protected":false},"featured_media":166805,"comment_status":"open","ping_status":"open","template":"","meta":[],"product_brand":[2408],"product_cat":[1214,1206,1211],"product_tag":[1419],"class_list":{"0":"post-119268","1":"product","2":"type-product","3":"status-publish","4":"has-post-thumbnail","6":"product_brand-webnus","7":"product_cat-personalizacion","8":"product_cat-plugins","9":"product_cat-wordpress-plugins","10":"product_tag-webnus","11":"member-discount","12":"discount-restricted","14":"first","15":"instock","16":"sale","17":"downloadable","18":"virtual","19":"sold-individually","20":"purchasable","21":"product-type-simple"},"_links":{"self":[{"href":"https:\/\/gpl-love.com\/es\/wp-json\/wp\/v2\/product\/119268","targetHints":{"allow":["GET"]}}],"collection":[{"href":"https:\/\/gpl-love.com\/es\/wp-json\/wp\/v2\/product"}],"about":[{"href":"https:\/\/gpl-love.com\/es\/wp-json\/wp\/v2\/types\/product"}],"replies":[{"embeddable":true,"href":"https:\/\/gpl-love.com\/es\/wp-json\/wp\/v2\/comments?post=119268"}],"wp:featuredmedia":[{"embeddable":true,"href":"https:\/\/gpl-love.com\/es\/wp-json\/wp\/v2\/media\/166805"}],"wp:attachment":[{"href":"https:\/\/gpl-love.com\/es\/wp-json\/wp\/v2\/media?parent=119268"}],"wp:term":[{"taxonomy":"product_brand","embeddable":true,"href":"https:\/\/gpl-love.com\/es\/wp-json\/wp\/v2\/product_brand?post=119268"},{"taxonomy":"product_cat","embeddable":true,"href":"https:\/\/gpl-love.com\/es\/wp-json\/wp\/v2\/product_cat?post=119268"},{"taxonomy":"product_tag","embeddable":true,"href":"https:\/\/gpl-love.com\/es\/wp-json\/wp\/v2\/product_tag?post=119268"}],"curies":[{"name":"wp","href":"https:\/\/api.w.org\/{rel}","templated":true}]}}