{"id":119206,"date":"2025-11-04T00:00:00","date_gmt":"2025-11-04T05:00:00","guid":{"rendered":"https:\/\/gpl-love.com\/es\/?post_type=product&#038;p=119206"},"modified":"2026-03-13T17:35:41","modified_gmt":"2026-03-13T22:35:41","slug":"zilom-online-education-learning-wordpress-theme","status":"publish","type":"product","link":"https:\/\/gpl-love.com\/es\/producto\/zilom-online-education-learning-wordpress-theme\/","title":{"rendered":"Zilom Online Education Learning WordPress Theme 1.4.2"},"content":{"rendered":"<h3>Zilom Online Education Learning WordPress Theme Caracteristicas<\/h3>\n<p>El tema de WordPress de Educaci\u00f3n en l\u00ednea de Zilom es un tema de WordPress incre\u00edblemente robusto y vers\u00e1til espec\u00edficamente dise\u00f1ado para satisfacer las necesidades de sitios web educativos, cursos en l\u00ednea y plataformas de aprendizaje electr\u00f3nico. Este tema excepcional cuenta con un dise\u00f1o profesional y de vanguardia que se adapta sin esfuerzo a varios dispositivos, asegurando una experiencia de usuario \u00f3ptima en todas las plataformas. Con Zilom, tiene la capacidad de generar y administrar cursos en l\u00ednea sin esfuerzo, mostrar horarios de cursos integrales e integrarse sin problemas con los reconocidos complementos de aprendizaje electr\u00f3nico. Adem\u00e1s, este tema ofrece una amplia gama de opciones de personalizaci\u00f3n, esquemas de color que abarcan, configuraciones de dise\u00f1o y opciones de fuentes, lo que le otorga la libertad de personalizar el dise\u00f1o para alinearse perfectamente con sus requisitos \u00fanicos. Adem\u00e1s, Zilom se armoniza impecablemente con WooCommerce, un complemento de comercio electr\u00f3nico muy popular, que facilita la venta sin esfuerzo de cursos y otros productos educativos en l\u00ednea. Independientemente de si opera una academia en l\u00ednea, servicio de tutor\u00eda o centro de capacitaci\u00f3n, Zilom se erige como la elecci\u00f3n por excelencia para establecer una experiencia de aprendizaje en l\u00ednea inmersiva e impactante.<\/p>\n<ul>\n<li>Tema de WordPress bellamente dise\u00f1ado y personalizable espec\u00edficamente para sitios web de educaci\u00f3n y aprendizaje en l\u00ednea<\/li>\n<li>Viene con una variedad de plantillas de p\u00e1gina preconstruidas para cursos, instructores, eventos y m\u00e1s<\/li>\n<li>Construido con el constructor de p\u00e1ginas de Elementor para una f\u00e1cil personalizaci\u00f3n de arrastrar y soltar<\/li>\n<li>Compatible con WooCommerce para vender cursos y material educativo<\/li>\n<li>Integrado con LearnPress Plugin para administrar cursos, cuestionarios y progreso de los estudiantes<\/li>\n<li>SEO optimizado para facilitar la capacidad de descubrimiento por parte de los motores de b\u00fasqueda<\/li>\n<li>Viene con una amplia documentaci\u00f3n y soporte para un proceso de configuraci\u00f3n sin problemas<\/li>\n<li>Dise\u00f1o de respuesta m\u00f3vil para facilitar el acceso en cualquier dispositivo<\/li>\n<li>Construido con c\u00f3digo limpio y optimizado para tiempos de carga r\u00e1pidas<\/li>\n<li>Instalaci\u00f3n de demostraci\u00f3n con un solo clic para un comienzo r\u00e1pido y f\u00e1cil de su sitio web de educaci\u00f3n en l\u00ednea.<\/li>\n<\/ul>\n","protected":false},"excerpt":{"rendered":"<p>El tema de WordPress de educaci\u00f3n en l\u00ednea de Zilom en l\u00ednea sirve como una resoluci\u00f3n ideal para instituciones educativas, proveedores de cursos en l\u00ednea o tutores que buscan establecer un encuentro de aprendizaje en l\u00ednea cautivador para sus estudiantes. Con una interfaz contempor\u00e1nea y f\u00e1cil de usar, este tema proporciona una amplia gama de funcionalidades para ayudar a los educadores a dar forma a sus cursos, dise\u00f1ar cuestionarios y evaluaciones, as\u00ed como entregar conferencias de video cautivadoras. Adem\u00e1s, el tema de WordPress de aprendizaje en l\u00ednea de Zilom Online est\u00e1 equipado con potentes opciones de personalizaci\u00f3n, permitiendo variaciones de color ilimitadas y exhibiendo una capacidad de respuesta m\u00f3vil, asegurando as\u00ed una experiencia de aprendizaje ininterrumpida y fluida en todos los tipos de dispositivos. \u00a1Emp\u00e1rate en un viaje con el tema de WordPress de educaci\u00f3n en l\u00ednea Zilom en l\u00ednea y eleva la calidad de tus cursos en l\u00ednea a alturas incomparables!<\/p>\n","protected":false},"featured_media":168724,"comment_status":"open","ping_status":"open","template":"","meta":[],"product_brand":[2337],"product_cat":[1267,1237,1238],"product_tag":[1391],"class_list":{"0":"post-119206","1":"product","2":"type-product","3":"status-publish","4":"has-post-thumbnail","6":"product_brand-themeforest","7":"product_cat-creativo","8":"product_cat-temas","9":"product_cat-wordpress-temas","10":"product_tag-themeforest","11":"member-discount","12":"discount-restricted","14":"first","15":"instock","16":"sale","17":"downloadable","18":"virtual","19":"sold-individually","20":"purchasable","21":"product-type-simple"},"_links":{"self":[{"href":"https:\/\/gpl-love.com\/es\/wp-json\/wp\/v2\/product\/119206","targetHints":{"allow":["GET"]}}],"collection":[{"href":"https:\/\/gpl-love.com\/es\/wp-json\/wp\/v2\/product"}],"about":[{"href":"https:\/\/gpl-love.com\/es\/wp-json\/wp\/v2\/types\/product"}],"replies":[{"embeddable":true,"href":"https:\/\/gpl-love.com\/es\/wp-json\/wp\/v2\/comments?post=119206"}],"wp:featuredmedia":[{"embeddable":true,"href":"https:\/\/gpl-love.com\/es\/wp-json\/wp\/v2\/media\/168724"}],"wp:attachment":[{"href":"https:\/\/gpl-love.com\/es\/wp-json\/wp\/v2\/media?parent=119206"}],"wp:term":[{"taxonomy":"product_brand","embeddable":true,"href":"https:\/\/gpl-love.com\/es\/wp-json\/wp\/v2\/product_brand?post=119206"},{"taxonomy":"product_cat","embeddable":true,"href":"https:\/\/gpl-love.com\/es\/wp-json\/wp\/v2\/product_cat?post=119206"},{"taxonomy":"product_tag","embeddable":true,"href":"https:\/\/gpl-love.com\/es\/wp-json\/wp\/v2\/product_tag?post=119206"}],"curies":[{"name":"wp","href":"https:\/\/api.w.org\/{rel}","templated":true}]}}