{"id":119202,"date":"2021-11-10T00:00:00","date_gmt":"2021-11-10T05:00:00","guid":{"rendered":"https:\/\/gpl-love.com\/es\/?post_type=product&#038;p=119202"},"modified":"2026-03-09T08:25:23","modified_gmt":"2026-03-09T13:25:23","slug":"woocommerce-shop-page-builder","status":"publish","type":"product","link":"https:\/\/gpl-love.com\/es\/producto\/woocommerce-shop-page-builder\/","title":{"rendered":"WooCommerce Shop Page Builder 2.26.1"},"content":{"rendered":"<h3>WooCommerce Shop Page Builder Caracteristicas<\/h3>\n<p>El WooCommerce Shop Page Builder, una herramienta incre\u00edblemente poderosa, brinda a los usuarios la capacidad de dise\u00f1ar y personalizar sin esfuerzo sus p\u00e1ginas de WooCommerce Shop. Esta herramienta abarca una interfaz de arrastrar y soltar y una impresionante selecci\u00f3n de plantillas predise\u00f1adas, lo que permite a los usuarios crear p\u00e1ginas de tiendas visualmente impresionantes sin esfuerzo que se alineen perfectamente con su marca y estilo \u00fanicos. Adem\u00e1s, este notable complemento ofrece una variedad de caracter\u00edsticas excepcionales, como cuadr\u00edculas de productos, filtros y opciones de clasificaci\u00f3n, lo que facilita a los visitantes para localizar r\u00e1pidamente los art\u00edculos deseados. Adem\u00e1s, el WooCommerce Shop Page Builder tambi\u00e9n cuenta con opciones de personalizaci\u00f3n avanzadas que satisfacen las necesidades de los desarrolladores, lo que lo hace una soluci\u00f3n notablemente vers\u00e1til adecuada para empresas de todas las escalas. Con su interfaz excepcionalmente f\u00e1cil de usar y una amplia gama de funcionalidades, este complemento indispensable sirve como un activo imperativo para cualquier propietario astuto de la tienda WooCommerce determinado para mejorar la experiencia general de compra en l\u00ednea.<\/p>\n<ul>\n<li>Cree f\u00e1cilmente p\u00e1ginas de tiendas personalizadas para su tienda WooCommerce<\/li>\n<li>Interfaz de arrastrar y soltar para un edificio de p\u00e1gina simple<\/li>\n<li>No se requiere conocimiento de codificaci\u00f3n<\/li>\n<li>Personalice el dise\u00f1o, los colores, las fuentes y m\u00e1s para adaptarse a su marca<\/li>\n<li>Agregue productos o categor\u00edas destacadas en la parte superior de su tienda<\/li>\n<li>Crear p\u00e1ginas de categor\u00eda \u00fanicas con pancartas y texto personalizados<\/li>\n<li>Mostrar informaci\u00f3n relevante del producto, como insignias de venta o niveles de stock<\/li>\n<li>Compatible con cualquier tema de WordPress y versi\u00f3n de WooCommerce<\/li>\n<li>Dise\u00f1o receptivo para una visualizaci\u00f3n \u00f3ptima en dispositivos m\u00f3viles<\/li>\n<li>Cambios de prueba en tiempo real con la funci\u00f3n de vista previa en vivo.<\/li>\n<\/ul>\n","protected":false},"excerpt":{"rendered":"<p>El WooCommerce Shop Page Builder es una herramienta incre\u00edblemente robusta e influyente que brinda asistencia en la creaci\u00f3n de p\u00e1ginas de productos visualmente impresionantes y de aspecto extremadamente profesional en su tienda WooCommerce. Al emplear una interfaz intuitiva y f\u00e1cil de usar con usuarios, posee la capacidad de personalizar y adaptar la p\u00e1gina de su tienda para exhibir una variedad de productos, categor\u00edas, filtros y m\u00e1s de una manera completamente personalizable. Este complemento ofrece un nivel excepcional de adaptabilidad, acomodando numerosos dise\u00f1os de cuadr\u00edcula, otorgando acceso a una variedad de opciones de estilo personalizados e integrando sin problemas con constructores de p\u00e1ginas ampliamente utilizados como Elementor y Beaver Builder. Independientemente de si usted es un desarrollador novato o experimentado, el WooCommerce Shop Page Builder es un activo invaluable que sin duda facilitar\u00e1 la construcci\u00f3n de una experiencia de compra incomparable para su estimada clientela.<\/p>\n","protected":false},"featured_media":168262,"comment_status":"open","ping_status":"open","template":"","meta":[],"product_brand":[2339],"product_cat":[1207,1248,1206],"product_tag":[1256],"class_list":{"0":"post-119202","1":"product","2":"type-product","3":"status-publish","4":"has-post-thumbnail","6":"product_brand-codecanyon","7":"product_cat-comercio-electronico-plugins","8":"product_cat-personalizacion-comercio-electronico-plugins","9":"product_cat-plugins","10":"product_tag-codecanyon","11":"member-discount","12":"discount-restricted","14":"first","15":"instock","16":"sale","17":"downloadable","18":"virtual","19":"sold-individually","20":"purchasable","21":"product-type-simple"},"_links":{"self":[{"href":"https:\/\/gpl-love.com\/es\/wp-json\/wp\/v2\/product\/119202","targetHints":{"allow":["GET"]}}],"collection":[{"href":"https:\/\/gpl-love.com\/es\/wp-json\/wp\/v2\/product"}],"about":[{"href":"https:\/\/gpl-love.com\/es\/wp-json\/wp\/v2\/types\/product"}],"replies":[{"embeddable":true,"href":"https:\/\/gpl-love.com\/es\/wp-json\/wp\/v2\/comments?post=119202"}],"wp:featuredmedia":[{"embeddable":true,"href":"https:\/\/gpl-love.com\/es\/wp-json\/wp\/v2\/media\/168262"}],"wp:attachment":[{"href":"https:\/\/gpl-love.com\/es\/wp-json\/wp\/v2\/media?parent=119202"}],"wp:term":[{"taxonomy":"product_brand","embeddable":true,"href":"https:\/\/gpl-love.com\/es\/wp-json\/wp\/v2\/product_brand?post=119202"},{"taxonomy":"product_cat","embeddable":true,"href":"https:\/\/gpl-love.com\/es\/wp-json\/wp\/v2\/product_cat?post=119202"},{"taxonomy":"product_tag","embeddable":true,"href":"https:\/\/gpl-love.com\/es\/wp-json\/wp\/v2\/product_tag?post=119202"}],"curies":[{"name":"wp","href":"https:\/\/api.w.org\/{rel}","templated":true}]}}