{"id":119200,"date":"2022-02-08T00:00:00","date_gmt":"2022-02-08T05:00:00","guid":{"rendered":"https:\/\/gpl-love.com\/es\/?post_type=product&#038;p=119200"},"modified":"2026-04-10T11:22:51","modified_gmt":"2026-04-10T16:22:51","slug":"reactions-wordpress-plugin","status":"publish","type":"product","link":"https:\/\/gpl-love.com\/es\/producto\/reactions-wordpress-plugin\/","title":{"rendered":"Reactions WordPress Plugin 3.20.101"},"content":{"rendered":"<h3>Reactions WordPress Plugin Caracteristicas<\/h3>\n<p>El complemento de entrada: Reacciones de WordPress, con sus capacidades formidables, faculta a los propietarios del sitio web para integrar a la perfecci\u00f3n elementos interactivos y cautivadores en su sitio de WordPress. En virtud de este notable complemento, los usuarios reciben la capacidad de agregar sin esfuerzo reacciones hechas a medida a sus publicaciones, p\u00e1ginas y comentarios, fomentando as\u00ed el compromiso y la interacci\u00f3n con su estimada audiencia. El complemento ofrece una extensa gama de iconos de reacci\u00f3n predise\u00f1ados que se pueden personalizar sin esfuerzo para alinearse con la marca y el estilo distintos del sitio web. Adem\u00e1s, otorga a los propietarios de sitios web con an\u00e1lisis intrincados sobre la participaci\u00f3n del usuario con dichas reacciones, d\u00e1ndoles as\u00ed ideas invaluables sobre las predilecciones de su estimada audiencia. Para resumir, el complemento de entrada: Reacciones WordPress es un activo indispensable para cualquier propietario del sitio web que anhela intensificar la participaci\u00f3n del usuario y cultivar una comunidad resuelta de devotos.<\/p>\n<ul>\n<li>Reacciona a las acciones del usuario y muestra reacciones apropiadas como emojis o animaciones<\/li>\n<li>Tipos de reacci\u00f3n y estilos personalizables<\/li>\n<li>Actualizaci\u00f3n en tiempo real de reacciones mostradas<\/li>\n<li>Compatibilidad con cualquier tema de WordPress<\/li>\n<li>Configuraci\u00f3n y configuraci\u00f3n simples<\/li>\n<li>Integraci\u00f3n con plataformas de redes sociales populares como Facebook y Twitter<\/li>\n<li>Seguimiento de an\u00e1lisis para reacciones y participaci\u00f3n del usuario<\/li>\n<li>Dise\u00f1o receptivo m\u00f3vil para una experiencia de usuario \u00f3ptima<\/li>\n<li>Mejora la participaci\u00f3n del usuario y la interactividad en su sitio de WordPress<\/li>\n<\/ul>\n","protected":false},"excerpt":{"rendered":"<p>El complemento de reacciones de WordPress se destaca como una herramienta extremadamente potente que faculta efectivamente a los propietarios del sitio web para incorporar sin esfuerzo botones de reacci\u00f3n a medida en sus publicaciones y p\u00e1ginas de WordPress, lo que permite a los usuarios expresar sus opiniones sobre el contenido de una manera r\u00e1pida y f\u00e1cil de usar. Este complemento excepcional ofrece una variedad de iconos predise\u00f1ados, que van desde emojis hasta pulgares arriba\/abajo y corazones, asegurando una selecci\u00f3n diversa para la expresi\u00f3n de sentimiento de los usuarios. Adem\u00e1s, el complemento cuenta con una interfaz totalmente personalizable, otorga a los propietarios de sitios web la capacidad de adaptar sus caracter\u00edsticas de acuerdo con sus preferencias espec\u00edficas. Entre sus entornos avanzados se encuentran la capacidad de imponer limitaciones a la frecuencia de reacci\u00f3n y la provisi\u00f3n del seguimiento de la participaci\u00f3n del usuario, lo que facilita una comprensi\u00f3n integral y matizada de las respuestas de los visitantes. En \u00faltima instancia, esta soluci\u00f3n que lo abarca todo sirve como un activo invaluable para los propietarios de sitios web, ya que permite la recopilaci\u00f3n de comentarios valiosos y posteriormente mejora la experiencia general del usuario en sus respectivas plataformas.<\/p>\n","protected":false},"featured_media":167317,"comment_status":"open","ping_status":"open","template":"","meta":[],"product_brand":[2339],"product_cat":[1232,1206,1211],"product_tag":[1256],"class_list":{"0":"post-119200","1":"product","2":"type-product","3":"status-publish","4":"has-post-thumbnail","6":"product_brand-codecanyon","7":"product_cat-marketing-wordpress-plugins","8":"product_cat-plugins","9":"product_cat-wordpress-plugins","10":"product_tag-codecanyon","11":"member-discount","12":"discount-restricted","14":"first","15":"instock","16":"sale","17":"downloadable","18":"virtual","19":"sold-individually","20":"purchasable","21":"product-type-simple"},"_links":{"self":[{"href":"https:\/\/gpl-love.com\/es\/wp-json\/wp\/v2\/product\/119200","targetHints":{"allow":["GET"]}}],"collection":[{"href":"https:\/\/gpl-love.com\/es\/wp-json\/wp\/v2\/product"}],"about":[{"href":"https:\/\/gpl-love.com\/es\/wp-json\/wp\/v2\/types\/product"}],"replies":[{"embeddable":true,"href":"https:\/\/gpl-love.com\/es\/wp-json\/wp\/v2\/comments?post=119200"}],"wp:featuredmedia":[{"embeddable":true,"href":"https:\/\/gpl-love.com\/es\/wp-json\/wp\/v2\/media\/167317"}],"wp:attachment":[{"href":"https:\/\/gpl-love.com\/es\/wp-json\/wp\/v2\/media?parent=119200"}],"wp:term":[{"taxonomy":"product_brand","embeddable":true,"href":"https:\/\/gpl-love.com\/es\/wp-json\/wp\/v2\/product_brand?post=119200"},{"taxonomy":"product_cat","embeddable":true,"href":"https:\/\/gpl-love.com\/es\/wp-json\/wp\/v2\/product_cat?post=119200"},{"taxonomy":"product_tag","embeddable":true,"href":"https:\/\/gpl-love.com\/es\/wp-json\/wp\/v2\/product_tag?post=119200"}],"curies":[{"name":"wp","href":"https:\/\/api.w.org\/{rel}","templated":true}]}}