{"id":119198,"date":"2024-05-04T00:00:00","date_gmt":"2024-05-04T05:00:00","guid":{"rendered":"https:\/\/gpl-love.com\/es\/?post_type=product&#038;p=119198"},"modified":"2026-03-09T08:28:27","modified_gmt":"2026-03-09T13:28:27","slug":"wp-job-manager-applications-addon","status":"publish","type":"product","link":"https:\/\/gpl-love.com\/es\/producto\/wp-job-manager-applications-addon\/","title":{"rendered":"WP Job Manager Applications Addon 3.2.0"},"content":{"rendered":"<h3>WP Job Manager Applications Addon Caracteristicas<\/h3>\n<p>El complemento de aplicaciones de WP Job Manager, una herramienta indispensable para empresas que buscan optimizar su proceso de reclutamiento, se presenta como una soluci\u00f3n \u00f3ptima. Al utilizar este complemento, los empleadores pueden recibir convenientemente solicitudes de empleo directamente a trav\u00e9s de su sitio web, facilitando as\u00ed la f\u00e1cil filtraci\u00f3n y organizaci\u00f3n de posibles candidatos. Adem\u00e1s, este complemento brinda a los candidatos la oportunidad de solicitar puestos por medio de una forma personalizable que se integre perfectamente en el marco del sitio web. Este complemento no solo cuenta con una gran cantidad de caracter\u00edsticas, incluida la capacidad de monitorear el progreso de los candidatos, enviar respuestas automatizadas a los solicitantes y mantenerse informado de nuevas solicitudes a trav\u00e9s de notificaciones, sino que tambi\u00e9n representa un activo indispensable para cualquier negocio que se esfuerza por mejorar la eficiencia operativa, Economice el tiempo y atrae al talento de primer nivel.<\/p>\n<ul>\n<li>Permite a los solicitantes de empleo solicitar listados de trabajo directamente en el sitio web<\/li>\n<li>Simplifica el proceso de solicitud tanto para solicitantes de empleo como para empleadores<\/li>\n<li>Incluye campos de formulario de solicitud personalizables para que los empleadores recopilen la informaci\u00f3n necesaria<\/li>\n<li>Permite a los empleadores recibir solicitudes directamente a trav\u00e9s de su Dashboard de WP Job Manager<\/li>\n<li>Integraci\u00f3n con servicios populares de marketing por correo electr\u00f3nico para comunicaci\u00f3n de seguimiento automatizada<\/li>\n<li>Se puede usar en combinaci\u00f3n con otros complementos y temas de WP Job Manager para una experiencia de la Junta de Trabajo totalmente personalizada.<\/li>\n<\/ul>\n","protected":false},"excerpt":{"rendered":"<p>El complemento de las aplicaciones de WP Job Manager sirve como una herramienta indispensable que mejora y agiliza efectivamente el proceso de contrataci\u00f3n. Al aprovechar esta herramienta altamente eficiente, los candidatos pueden enviar sin esfuerzo sus solicitudes directamente en su sitio web, facilitando la gesti\u00f3n perfecta y la revisi\u00f3n de estas aplicaciones. Adem\u00e1s, este complemento cuenta con una amplia gama de caracter\u00edsticas que incluyen campos personalizables, cargas de archivos adjuntos y notificaciones por correo electr\u00f3nico, todas dise\u00f1adas meticulosamente para garantizar que ninguna aplicaci\u00f3n crucial pase desapercibida. Abrace el complemento de aplicaciones de WP Job Manager para simplificar y optimizar su proceso de reclutamiento.<\/p>\n","protected":false},"featured_media":168395,"comment_status":"open","ping_status":"open","template":"","meta":[],"product_brand":[2626],"product_cat":[1214,1206,1211],"product_tag":[1444],"class_list":{"0":"post-119198","1":"product","2":"type-product","3":"status-publish","4":"has-post-thumbnail","6":"product_brand-wp-job-manager","7":"product_cat-personalizacion","8":"product_cat-plugins","9":"product_cat-wordpress-plugins","10":"product_tag-wp-job-manager","11":"member-discount","12":"discount-restricted","14":"first","15":"instock","16":"sale","17":"downloadable","18":"virtual","19":"sold-individually","20":"purchasable","21":"product-type-simple"},"_links":{"self":[{"href":"https:\/\/gpl-love.com\/es\/wp-json\/wp\/v2\/product\/119198","targetHints":{"allow":["GET"]}}],"collection":[{"href":"https:\/\/gpl-love.com\/es\/wp-json\/wp\/v2\/product"}],"about":[{"href":"https:\/\/gpl-love.com\/es\/wp-json\/wp\/v2\/types\/product"}],"replies":[{"embeddable":true,"href":"https:\/\/gpl-love.com\/es\/wp-json\/wp\/v2\/comments?post=119198"}],"wp:featuredmedia":[{"embeddable":true,"href":"https:\/\/gpl-love.com\/es\/wp-json\/wp\/v2\/media\/168395"}],"wp:attachment":[{"href":"https:\/\/gpl-love.com\/es\/wp-json\/wp\/v2\/media?parent=119198"}],"wp:term":[{"taxonomy":"product_brand","embeddable":true,"href":"https:\/\/gpl-love.com\/es\/wp-json\/wp\/v2\/product_brand?post=119198"},{"taxonomy":"product_cat","embeddable":true,"href":"https:\/\/gpl-love.com\/es\/wp-json\/wp\/v2\/product_cat?post=119198"},{"taxonomy":"product_tag","embeddable":true,"href":"https:\/\/gpl-love.com\/es\/wp-json\/wp\/v2\/product_tag?post=119198"}],"curies":[{"name":"wp","href":"https:\/\/api.w.org\/{rel}","templated":true}]}}