{"id":119194,"date":"2025-07-03T00:00:00","date_gmt":"2025-07-03T05:00:00","guid":{"rendered":"https:\/\/gpl-love.com\/es\/?post_type=product&#038;p=119194"},"modified":"2026-04-10T11:28:22","modified_gmt":"2026-04-10T16:28:22","slug":"themify-tiles-plugin","status":"publish","type":"product","link":"https:\/\/gpl-love.com\/es\/producto\/themify-tiles-plugin\/","title":{"rendered":"Themify Tiles Plugin 1.3.1"},"content":{"rendered":"<h3>Themify Tiles Plugin Caracteristicas<\/h3>\n<p>El complemento Themify Tiles, una herramienta altamente potente, ofrece a los usuarios la capacidad de generar arreglos exquisitos y cautivadores en su sitio web de WordPress. A trav\u00e9s de su interfaz de arrastre y ca\u00edda f\u00e1cil de usar, las personas pueden personalizar su dise\u00f1o de mosaico seleccionando desde una amplia gama de estilos, colores y tipos de contenido. Adem\u00e1s, este complemento viene equipado con numerosas plantillas predise\u00f1adas, lo que permite a los usuarios crear dise\u00f1os de baldosas visualmente llamativos visualmente que garantizan cautivar a su audiencia. Adem\u00e1s, es importante tener en cuenta que este complemento es totalmente receptivo y optimizado para dispositivos m\u00f3viles, asegurando as\u00ed que los dise\u00f1os de mosaicos sigan siendo accesibles e atractivos, independientemente del dispositivo que la audiencia pueda estar utilizando. Al aprovechar las capacidades del complemento Themify Tiles, los usuarios pueden crear con \u00e9xito un sitio web din\u00e1mico y cautivador que seguramente atraer\u00e1 a los visitantes, inst\u00e1ndolos a devolver una y otra vez para obtener un contenido m\u00e1s atractivo.<\/p>\n<ul>\n<li>Un complemento de mosaico potente y personalizable para su sitio de WordPress<\/li>\n<li>Interfaz de arrastrar y soltar f\u00e1ciles de usar para crear dise\u00f1os de mosaicos din\u00e1micos<\/li>\n<li>Cree dise\u00f1os de dise\u00f1o de mosaico ilimitado para sus p\u00e1ginas, publicaciones y tipos de publicaciones personalizadas<\/li>\n<li>Elija entre una variedad de estilos de baldosas y animaciones para mejorar la experiencia del usuario<\/li>\n<li>Agregue contenido de mosaico personalizado con texto, im\u00e1genes, videos y m\u00e1s<\/li>\n<li>Cree dise\u00f1os de mosaicos que se ajusten a diferentes tama\u00f1os y dispositivos de pantalla<\/li>\n<li>Agregue el estilo CSS personalizado y las clases para personalizar a\u00fan m\u00e1s sus dise\u00f1os de mosaicos<\/li>\n<li>Crear cuadr\u00edculas de baldosas filtrables con categor\u00edas y etiquetas para organizar contenido<\/li>\n<li>Compatible con temas de themify y otros temas de WordPress<\/li>\n<li>Actualizaciones regulares y soporte de Themify para garantizar la compatibilidad y la funcionalidad<\/li>\n<\/ul>\n","protected":false},"excerpt":{"rendered":"<p>El complemento Themify Tiles, un complemento de WordPress extremadamente potente, le otorga la capacidad de fabricar arreglos de cuadr\u00edcula exquisitos y adaptables para su sitio web. Por medio de su interfaz intuitiva de arrastrar y soltar, puede incorporar sin esfuerzo mosaicos, im\u00e1genes, videos y una variedad de otros elementos para forjar dise\u00f1os fascinantes que cautivan y estimulan a sus visitantes. Independientemente de si busca hacer alarde de su cartera, acentuar sus servicios o impulsar sus productos, el complemento Themify Tiles sirve como una soluci\u00f3n incomparable para establecer dise\u00f1os resplandecientes y din\u00e1micos que seguramente dejar\u00e1n una impresi\u00f3n indeleble. Por lo tanto, \u00bfpor qu\u00e9 retrasar m\u00e1s? \u00a1Comience la creaci\u00f3n de sus propios dise\u00f1os de baldosas deslumbrantes hoy aprovechando las capacidades inimitables del complemento Themify Tiles!<\/p>\n","protected":false},"featured_media":167796,"comment_status":"open","ping_status":"open","template":"","meta":[],"product_brand":[2578],"product_cat":[1214,1206,1211],"product_tag":[1400],"class_list":{"0":"post-119194","1":"product","2":"type-product","3":"status-publish","4":"has-post-thumbnail","6":"product_brand-themify","7":"product_cat-personalizacion","8":"product_cat-plugins","9":"product_cat-wordpress-plugins","10":"product_tag-themify","11":"member-discount","12":"discount-restricted","14":"first","15":"instock","16":"sale","17":"downloadable","18":"virtual","19":"sold-individually","20":"purchasable","21":"product-type-simple"},"_links":{"self":[{"href":"https:\/\/gpl-love.com\/es\/wp-json\/wp\/v2\/product\/119194","targetHints":{"allow":["GET"]}}],"collection":[{"href":"https:\/\/gpl-love.com\/es\/wp-json\/wp\/v2\/product"}],"about":[{"href":"https:\/\/gpl-love.com\/es\/wp-json\/wp\/v2\/types\/product"}],"replies":[{"embeddable":true,"href":"https:\/\/gpl-love.com\/es\/wp-json\/wp\/v2\/comments?post=119194"}],"wp:featuredmedia":[{"embeddable":true,"href":"https:\/\/gpl-love.com\/es\/wp-json\/wp\/v2\/media\/167796"}],"wp:attachment":[{"href":"https:\/\/gpl-love.com\/es\/wp-json\/wp\/v2\/media?parent=119194"}],"wp:term":[{"taxonomy":"product_brand","embeddable":true,"href":"https:\/\/gpl-love.com\/es\/wp-json\/wp\/v2\/product_brand?post=119194"},{"taxonomy":"product_cat","embeddable":true,"href":"https:\/\/gpl-love.com\/es\/wp-json\/wp\/v2\/product_cat?post=119194"},{"taxonomy":"product_tag","embeddable":true,"href":"https:\/\/gpl-love.com\/es\/wp-json\/wp\/v2\/product_tag?post=119194"}],"curies":[{"name":"wp","href":"https:\/\/api.w.org\/{rel}","templated":true}]}}