{"id":119192,"date":"2021-11-10T00:00:00","date_gmt":"2021-11-10T05:00:00","guid":{"rendered":"https:\/\/gpl-love.com\/es\/?post_type=product&#038;p=119192"},"modified":"2026-03-13T17:25:52","modified_gmt":"2026-03-13T22:25:52","slug":"mythemeshop-splash-wordpress-theme","status":"publish","type":"product","link":"https:\/\/gpl-love.com\/es\/producto\/mythemeshop-splash-wordpress-theme\/","title":{"rendered":"MyThemeShop Splash WordPress Theme 3.3.10"},"content":{"rendered":"<h3>MyThemeShop Splash WordPress Theme Caracteristicas<\/h3>\n<p>Mythemeshop Splash WordPress Teme, un tema ejemplar imbuido de la modernidad y la elegancia, ha sido meticulosamente elaborado para facilitar la creaci\u00f3n de sitios web visualmente llamativos. Este notable tema ofrece una amplia gama de opciones de personalizaci\u00f3n, lo que le permite crear un sitio web distintivo que refleje la esencia de su marca. Con una capacidad de respuesta completa, se adapta a la perfecci\u00f3n a los dispositivos m\u00f3viles y de tabletas, lo que es una opci\u00f3n impecable para los usuarios que buscan una experiencia de navegaci\u00f3n fluida e inmersiva. Adem\u00e1s, est\u00e1 dotado de una variedad de plantillas preconstruidas, acelerando el proceso de configuraci\u00f3n inicial. Mythemeshop Splash extiende su destreza a los reinos de la expedici\u00f3n y la optimizaci\u00f3n de SEO, asegurando los tiempos de carga r\u00e1pida y una mayor probabilidad de asegurar un rango elevado en los resultados del motor de b\u00fasqueda. Adem\u00e1s, abarca una gran cantidad de caracter\u00edsticas, incluida la integraci\u00f3n de las redes sociales, los formularios de contacto y las capacidades de traducci\u00f3n, fortaleciendo as\u00ed su presencia en l\u00ednea. Con Mythemeshop Splash como su compa\u00f1ero de confianza, puede crear un sitio web sin esfuerzo que exude profesionalismo y cautive a su audiencia en cuesti\u00f3n de momentos.<\/p>\n<ul>\n<li>Dise\u00f1o limpio y profesional con im\u00e1genes llamativas<\/li>\n<li>Altamente personalizable con m\u00faltiples opciones de dise\u00f1o<\/li>\n<li>M\u00f3vil que responde para garantizar una experiencia de visualizaci\u00f3n perfecta en todos los dispositivos<\/li>\n<li>Integraci\u00f3n de redes sociales incorporadas para un mayor compromiso<\/li>\n<li>SEO optimizado para aumentar la clasificaci\u00f3n del motor de b\u00fasqueda<\/li>\n<li>Retina lista, proporcionando im\u00e1genes de cristal en pantallas de alta resoluci\u00f3n<\/li>\n<li>Panel de administraci\u00f3n f\u00e1cil de usar para la gesti\u00f3n de sitios web sin esfuerzo<\/li>\n<li>Documentaci\u00f3n integral y atenci\u00f3n al cliente confiable<\/li>\n<li>Compatible con todos los principales navegadores y complementos<\/li>\n<li>Velocidad de carga r\u00e1pida, mejora de la experiencia del usuario y la reducci\u00f3n de las tasas de rebote.<\/li>\n<\/ul>\n","protected":false},"excerpt":{"rendered":"<p>El tema Mythemeshop Splash WordPress es un tema extremadamente contempor\u00e1neo y elegante, meticulosamente adaptado para exhibir sin problemas sus esfuerzos art\u00edsticos. Su ingeniosa capacidad de respuesta y su formidable variedades de posibilidades de personalizaci\u00f3n le permiten dise\u00f1ar un sitio web exquisito e incomparable que incorpore impecablemente su marca. Adem\u00e1s, este tema est\u00e1 equipado con optimizaci\u00f3n de motores de b\u00fasqueda arraigados y calidad de codificaci\u00f3n superlativa, asegurando velocidades de carga r\u00e1pidas y perfectas. Independientemente de si se identifica como unmith de palabras, un virtuoso visual o un aficionado empresarial, el tema de WordPress de Mythemesshop inequ\u00edvocamente se presenta como la soluci\u00f3n por excelencia para crear una presencia en l\u00ednea asombrosa.<\/p>\n","protected":false},"featured_media":166935,"comment_status":"open","ping_status":"open","template":"","meta":[],"product_brand":[2505],"product_cat":[1245,1237,1238],"product_tag":[1334],"class_list":{"0":"post-119192","1":"product","2":"type-product","3":"status-publish","4":"has-post-thumbnail","6":"product_brand-my-theme-shop","7":"product_cat-blog-revista","8":"product_cat-temas","9":"product_cat-wordpress-temas","10":"product_tag-my-theme-shop","11":"member-discount","12":"discount-restricted","14":"first","15":"instock","16":"sale","17":"downloadable","18":"virtual","19":"sold-individually","20":"purchasable","21":"product-type-simple"},"_links":{"self":[{"href":"https:\/\/gpl-love.com\/es\/wp-json\/wp\/v2\/product\/119192","targetHints":{"allow":["GET"]}}],"collection":[{"href":"https:\/\/gpl-love.com\/es\/wp-json\/wp\/v2\/product"}],"about":[{"href":"https:\/\/gpl-love.com\/es\/wp-json\/wp\/v2\/types\/product"}],"replies":[{"embeddable":true,"href":"https:\/\/gpl-love.com\/es\/wp-json\/wp\/v2\/comments?post=119192"}],"wp:featuredmedia":[{"embeddable":true,"href":"https:\/\/gpl-love.com\/es\/wp-json\/wp\/v2\/media\/166935"}],"wp:attachment":[{"href":"https:\/\/gpl-love.com\/es\/wp-json\/wp\/v2\/media?parent=119192"}],"wp:term":[{"taxonomy":"product_brand","embeddable":true,"href":"https:\/\/gpl-love.com\/es\/wp-json\/wp\/v2\/product_brand?post=119192"},{"taxonomy":"product_cat","embeddable":true,"href":"https:\/\/gpl-love.com\/es\/wp-json\/wp\/v2\/product_cat?post=119192"},{"taxonomy":"product_tag","embeddable":true,"href":"https:\/\/gpl-love.com\/es\/wp-json\/wp\/v2\/product_tag?post=119192"}],"curies":[{"name":"wp","href":"https:\/\/api.w.org\/{rel}","templated":true}]}}