{"id":119190,"date":"2022-02-01T00:00:00","date_gmt":"2022-02-01T05:00:00","guid":{"rendered":"https:\/\/gpl-love.com\/es\/?post_type=product&#038;p=119190"},"modified":"2026-04-10T11:18:19","modified_gmt":"2026-04-10T16:18:19","slug":"mythemeshop-reader-wordpress-theme","status":"publish","type":"product","link":"https:\/\/gpl-love.com\/es\/producto\/mythemeshop-reader-wordpress-theme\/","title":{"rendered":"MyThemeShop Reader WordPress Theme 1.1.2"},"content":{"rendered":"<h3>MyThemeShop Reader WordPress Theme Caracteristicas<\/h3>\n<p>Mythemeshop Reader, un tema de WordPress exquisito y sofisticado, ha sido ingeniosamente elaborado para bloggers y editores que anhelan mostrar su contenido con el estilo y el profesionalismo. Este tema de vanguardia abarca un dise\u00f1o elegante y contempor\u00e1neo que brilla solo en su invaluable contenido. Adem\u00e1s, cuenta con una gran cantidad de opciones personalizables, que incluyen, entre otros, los diversos despu\u00e9s de los dise\u00f1os, una extensa variedad de esquemas de color, as\u00ed como una amplia selecci\u00f3n de opciones de tipograf\u00eda, lo que le permite forjar una identidad visual distinta e incomparable para su estimado sitio web. Adem\u00e1s de su destreza est\u00e9tica, el lector de mythemeshop ha sido meticulosamente optimizado para la optimizaci\u00f3n de la r\u00e1pida y el motor de b\u00fasqueda (SEO), asegurando que su morada digital se cargue expeditamente y alcance las clasificaciones envidiables en los motores de b\u00fasqueda. Adem\u00e1s, este tema cuenta con una capacidad de respuesta completa, lo que significa que su sitio web exudar\u00e1 la magnificencia y el esplendor en todos los dispositivos. Con su interfaz de usuario intuitiva y un arsenal de caracter\u00edsticas potentes a su disposici\u00f3n, el lector de mythemeshop inequ\u00edvocamente se erige como la elecci\u00f3n por excelencia para las personas que buscan dise\u00f1ar un para\u00edso en l\u00ednea que pulsante con profesionalismo y contenido cautivador.<\/p>\n<ul>\n<li>Dise\u00f1o elegante y moderno con m\u00faltiples esquemas de color<\/li>\n<li>P\u00e1gina de inicio totalmente personalizable con widgets de arrastre y ca\u00edda<\/li>\n<li>Caja de autor incorporada para exhibir informaci\u00f3n del autor y enlaces de redes sociales<\/li>\n<li>Configuraci\u00f3n f\u00e1cil con instalaci\u00f3n de demostraci\u00f3n con un solo clic<\/li>\n<li>Dise\u00f1o receptivo y amigable para m\u00f3viles<\/li>\n<li>SEO optimizado con marcado Schema.org<\/li>\n<li>Sistema de gesti\u00f3n de anuncios incorporado para la monetizaci\u00f3n<\/li>\n<li>Traducci\u00f3n lista con soporte para idiomas RTL<\/li>\n<li>Compatibilidad de navegador cruzado para un rendimiento sin costuras en cualquier navegador<\/li>\n<li>Soporte dedicado y actualizaciones frecuentes.<\/li>\n<\/ul>\n","protected":false},"excerpt":{"rendered":"<p>El tema del lector de Mythemeshop WordPress, un tema altamente sofisticado y personalizable dise\u00f1ado espec\u00edficamente para blogueros y escritores por igual, exuda un aura de refinamiento e individualidad. Su dise\u00f1o elegante y despejado no solo acent\u00faa la belleza de su contenido, sino que tambi\u00e9n garantiza que se destaque entre el mar de publicaciones en l\u00ednea. Adem\u00e1s, este tema cuenta con capacidades de optimizaci\u00f3n de motores de b\u00fasqueda y respuesta total, lo que garantiza que su sitio web no solo se vea impecable en todos los dispositivos, sino que tambi\u00e9n se puede descubrir f\u00e1cilmente por los motores de b\u00fasqueda populares. Para agregar a su encanto, el tema de Mythemeshop Reader WordPress ofrece una gran cantidad de opciones de dise\u00f1o, widgets personalizados y una variedad de esquemas de color ilimitados, lo que le permite forjar una obra maestra digital que encarna perfectamente la esencia de su marca. Adem\u00e1s, la facilidad de instalar y configurar este tema notable no tiene paralelo, gracias a su interfaz de usuario intuitiva y documentaci\u00f3n integral. \u00a1No pierda el tiempo y se embarque en su viaje de blogs hoy al abrazar la excelencia premium que es el tema del lector de mythemeshop WordPress!<\/p>\n","protected":false},"featured_media":166926,"comment_status":"open","ping_status":"open","template":"","meta":[],"product_brand":[2505],"product_cat":[1245,1237,1238],"product_tag":[1334],"class_list":{"0":"post-119190","1":"product","2":"type-product","3":"status-publish","4":"has-post-thumbnail","6":"product_brand-my-theme-shop","7":"product_cat-blog-revista","8":"product_cat-temas","9":"product_cat-wordpress-temas","10":"product_tag-my-theme-shop","11":"member-discount","12":"discount-restricted","14":"first","15":"instock","16":"sale","17":"downloadable","18":"virtual","19":"sold-individually","20":"purchasable","21":"product-type-simple"},"_links":{"self":[{"href":"https:\/\/gpl-love.com\/es\/wp-json\/wp\/v2\/product\/119190","targetHints":{"allow":["GET"]}}],"collection":[{"href":"https:\/\/gpl-love.com\/es\/wp-json\/wp\/v2\/product"}],"about":[{"href":"https:\/\/gpl-love.com\/es\/wp-json\/wp\/v2\/types\/product"}],"replies":[{"embeddable":true,"href":"https:\/\/gpl-love.com\/es\/wp-json\/wp\/v2\/comments?post=119190"}],"wp:featuredmedia":[{"embeddable":true,"href":"https:\/\/gpl-love.com\/es\/wp-json\/wp\/v2\/media\/166926"}],"wp:attachment":[{"href":"https:\/\/gpl-love.com\/es\/wp-json\/wp\/v2\/media?parent=119190"}],"wp:term":[{"taxonomy":"product_brand","embeddable":true,"href":"https:\/\/gpl-love.com\/es\/wp-json\/wp\/v2\/product_brand?post=119190"},{"taxonomy":"product_cat","embeddable":true,"href":"https:\/\/gpl-love.com\/es\/wp-json\/wp\/v2\/product_cat?post=119190"},{"taxonomy":"product_tag","embeddable":true,"href":"https:\/\/gpl-love.com\/es\/wp-json\/wp\/v2\/product_tag?post=119190"}],"curies":[{"name":"wp","href":"https:\/\/api.w.org\/{rel}","templated":true}]}}