{"id":119188,"date":"2021-02-09T00:00:00","date_gmt":"2021-02-09T05:00:00","guid":{"rendered":"https:\/\/gpl-love.com\/es\/producto\/mythemeshop-point-pro-wordpress-theme\/"},"modified":"2026-04-10T11:18:16","modified_gmt":"2026-04-10T16:18:16","slug":"mythemeshop-point-pro-wordpress-theme","status":"publish","type":"product","link":"https:\/\/gpl-love.com\/es\/producto\/mythemeshop-point-pro-wordpress-theme\/","title":{"rendered":"MyThemeShop Point Pro WordPress Theme 2.2.6"},"content":{"rendered":"<h3>MyThemeShop Point Pro WordPress Theme Caracteristicas<\/h3>\n<p>El tema Mythemeshop Point Pro WordPress es un tema incre\u00edblemente vers\u00e1til y muy potente que atiende efectivamente a las diversas necesidades de blogueros, empresarios y empresas por igual. Hecho a mano con la m\u00e1xima precisi\u00f3n, este tema cuenta con un dise\u00f1o limpio y contempor\u00e1neo que mejora significativamente la legibilidad y eleva la experiencia general del usuario. Adem\u00e1s, presenta una gran cantidad de opciones de personalizaci\u00f3n que le permiten adaptar sin esfuerzo su sitio web de acuerdo con sus requisitos distintivos. En particular, este tema est\u00e1 meticulosamente optimizado para la velocidad y el SEO, lo que garantiza la clasificaci\u00f3n impecable de los motores de b\u00fasqueda y los tiempos de carga r\u00e1pida para sus estimados visitantes. Adem\u00e1s, el panel de opciones de temas notablemente robusto y sin problemas le permite personalizar su sitio a la perfecci\u00f3n, incluso en ausencia de cualquier experiencia de codificaci\u00f3n. Al aprovechar las capacidades excepcionales de Point Pro, usted posee la capacidad incomparable para crear un sitio web visualmente impresionante e innegablemente profesional que indudablemente dejar\u00e1 una impresi\u00f3n indeleble en su estimada audiencia.<\/p>\n<ul>\n<li>El dise\u00f1o receptivo garantiza una funcionalidad perfecta en todos los dispositivos<\/li>\n<li>Dise\u00f1o limpio y elegante para una apariencia profesional<\/li>\n<li>Opciones de tipograf\u00eda avanzada para la personalizaci\u00f3n del estilo de texto<\/li>\n<li>Panel de personalizaci\u00f3n integrado para una f\u00e1cil personalizaci\u00f3n de varias opciones de temas<\/li>\n<li>M\u00faltiples dise\u00f1os post para elegir, incluidos los estilos de blog y revistas<\/li>\n<li>Integraci\u00f3n de redes sociales incorporadas para f\u00e1cil compartir en plataformas populares<\/li>\n<li>SEO optimizado para clasificaciones de motores de b\u00fasqueda m\u00e1s altos<\/li>\n<li>Compatible con complementos populares de WordPress para caracter\u00edsticas adicionales<\/li>\n<li>Equipo de soporte dedicado disponible para asistencia y soluci\u00f3n de problemas<\/li>\n<li>Instalaci\u00f3n de demostraci\u00f3n de un solo clic para una configuraci\u00f3n r\u00e1pida y f\u00e1cil.<\/li>\n<\/ul>\n","protected":false},"excerpt":{"rendered":"<p>El tema Mythemeshop Point Pro WordPress es un tema absolutamente impresionante e incre\u00edblemente adaptable que es completamente ideal para cualquier tipo de sitio web, independientemente de su naturaleza o prop\u00f3sito. Una de sus caracter\u00edsticas m\u00e1s destacadas es su dise\u00f1o totalmente receptivo, que garantiza que su sitio web se vea absolutamente impresionante y funcione sin problemas en cualquier dispositivo o tama\u00f1o de pantalla. Adem\u00e1s, este tema ofrece una amplia gama de opciones de color ilimitadas, lo que le permite personalizar y personalizar realmente su sitio web para que coincida perfectamente con su marca o preferencias est\u00e9ticas. Adem\u00e1s, el tema de Point Pro cuenta con m\u00faltiples dise\u00f1os posteriores, proporcion\u00e1ndole la flexibilidad y la libertad de mostrar su contenido en varios formatos visualmente atractivos y atractivos. Adem\u00e1s, este tema incluye una selecci\u00f3n de widgets personalizados que pueden mejorar en gran medida la funcionalidad y la experiencia del usuario de su sitio web. Estos widgets se pueden agregar y posicionar f\u00e1cilmente para satisfacer sus necesidades y requisitos espec\u00edficos. Adem\u00e1s, Point Pro no solo es visualmente cautivador y f\u00e1cil de usar, sino que tambi\u00e9n est\u00e1 optimizado para los motores de b\u00fasqueda, lo que garantiza que su sitio web se clasifique altamente en los resultados de los motores de b\u00fasqueda y atraiga un flujo constante de tr\u00e1fico org\u00e1nico. Esto es de suma importancia para los bloggers, due\u00f1os de negocios y profesionales creativos por igual, ya que les permite maximizar su visibilidad en l\u00ednea y alcanzar su p\u00fablico objetivo de manera efectiva. En conclusi\u00f3n, el tema Mythemeshop Point Pro WordPress es sin duda una soluci\u00f3n integral y rica en caracter\u00edsticas para cualquier persona que busque establecer una presencia en l\u00ednea pulida y profesional.<\/p>\n","protected":false},"featured_media":166922,"comment_status":"open","ping_status":"open","template":"","meta":[],"product_brand":[2505],"product_cat":[1267,1237,1238],"product_tag":[1334],"class_list":{"0":"post-119188","1":"product","2":"type-product","3":"status-publish","4":"has-post-thumbnail","6":"product_brand-my-theme-shop","7":"product_cat-creativo","8":"product_cat-temas","9":"product_cat-wordpress-temas","10":"product_tag-my-theme-shop","11":"member-discount","12":"discount-restricted","14":"first","15":"instock","16":"sale","17":"downloadable","18":"virtual","19":"sold-individually","20":"purchasable","21":"product-type-simple"},"_links":{"self":[{"href":"https:\/\/gpl-love.com\/es\/wp-json\/wp\/v2\/product\/119188","targetHints":{"allow":["GET"]}}],"collection":[{"href":"https:\/\/gpl-love.com\/es\/wp-json\/wp\/v2\/product"}],"about":[{"href":"https:\/\/gpl-love.com\/es\/wp-json\/wp\/v2\/types\/product"}],"replies":[{"embeddable":true,"href":"https:\/\/gpl-love.com\/es\/wp-json\/wp\/v2\/comments?post=119188"}],"wp:featuredmedia":[{"embeddable":true,"href":"https:\/\/gpl-love.com\/es\/wp-json\/wp\/v2\/media\/166922"}],"wp:attachment":[{"href":"https:\/\/gpl-love.com\/es\/wp-json\/wp\/v2\/media?parent=119188"}],"wp:term":[{"taxonomy":"product_brand","embeddable":true,"href":"https:\/\/gpl-love.com\/es\/wp-json\/wp\/v2\/product_brand?post=119188"},{"taxonomy":"product_cat","embeddable":true,"href":"https:\/\/gpl-love.com\/es\/wp-json\/wp\/v2\/product_cat?post=119188"},{"taxonomy":"product_tag","embeddable":true,"href":"https:\/\/gpl-love.com\/es\/wp-json\/wp\/v2\/product_tag?post=119188"}],"curies":[{"name":"wp","href":"https:\/\/api.w.org\/{rel}","templated":true}]}}