{"id":119186,"date":"2022-02-25T00:00:00","date_gmt":"2022-02-25T05:00:00","guid":{"rendered":"https:\/\/gpl-love.com\/es\/?post_type=product&#038;p=119186"},"modified":"2026-04-10T11:18:12","modified_gmt":"2026-04-10T16:18:12","slug":"mythemeshop-newspaper-wordpress-theme","status":"publish","type":"product","link":"https:\/\/gpl-love.com\/es\/producto\/mythemeshop-newspaper-wordpress-theme\/","title":{"rendered":"MyThemeShop Newspaper WordPress Theme 2.3.14"},"content":{"rendered":"<h3>MyThemeShop Newspaper WordPress Theme Caracteristicas<\/h3>\n<p>El peri\u00f3dico Mythemeshop es un tema de WordPress notablemente vers\u00e1til y receptivo que ha sido meticulosamente elaborado con el prop\u00f3sito espec\u00edfico de mejorar los sitios web de noticias y revistas. Con su dise\u00f1o inmaculado y moderno, este tema posee la capacidad excepcional para elevar su sitio web m\u00e1s all\u00e1 de sus competidores, capturando la atenci\u00f3n y la admiraci\u00f3n de su audiencia. Adoptar una multitud de dise\u00f1os de la p\u00e1gina de inicio, un encabezado y un pie de p\u00e1gina personalizable, as\u00ed como una variedad de dise\u00f1os posteriores, este tema le otorga la invaluable oportunidad de infundir su contenido con una sensaci\u00f3n de flexibilidad y diversidad. Adem\u00e1s, este tema se ha optimizado meticulosamente para priorizar la velocidad y la optimizaci\u00f3n de motores de b\u00fasqueda (SEO), garantizando que su sitio web se cargar\u00e1 de manera expedita y se puede descubrir sin esfuerzo a los motores de b\u00fasqueda. Adem\u00e1s, este tema cuenta con una integraci\u00f3n perfecta y sin esfuerzo con las plataformas de redes sociales, as\u00ed como herramientas de administraci\u00f3n de anuncios f\u00e1ciles de usar, que facilitan sin esfuerzo la monetizaci\u00f3n de su sitio web. Sin lugar a dudas, el peri\u00f3dico Mythemeshop es una opci\u00f3n ejemplar para cualquier persona que busque cultivar un sitio web autoritario y cautivador de noticias o revistas.<\/p>\n<ul>\n<li>Un tema de WordPress personalizable dise\u00f1ado para sitios web de peri\u00f3dicos y revistas<\/li>\n<li>Viene con m\u00faltiples dise\u00f1os preconstruidos para p\u00e1ginas de inicio, p\u00e1ginas de archivo y publicaciones individuales<\/li>\n<li>Incluye un creador de p\u00e1ginas de arrastrar y soltar para una f\u00e1cil personalizaci\u00f3n y creaci\u00f3n de dise\u00f1os de p\u00e1gina \u00fanicos<\/li>\n<li>Cuenta con un dise\u00f1o receptivo para garantizar que su sitio web se vea genial en todos los dispositivos<\/li>\n<li>Ofrece esquemas y fuentes de color ilimitados para elegir para que coincida con su marca o estilo personal<\/li>\n<li>Se integra con complementos populares como WP Review Pro y WP MEGA Men\u00fa para una funcionalidad adicional<\/li>\n<li>Incluye un tablero personalizado con caracter\u00edsticas \u00fatiles como gesti\u00f3n de anuncios y seguimiento de an\u00e1lisis<\/li>\n<li>Ofrece una excelente atenci\u00f3n al cliente y actualizaciones regulares para garantizar la compatibilidad con las \u00faltimas versiones y tecnolog\u00edas de WordPress<\/li>\n<li>Optimizado para la optimizaci\u00f3n de la velocidad y el motor de b\u00fasqueda (SEO) para ayudar a su sitio web a clasificar m\u00e1s alto en los resultados de b\u00fasqueda<\/li>\n<li>Compatible con la mayor\u00eda de los principales navegadores, incluidos Chrome, Safari, Firefox y Edge.<\/li>\n<\/ul>\n","protected":false},"excerpt":{"rendered":"<p>El tema del peri\u00f3dico WordPress, proporcionado por Mythemeshop, es una resoluci\u00f3n impecable para bloggers y sitios web de noticias que buscan un dise\u00f1o pulido y contempor\u00e1neo. Poseer un dise\u00f1o que responde perfectamente a varios dispositivos y otorgando a los usuarios la libertad de personalizar, este tema garantiza una apariencia atractiva para su sitio web, independientemente del medio. Adem\u00e1s, ofrece una gran cantidad de caracter\u00edsticas, que incluyen, entre otros, diversos dise\u00f1os posteriores, una integraci\u00f3n perfecta con plataformas de redes sociales y un espacio publicitario incorporado, todo lo cual facilita la creaci\u00f3n de contenido cautivador al tiempo que permite la monetizaci\u00f3n de su sitio web. . Aproveche la oportunidad de elevar su sitio web a nuevas alturas actualizando hoy el tema del peri\u00f3dico de Mythemeshop WordPress.<\/p>\n","protected":false},"featured_media":166917,"comment_status":"open","ping_status":"open","template":"","meta":[],"product_brand":[2505],"product_cat":[1245,1237,1238],"product_tag":[1334],"class_list":{"0":"post-119186","1":"product","2":"type-product","3":"status-publish","4":"has-post-thumbnail","6":"product_brand-my-theme-shop","7":"product_cat-blog-revista","8":"product_cat-temas","9":"product_cat-wordpress-temas","10":"product_tag-my-theme-shop","11":"member-discount","12":"discount-restricted","14":"first","15":"instock","16":"sale","17":"downloadable","18":"virtual","19":"sold-individually","20":"purchasable","21":"product-type-simple"},"_links":{"self":[{"href":"https:\/\/gpl-love.com\/es\/wp-json\/wp\/v2\/product\/119186","targetHints":{"allow":["GET"]}}],"collection":[{"href":"https:\/\/gpl-love.com\/es\/wp-json\/wp\/v2\/product"}],"about":[{"href":"https:\/\/gpl-love.com\/es\/wp-json\/wp\/v2\/types\/product"}],"replies":[{"embeddable":true,"href":"https:\/\/gpl-love.com\/es\/wp-json\/wp\/v2\/comments?post=119186"}],"wp:featuredmedia":[{"embeddable":true,"href":"https:\/\/gpl-love.com\/es\/wp-json\/wp\/v2\/media\/166917"}],"wp:attachment":[{"href":"https:\/\/gpl-love.com\/es\/wp-json\/wp\/v2\/media?parent=119186"}],"wp:term":[{"taxonomy":"product_brand","embeddable":true,"href":"https:\/\/gpl-love.com\/es\/wp-json\/wp\/v2\/product_brand?post=119186"},{"taxonomy":"product_cat","embeddable":true,"href":"https:\/\/gpl-love.com\/es\/wp-json\/wp\/v2\/product_cat?post=119186"},{"taxonomy":"product_tag","embeddable":true,"href":"https:\/\/gpl-love.com\/es\/wp-json\/wp\/v2\/product_tag?post=119186"}],"curies":[{"name":"wp","href":"https:\/\/api.w.org\/{rel}","templated":true}]}}