{"id":119184,"date":"2021-11-10T00:00:00","date_gmt":"2021-11-10T05:00:00","guid":{"rendered":"https:\/\/gpl-love.com\/es\/?post_type=product&#038;p=119184"},"modified":"2026-03-13T17:25:29","modified_gmt":"2026-03-13T22:25:29","slug":"mythemeshop-lifestyle-wordpress-theme","status":"publish","type":"product","link":"https:\/\/gpl-love.com\/es\/producto\/mythemeshop-lifestyle-wordpress-theme\/","title":{"rendered":"MyThemeShop Lifestyle WordPress Theme 1.1.11"},"content":{"rendered":"<h3>MyThemeShop Lifestyle WordPress Theme Caracteristicas<\/h3>\n<p>Mythemeshop presenta el tema de WordPress de estilo de vida, una selecci\u00f3n notable que atiende las necesidades de los bloggers, revistas y sitios web de noticias, as\u00ed como personas que buscan marcas personalizadas. Este tema cuenta con un dise\u00f1o totalmente receptivo, adapt\u00e1ndose perfectamente a varios tama\u00f1os de pantalla, al tiempo que ofrece amplias opciones de personalizaci\u00f3n, lo que permite a los usuarios infundir su sitio web con un toque distintivo. Adem\u00e1s, su impresionante variedad de caracter\u00edsticas, que incluye un sistema de revisi\u00f3n integrado, capacidades integrales de gesti\u00f3n de anuncios e integraci\u00f3n de redes sociales perfectas, lo convierten en la mejor opci\u00f3n para aquellos que buscan una presencia en l\u00ednea pulida y profesional. Adem\u00e1s, la optimizaci\u00f3n del tema para la velocidad garantiza un rendimiento impecable y eficiente, asegurando el funcionamiento sin problemas de su sitio web. Teniendo todo en cuenta, el tema de WordPress de estilo de vida de Mythemeshop surge como un contendiente excepcional para las personas que buscan una mezcla armoniosa de estilo y funcionalidad en sus esfuerzos en l\u00ednea.<\/p>\n<ul>\n<li>Dise\u00f1o receptivo optimizado para todos los dispositivos y tama\u00f1os de pantalla<\/li>\n<li>P\u00e1gina de inicio personalizable con m\u00faltiples opciones de dise\u00f1o<\/li>\n<li>Sistema de revisi\u00f3n incorporado para que los usuarios califiquen y revisen productos<\/li>\n<li>M\u00e1s de 600 fuentes de Google y opciones de color ilimitadas para la personalizaci\u00f3n completa<\/li>\n<li>Optimizado para motores de b\u00fasqueda con c\u00f3digo limpio y validado<\/li>\n<li>Panel de opciones de temas f\u00e1ciles de usar para personalizaci\u00f3n r\u00e1pida y simple<\/li>\n<li>Instalaci\u00f3n de un solo clic para una f\u00e1cil configuraci\u00f3n<\/li>\n<li>WooCommerce compatible para la funcionalidad de comercio electr\u00f3nico<\/li>\n<li>Traducci\u00f3n lista con archivos .po y .mo incluidos para sitios multiling\u00fces<\/li>\n<li>Equipo de soporte dedicado y documentaci\u00f3n detallada para asistencia<\/li>\n<\/ul>\n","protected":false},"excerpt":{"rendered":"<p>El tema de WordPress de Mythemeshop Lifestpress se presenta como la preferencia final por las personas que participan en los \u00e1mbitos de los blogs y la creaci\u00f3n de contenido, que tienen una inclinaci\u00f3n hacia un dise\u00f1o visualmente atractivo y contempor\u00e1neo. Este tema excepcionalmente elaborado cuenta con un dise\u00f1o totalmente receptivo, lo que permite que su sitio web se adapte perfectamente a varios tama\u00f1os de pantalla. Adem\u00e1s, ofrece la comodidad de los esquemas de color personalizables, otorg\u00e1ndole la libertad de personalizar su sitio web de acuerdo con sus preferencias. El tema tambi\u00e9n abarca una amplia gama de formatos de publicaci\u00f3n, facilitando as\u00ed la exposici\u00f3n de su contenido de diversas y cautivadoras maneras. Adem\u00e1s, el tema del estilo de vida est\u00e1 equipado con opciones de optimizaci\u00f3n integrada, asegurando que su sitio web no solo cargue de manera expedita sino tambi\u00e9n obtenga una clasificaci\u00f3n encomiable en los resultados del motor de b\u00fasqueda. Como si eso no fuera suficiente, el tema amplifica a\u00fan m\u00e1s su atractivo con su interfaz f\u00e1cil de usar y documentaci\u00f3n integral, lo que hace que el proceso de configuraci\u00f3n de su sitio web sea una empresa sin esfuerzo. Independientemente de si se identifica como blogger, fot\u00f3grafo o incluso propietario de un negocio modesto, tenga la seguridad de que el tema del estilo de vida sin duda elevar\u00e1 su presencia en l\u00ednea a nuevas alturas.<\/p>\n","protected":false},"featured_media":166907,"comment_status":"open","ping_status":"open","template":"","meta":[],"product_brand":[2505],"product_cat":[1267,1237,1238],"product_tag":[1334],"class_list":{"0":"post-119184","1":"product","2":"type-product","3":"status-publish","4":"has-post-thumbnail","6":"product_brand-my-theme-shop","7":"product_cat-creativo","8":"product_cat-temas","9":"product_cat-wordpress-temas","10":"product_tag-my-theme-shop","11":"member-discount","12":"discount-restricted","14":"first","15":"instock","16":"sale","17":"downloadable","18":"virtual","19":"sold-individually","20":"purchasable","21":"product-type-simple"},"_links":{"self":[{"href":"https:\/\/gpl-love.com\/es\/wp-json\/wp\/v2\/product\/119184","targetHints":{"allow":["GET"]}}],"collection":[{"href":"https:\/\/gpl-love.com\/es\/wp-json\/wp\/v2\/product"}],"about":[{"href":"https:\/\/gpl-love.com\/es\/wp-json\/wp\/v2\/types\/product"}],"replies":[{"embeddable":true,"href":"https:\/\/gpl-love.com\/es\/wp-json\/wp\/v2\/comments?post=119184"}],"wp:featuredmedia":[{"embeddable":true,"href":"https:\/\/gpl-love.com\/es\/wp-json\/wp\/v2\/media\/166907"}],"wp:attachment":[{"href":"https:\/\/gpl-love.com\/es\/wp-json\/wp\/v2\/media?parent=119184"}],"wp:term":[{"taxonomy":"product_brand","embeddable":true,"href":"https:\/\/gpl-love.com\/es\/wp-json\/wp\/v2\/product_brand?post=119184"},{"taxonomy":"product_cat","embeddable":true,"href":"https:\/\/gpl-love.com\/es\/wp-json\/wp\/v2\/product_cat?post=119184"},{"taxonomy":"product_tag","embeddable":true,"href":"https:\/\/gpl-love.com\/es\/wp-json\/wp\/v2\/product_tag?post=119184"}],"curies":[{"name":"wp","href":"https:\/\/api.w.org\/{rel}","templated":true}]}}