{"id":119182,"date":"2021-12-15T00:00:00","date_gmt":"2021-12-15T05:00:00","guid":{"rendered":"https:\/\/gpl-love.com\/es\/?post_type=product&#038;p=119182"},"modified":"2026-03-13T17:25:08","modified_gmt":"2026-03-13T22:25:08","slug":"mythemeshop-architect-wordpress-theme","status":"publish","type":"product","link":"https:\/\/gpl-love.com\/es\/producto\/mythemeshop-architect-wordpress-theme\/","title":{"rendered":"MyThemeShop Architect WordPress Theme 1.2.12"},"content":{"rendered":"<h3>MyThemeShop Architect WordPress Theme Caracteristicas<\/h3>\n<p>El tema del arquitecto WordPress de Mythemeshop es un ejemplo ejemplar de temas contempor\u00e1neos y sofisticados que satisfacen la creaci\u00f3n y el dise\u00f1o de sitios web sorprendentes. Su dise\u00f1o impecablemente elegante y desenfrenado lo convierte en una opci\u00f3n ideal para empresas, agencias e individuos que aspiran a establecer una presencia en l\u00ednea de buena reputaci\u00f3n. Adem\u00e1s, este tema garantiza una experiencia de usuario perfecta al ser totalmente receptiva y meticulosamente optimizada para la optimizaci\u00f3n de motores de b\u00fasqueda, lo que garantiza que su sitio web no solo sea visualmente atractivo sino que tambi\u00e9n alcance las altas clasificaciones en las p\u00e1ginas de resultados del motor de b\u00fasqueda. El tema del arquitecto cuenta con una variedad de plantillas de p\u00e1gina prefabricadas y una gran cantidad de opciones de personalizaci\u00f3n, facilitando as\u00ed la creaci\u00f3n de un sitio web distintivo y a medida. Adem\u00e1s, se integra perfectamente con complementos populares como WooCommerce y el Formulario de contacto 7, simplificando as\u00ed el proceso de incorporaci\u00f3n de la funcionalidad de comercio electr\u00f3nico y los formularios de contacto en su sitio web. En conclusi\u00f3n, el tema Architect WordPress es un tema extraordinariamente poderoso y adaptable que atiende perfectamente a cualquier persona que busque dise\u00f1ar sin esfuerzo un sitio web profesional.<\/p>\n<ul>\n<li>Dise\u00f1o totalmente receptivo para una visualizaci\u00f3n perfecta sobre todos los dispositivos<\/li>\n<li>M\u00faltiples opciones de dise\u00f1o personalizables<\/li>\n<li>Constructor de p\u00e1gina incorporado para una f\u00e1cil personalizaci\u00f3n sin habilidades de codificaci\u00f3n<\/li>\n<li>Panel de opciones avanzadas para la personalizaci\u00f3n precisa del tema<\/li>\n<li>Integraci\u00f3n de esquemas para una mejor visibilidad del motor de b\u00fasqueda<\/li>\n<li>Opciones de tipograf\u00eda incorporada para una f\u00e1cil selecci\u00f3n y personalizaci\u00f3n de fuentes<\/li>\n<li>Widgets personalizados para la funcionalidad adicional y las opciones de dise\u00f1o<\/li>\n<li>Instalador de un solo clic para facilitar la configuraci\u00f3n<\/li>\n<li>C\u00f3digos cortos personalizados para elementos de dise\u00f1o adicionales<\/li>\n<li>Optimizado para la velocidad y la eficiencia para mejorar la experiencia del usuario y el SEO<\/li>\n<\/ul>\n","protected":false},"excerpt":{"rendered":"<p>El tema Mythemeshop Architect WordPress ofrece una soluci\u00f3n integral y vers\u00e1til para construir sitios web profesionales y visualmente impresionantes. Con su amplia gama de caracter\u00edsticas personalizables e interfaz f\u00e1cil de usar, este tema atiende a las necesidades de desarrolladores experimentados y principiantes por igual. Desde su extensa biblioteca de plantillas predise\u00f1adas hasta su intuitivo constructor de p\u00e1ginas de arrastrar y soltar, el tema del arquitecto permite a los usuarios crear sitios web \u00fanicos y atractivos. Adem\u00e1s, este tema es totalmente receptivo y optimizado para SEO, lo que garantiza que su sitio web se vea genial y se desempe\u00f1e bien en todos los dispositivos y motores de b\u00fasqueda. Con su integraci\u00f3n perfecta con complementos populares y su servicio de atenci\u00f3n al cliente confiable, el tema del arquitecto Mythemeshop WordPress es la opci\u00f3n ideal para personas y empresas que buscan crear una presencia en l\u00ednea destacada.<\/p>\n","protected":false},"featured_media":166880,"comment_status":"open","ping_status":"open","template":"","meta":[],"product_brand":[2505],"product_cat":[1307,1237,1238],"product_tag":[1334],"class_list":{"0":"post-119182","1":"product","2":"type-product","3":"status-publish","4":"has-post-thumbnail","6":"product_brand-my-theme-shop","7":"product_cat-negocio-wordpress-temas","8":"product_cat-temas","9":"product_cat-wordpress-temas","10":"product_tag-my-theme-shop","11":"member-discount","12":"discount-restricted","14":"first","15":"instock","16":"sale","17":"downloadable","18":"virtual","19":"sold-individually","20":"purchasable","21":"product-type-simple"},"_links":{"self":[{"href":"https:\/\/gpl-love.com\/es\/wp-json\/wp\/v2\/product\/119182","targetHints":{"allow":["GET"]}}],"collection":[{"href":"https:\/\/gpl-love.com\/es\/wp-json\/wp\/v2\/product"}],"about":[{"href":"https:\/\/gpl-love.com\/es\/wp-json\/wp\/v2\/types\/product"}],"replies":[{"embeddable":true,"href":"https:\/\/gpl-love.com\/es\/wp-json\/wp\/v2\/comments?post=119182"}],"wp:featuredmedia":[{"embeddable":true,"href":"https:\/\/gpl-love.com\/es\/wp-json\/wp\/v2\/media\/166880"}],"wp:attachment":[{"href":"https:\/\/gpl-love.com\/es\/wp-json\/wp\/v2\/media?parent=119182"}],"wp:term":[{"taxonomy":"product_brand","embeddable":true,"href":"https:\/\/gpl-love.com\/es\/wp-json\/wp\/v2\/product_brand?post=119182"},{"taxonomy":"product_cat","embeddable":true,"href":"https:\/\/gpl-love.com\/es\/wp-json\/wp\/v2\/product_cat?post=119182"},{"taxonomy":"product_tag","embeddable":true,"href":"https:\/\/gpl-love.com\/es\/wp-json\/wp\/v2\/product_tag?post=119182"}],"curies":[{"name":"wp","href":"https:\/\/api.w.org\/{rel}","templated":true}]}}