{"id":119114,"date":"2026-01-12T00:00:00","date_gmt":"2026-01-12T05:00:00","guid":{"rendered":"https:\/\/gpl-love.com\/es\/?post_type=product&#038;p=119114"},"modified":"2026-04-10T11:29:12","modified_gmt":"2026-04-10T16:29:12","slug":"tusant-secondline","status":"publish","type":"product","link":"https:\/\/gpl-love.com\/es\/producto\/tusant-secondline\/","title":{"rendered":"Tusant SecondLine 1.5.7"},"content":{"rendered":"<h3>Tusant SecondLine Caracteristicas<\/h3>\n<p>Tusant Secondline es una soluci\u00f3n de comunicaci\u00f3n excepcional, que permite a los usuarios integrar sin esfuerzo una l\u00ednea telef\u00f3nica complementaria en su dispositivo m\u00f3vil existente. Este producto innovador proporciona la conveniencia de segregar llamadas personales y profesionales, administrar eficientemente m\u00faltiples n\u00fameros de tel\u00e9fono desde un solo tel\u00e9fono inteligente y disfrutar de llamadas de voz y mensajes impecablemente claros. Tusant Secondline no solo ofrece estas caracter\u00edsticas fundamentales, sino que tambi\u00e9n presenta a los usuarios una variedad de funcionalidades avanzadas, incluido el correo de voz, el reenv\u00edo de llamadas y la capacidad de personalizar los saludos de correo de voz. Estas caracter\u00edsticas notables hacen que Tusant Secondline sea una soluci\u00f3n ideal para profesionales que requieren conectividad ininterrumpida con sus valiosos clientes y clientes, independientemente de su ubicaci\u00f3n. Con Tusant Secondline, los usuarios pueden deleitarse con la garant\u00eda de una herramienta confiable y sin problemas que otorga capacidades de comunicaci\u00f3n incomparables, todo sin la necesidad de un dispositivo o tarjeta SIM separada.<\/p>\n<ul>\n<li>Un servicio telef\u00f3nico simple y f\u00e1cil de usar que le permite agregar una segunda l\u00ednea telef\u00f3nica a su dispositivo.<\/li>\n<li>Proporciona una forma confiable y segura de mantener sus llamadas personales y comerciales separadas.<\/li>\n<li>Disponible para dispositivos iPhone y Android.<\/li>\n<li>No se requieren contratos, verificaciones de cr\u00e9dito o hardware adicional.<\/li>\n<li>Planes flexibles y asequibles adaptados a sus necesidades espec\u00edficas, comenzando en solo $ -99 por mes.<\/li>\n<li>Las caracter\u00edsticas incluyen espera de llamada, identificaci\u00f3n de llamadas, correo de voz y la capacidad de elegir su propio n\u00famero de tel\u00e9fono.<\/li>\n<li>Ofrece n\u00fameros locales e internacionales en m\u00e1s de 20 pa\u00edses.<\/li>\n<li>Le permite hacer y recibir llamadas desde cualquier parte del mundo con conexi\u00f3n a Internet.<\/li>\n<li>Compatible con la mayor\u00eda de los principales operadores y admite redes Wi-Fi y celulares.<\/li>\n<li>Proporciona atenci\u00f3n al cliente de primer nivel por tel\u00e9fono, correo electr\u00f3nico o chat en vivo.<\/li>\n<\/ul>\n","protected":false},"excerpt":{"rendered":"<p>La segunda l\u00ednea de la segunda l\u00ednea, que cuenta con una calidad excepcional, sirve como proveedor de l\u00edneas telef\u00f3nicas que otorga a los usuarios la capacidad de poseer una l\u00ednea telef\u00f3nica adicional en sus dispositivos m\u00f3viles. Este servicio demuestra ser ideal para personas como empresarios, teletrabajadores o cualquier persona que busque mantener una distinci\u00f3n clara entre sus comunicaciones personales y relacionadas con el trabajo, dada su inclusi\u00f3n de reenv\u00edo de llamadas, correo de voz y capacidades de mensajer\u00eda de texto. Adem\u00e1s, a los usuarios se les otorga la oportunidad de seleccionar de una extensa gama de n\u00fameros de tel\u00e9fono, al tiempo que pueden adaptar su configuraci\u00f3n para satisfacer sus requisitos espec\u00edficos. D\u00e9jate despedir con el inconveniente de llevar alrededor de dos tel\u00e9fonos y racionalizar tus medios de correspondencia con la notable segunda l\u00ednea.<\/p>\n","protected":false},"featured_media":167859,"comment_status":"open","ping_status":"open","template":"","meta":[],"product_brand":[2379],"product_cat":[1267,1237,1238],"product_tag":[2217],"class_list":{"0":"post-119114","1":"product","2":"type-product","3":"status-publish","4":"has-post-thumbnail","6":"product_brand-secondline","7":"product_cat-creativo","8":"product_cat-temas","9":"product_cat-wordpress-temas","10":"product_tag-secondline","11":"member-discount","12":"discount-restricted","14":"first","15":"instock","16":"sale","17":"downloadable","18":"virtual","19":"sold-individually","20":"purchasable","21":"product-type-simple"},"_links":{"self":[{"href":"https:\/\/gpl-love.com\/es\/wp-json\/wp\/v2\/product\/119114","targetHints":{"allow":["GET"]}}],"collection":[{"href":"https:\/\/gpl-love.com\/es\/wp-json\/wp\/v2\/product"}],"about":[{"href":"https:\/\/gpl-love.com\/es\/wp-json\/wp\/v2\/types\/product"}],"replies":[{"embeddable":true,"href":"https:\/\/gpl-love.com\/es\/wp-json\/wp\/v2\/comments?post=119114"}],"wp:featuredmedia":[{"embeddable":true,"href":"https:\/\/gpl-love.com\/es\/wp-json\/wp\/v2\/media\/167859"}],"wp:attachment":[{"href":"https:\/\/gpl-love.com\/es\/wp-json\/wp\/v2\/media?parent=119114"}],"wp:term":[{"taxonomy":"product_brand","embeddable":true,"href":"https:\/\/gpl-love.com\/es\/wp-json\/wp\/v2\/product_brand?post=119114"},{"taxonomy":"product_cat","embeddable":true,"href":"https:\/\/gpl-love.com\/es\/wp-json\/wp\/v2\/product_cat?post=119114"},{"taxonomy":"product_tag","embeddable":true,"href":"https:\/\/gpl-love.com\/es\/wp-json\/wp\/v2\/product_tag?post=119114"}],"curies":[{"name":"wp","href":"https:\/\/api.w.org\/{rel}","templated":true}]}}